{"id":16891,"date":"2026-04-20T03:15:32","date_gmt":"2026-04-20T00:15:32","guid":{"rendered":"https:\/\/kasskoer.ee\/product\/record-sooginou-linea-con-amore-o-15cm-021l-2\/"},"modified":"2026-04-20T03:15:34","modified_gmt":"2026-04-20T00:15:34","slug":"record-sooginou-linea-con-amore-o-15cm-021l","status":"publish","type":"product","link":"https:\/\/kasskoer.ee\/en\/toode\/record-sooginou-linea-con-amore-o-15cm-021l\/","title":{"rendered":"Record s\u00f6\u00f6gin\u00f5u Linea Con Amore \u00f8 15cm &#8211; 0,21L"},"content":{"rendered":"<p>M\u00f5\u00f5dud:&nbsp;\u00f8&nbsp;15 cm x 3 cm k\u00f5rgus.<br \/> Mahutavus: 210ml.<br \/> Materjal: Plastik.<\/p>\n<p> T\u00e4ites kausil oleva lisa\u00e4\u00e4re veega, v\u00e4listab see sipelgate jms ligip\u00e4\u00e4su sinu lemmiku toidule.<\/p>\n<p> Kausil libisemisvastane p\u00f5hi.<br \/> N\u00f5udemasinas pestav.<\/p>\n","protected":false},"excerpt":{"rendered":"<p>Linea Con Amore kvaliteetne plastikust s\u00f6\u00f6gin\u00f5u lemmikloomale.<\/p>\n","protected":false},"featured_media":6479,"template":"","meta":[],"product_cat":[1319],"product_tag":[],"class_list":{"0":"post-16891","1":"product","2":"type-product","3":"status-publish","4":"has-post-thumbnail","6":"product_cat-koerte-sooginoud","7":"pa_brand-record","8":"pa_ean-446","9":"pa_kaal-0-080","10":"pa_tootjariik-itaalia","12":"first","13":"instock","14":"taxable","15":"shipping-taxable","16":"purchasable","17":"product-type-simple"},"_links":{"self":[{"href":"https:\/\/kasskoer.ee\/en\/wp-json\/wp\/v2\/product\/16891","targetHints":{"allow":["GET"]}}],"collection":[{"href":"https:\/\/kasskoer.ee\/en\/wp-json\/wp\/v2\/product"}],"about":[{"href":"https:\/\/kasskoer.ee\/en\/wp-json\/wp\/v2\/types\/product"}],"wp:featuredmedia":[{"embeddable":true,"href":"https:\/\/kasskoer.ee\/en\/wp-json\/wp\/v2\/media\/6479"}],"wp:attachment":[{"href":"https:\/\/kasskoer.ee\/en\/wp-json\/wp\/v2\/media?parent=16891"}],"wp:term":[{"taxonomy":"product_cat","embeddable":true,"href":"https:\/\/kasskoer.ee\/en\/wp-json\/wp\/v2\/product_cat?post=16891"},{"taxonomy":"product_tag","embeddable":true,"href":"https:\/\/kasskoer.ee\/en\/wp-json\/wp\/v2\/product_tag?post=16891"}],"curies":[{"name":"wp","href":"https:\/\/api.w.org\/{rel}","templated":true}]}}