{"id":16901,"date":"2026-04-20T03:15:32","date_gmt":"2026-04-20T00:15:32","guid":{"rendered":"https:\/\/kasskoer.ee\/product\/brit-premium-salmon-fillets-in-jelly-margtoit-kassidele-85g-2\/"},"modified":"2026-04-20T03:15:34","modified_gmt":"2026-04-20T00:15:34","slug":"brit-premium-salmon-fillets-in-jelly-margtoit-kassidele-85g","status":"publish","type":"product","link":"https:\/\/kasskoer.ee\/en\/toode\/brit-premium-salmon-fillets-in-jelly-margtoit-kassidele-85g\/","title":{"rendered":"Brit Premium Salmon Fillets in Jelly m\u00e4rgtoit kassidele 85g"},"content":{"rendered":"<p><strong>Brit Premium m\u00e4rgtoit kassidele l\u00f5hefilee tarrendis 85g<\/strong> <\/p>\n<ul>\n<li>Suurep\u00e4rane asendus kuivtoidule<\/li>\n<\/ul>\n<p> <strong>Toiduklass<\/strong><br \/> Premium<\/p>\n<p> <strong>Koostis <\/strong><br \/> 74% liha ja loomsed saadused, kala ja kalatooted (8%), taimsed saadused (inuliin 0,4%), mineraalained. Ilma v\u00e4rvaineteta ja konservantideta.<\/p>\n<p> <strong>Anal\u00fc\u00fctilised koostisosad <\/strong><br \/> Toorvalk 8,5%, toor\u00f5lid ja rasvad 4,5%, toortuhk 2,0%, toorkiud 0,3% , niiskus 82%.<\/p>\n<p> <strong>Toitainelised lisandid 1kg <\/strong><br \/> Vitamiin D3 250 IU, vitamiin E (a-tokoferool) (3a700) 100 mg, tsink (3b606) 10 mg, magneesium (E5) 2 mg, jood (3b201) 0,7 mg, vask (E4) 0,2 mg, tauriin (3a370) 450 mg, biotiin 0,1mg.<\/p>\n<p> <strong>Toitmisteave<\/strong><br \/> Serveerige toit toatemperatuuril. Avatuna hoida k\u00fclmkapis. Veenduge, et teie lemmikloomal on alati v\u00e4rske joogivesi.<\/p>\n","protected":false},"excerpt":{"rendered":"<p>Brit Premium l\u00f5hefileega einekotike kassidele.<\/p>\n","protected":false},"featured_media":17660,"template":"","meta":[],"product_cat":[689,33],"product_tag":[],"class_list":{"0":"post-16901","1":"product","2":"type-product","3":"status-publish","4":"has-post-thumbnail","6":"product_cat-kassid","7":"product_cat-konservid-kassidele","8":"pa_brand-brit-premium","9":"pa_ean-3005","10":"pa_kaal-0-085","11":"pa_tootjariik-tsehhi","13":"first","14":"instock","15":"sale","16":"taxable","17":"shipping-taxable","18":"purchasable","19":"product-type-simple"},"_links":{"self":[{"href":"https:\/\/kasskoer.ee\/en\/wp-json\/wp\/v2\/product\/16901","targetHints":{"allow":["GET"]}}],"collection":[{"href":"https:\/\/kasskoer.ee\/en\/wp-json\/wp\/v2\/product"}],"about":[{"href":"https:\/\/kasskoer.ee\/en\/wp-json\/wp\/v2\/types\/product"}],"wp:featuredmedia":[{"embeddable":true,"href":"https:\/\/kasskoer.ee\/en\/wp-json\/wp\/v2\/media\/17660"}],"wp:attachment":[{"href":"https:\/\/kasskoer.ee\/en\/wp-json\/wp\/v2\/media?parent=16901"}],"wp:term":[{"taxonomy":"product_cat","embeddable":true,"href":"https:\/\/kasskoer.ee\/en\/wp-json\/wp\/v2\/product_cat?post=16901"},{"taxonomy":"product_tag","embeddable":true,"href":"https:\/\/kasskoer.ee\/en\/wp-json\/wp\/v2\/product_tag?post=16901"}],"curies":[{"name":"wp","href":"https:\/\/api.w.org\/{rel}","templated":true}]}}