{"id":16905,"date":"2026-04-20T03:15:32","date_gmt":"2026-04-20T00:15:32","guid":{"rendered":"https:\/\/kasskoer.ee\/product\/brit-premium-tuna-fillets-in-gravy-margtoit-kassidele-85g-2\/"},"modified":"2026-04-20T03:15:34","modified_gmt":"2026-04-20T00:15:34","slug":"brit-premium-delicate-tuna-fillets-in-gravy-margtoit-kassidele-85g","status":"publish","type":"product","link":"https:\/\/kasskoer.ee\/en\/toode\/brit-premium-delicate-tuna-fillets-in-gravy-margtoit-kassidele-85g\/","title":{"rendered":"Brit Premium Delicate Tuna Fillets in Gravy m\u00e4rgtoit kassidele 85g"},"content":{"rendered":"<p><b>Brit Premium m\u00e4rg-t\u00e4iss\u00f6\u00f6t kassidele tuunikalafileega kastmes.<\/b>&#13;<\/p>\n<li>Suurep\u00e4rane asendus kuivtoidule.<\/li>\n<p>&#13;<\/p>\n<li>Ei sisalda soja ega GMO-sid.<\/li>\n<p>&#13;<br \/>\n<br \/>&#13;<br \/>\n<b>Koostis<\/b><br \/>&#13;<br \/>\n74% liha ja loomset p\u00e4ritolu saadused fileedena, kala ja kalasaadused (8% tuunikala fileedena), taimset p\u00e4ritolu k\u00f5rvalsaadused (0,4% inuliin), mineraalid.<br \/>&#13;<br \/>\n<br \/>&#13;<br \/>\n<b>Anal\u00fc\u00fctilised koostisosad<\/b><br \/>&#13;<br \/>\nToorvalk 7.5%, toor\u00f5lid ja rasvad 4.5%, toortuhk 1.5%, toorkiud 0.5% , niiskus 82%, kaltsium 0.2%, fosfor 0.15%, naatrium 0.3%.<br \/>&#13;<br \/>\n<br \/>&#13;<br \/>\n<b>S\u00f6\u00f6dalisandid<\/b><br \/>&#13;<br \/>\nD3-vitamiin (3a671) 100 R\u00dc, E-vitamiin (3a700) 50 mg, B1-vitamiin (3a821) 0.3 mg, biotiin (3a880) 0.15 mg, tsink (3b612) 3.5 mg, mangaan (3b505) 0.7 mg, kaaliumjodiid (3b201) 0.15 mg, raud (3b107) 2.4 mg, vask (3b407) 0.5 mg, tauriin (3a370) 280 mg.<br \/>&#13;<br \/>\n<br \/>&#13;<br \/>\n<b>Toitmisteave<\/b><br \/>&#13;<br \/>\nServeerida toit toatemperatuuril. Avatuna s\u00e4ilitada k\u00fclmkapis ja kasutada \u00e4ra 3 p\u00e4eva jooksul. Veenduge, et teie lemmikloomal on alati v\u00e4rske joogivesi.<\/p>\n","protected":false},"excerpt":{"rendered":"<p>Brit Premium tuunikalafileega einekotike kassidele.<\/p>\n","protected":false},"featured_media":17367,"template":"","meta":[],"product_cat":[689,33],"product_tag":[],"class_list":{"0":"post-16905","1":"product","2":"type-product","3":"status-publish","4":"has-post-thumbnail","6":"product_cat-kassid","7":"product_cat-konservid-kassidele","8":"pa_brand-brit-premium","9":"pa_ean-2843","10":"pa_kaal-0-085","11":"pa_tootjariik-tsehhi","13":"first","14":"instock","15":"taxable","16":"shipping-taxable","17":"purchasable","18":"product-type-simple"},"_links":{"self":[{"href":"https:\/\/kasskoer.ee\/en\/wp-json\/wp\/v2\/product\/16905","targetHints":{"allow":["GET"]}}],"collection":[{"href":"https:\/\/kasskoer.ee\/en\/wp-json\/wp\/v2\/product"}],"about":[{"href":"https:\/\/kasskoer.ee\/en\/wp-json\/wp\/v2\/types\/product"}],"wp:featuredmedia":[{"embeddable":true,"href":"https:\/\/kasskoer.ee\/en\/wp-json\/wp\/v2\/media\/17367"}],"wp:attachment":[{"href":"https:\/\/kasskoer.ee\/en\/wp-json\/wp\/v2\/media?parent=16905"}],"wp:term":[{"taxonomy":"product_cat","embeddable":true,"href":"https:\/\/kasskoer.ee\/en\/wp-json\/wp\/v2\/product_cat?post=16905"},{"taxonomy":"product_tag","embeddable":true,"href":"https:\/\/kasskoer.ee\/en\/wp-json\/wp\/v2\/product_tag?post=16905"}],"curies":[{"name":"wp","href":"https:\/\/api.w.org\/{rel}","templated":true}]}}