{"id":16906,"date":"2026-04-20T03:15:32","date_gmt":"2026-04-20T00:15:32","guid":{"rendered":"https:\/\/kasskoer.ee\/product\/brit-premium-chicken-fillets-in-gravy-margtoit-kassipoegadele-85g-2\/"},"modified":"2026-04-20T03:15:34","modified_gmt":"2026-04-20T00:15:34","slug":"brit-premium-chicken-fillets-in-gravy-margtoit-kassipoegadele-85g","status":"publish","type":"product","link":"https:\/\/kasskoer.ee\/en\/toode\/brit-premium-chicken-fillets-in-gravy-margtoit-kassipoegadele-85g\/","title":{"rendered":"Brit Premium Chicken Fillets in Gravy m\u00e4rgtoit kassipoegadele 85g"},"content":{"rendered":"<p>Kassipoegadele m\u00f5eldud t\u00fckid kanalihaga kastmes. Premium m\u00e4rg-t\u00e4iss\u00f6\u00f6t kassipoegadele.<\/p>\n<ul>\n<li>M\u00f5nusad v\u00e4ikesed fileet\u00fckid.<\/li>\n<li>Fileet\u00fckid on suure lihasisaldusega.<\/li>\n<li>S\u00e4\u00e4stev aurutamismeetod.<\/li>\n<li>Sisaldab vitamiine ja mineraalaineid.<\/li>\n<li>Ei sisalda kunstlikke l\u00f5hna- ja maitseaineid.<\/li>\n<li>Ei sisalda s\u00e4ilitusaineid.<\/li>\n<\/ul>\n<p><strong>Koostis&nbsp;<\/strong><br \/> Liha ja loomsed k\u00f5rvalsaadused fileet\u00fckkidena 82% (kana 8%), taimsed valguekstraktid, taimsed k\u00f5rvalsaadused (inuliin 0,4%), mineraalained, suhkrud.<\/p>\n<p> <strong>Anal\u00fc\u00fctilised koostisosad<\/strong><br \/> Toorvalk 9,5%, toorrasv 6,0%, toortuhk 1,7%, toorkiud 0,3% , niiskus 82%.<\/p>\n<p> <strong>Toitainelised lisandid 1kg kohta<\/strong><br \/> D3-vitamiin (E671) 250 R\u00dc, E-vitamiin (\u03b1-tokoferool) (3a700) 100\u2009mg, tsink (3b606) 10\u2009mg, mangaan (E5) 2\u2009mg, jood (3b201) 0,7\u2009mg, vask (E4) 0,2\u2009mg, tauriin (3a370) 450\u2009mg, biotiin 0,1\u2009mg.<\/p>\n<p> <strong>Toitmisteave&nbsp;<\/strong><br \/> Serveerige toit toatemperatuuril. Avatuna hoida k\u00fclmkapis. Veenduge, et teie lemmikloomal on alati v\u00e4rske joogivesi. &nbsp;<\/p>\n","protected":false},"excerpt":{"rendered":"<p>Brit Premium kanafileega einekotike kassipoegadele.<\/p>\n","protected":false},"featured_media":18590,"template":"","meta":[],"product_cat":[689,33],"product_tag":[],"class_list":{"0":"post-16906","1":"product","2":"type-product","3":"status-publish","4":"has-post-thumbnail","6":"product_cat-kassid","7":"product_cat-konservid-kassidele","8":"pa_brand-brit-premium","9":"pa_ean-3302","10":"pa_kaal-0-085","11":"pa_tootjariik-tsehhi","13":"first","14":"instock","15":"taxable","16":"shipping-taxable","17":"purchasable","18":"product-type-simple"},"_links":{"self":[{"href":"https:\/\/kasskoer.ee\/en\/wp-json\/wp\/v2\/product\/16906","targetHints":{"allow":["GET"]}}],"collection":[{"href":"https:\/\/kasskoer.ee\/en\/wp-json\/wp\/v2\/product"}],"about":[{"href":"https:\/\/kasskoer.ee\/en\/wp-json\/wp\/v2\/types\/product"}],"wp:featuredmedia":[{"embeddable":true,"href":"https:\/\/kasskoer.ee\/en\/wp-json\/wp\/v2\/media\/18590"}],"wp:attachment":[{"href":"https:\/\/kasskoer.ee\/en\/wp-json\/wp\/v2\/media?parent=16906"}],"wp:term":[{"taxonomy":"product_cat","embeddable":true,"href":"https:\/\/kasskoer.ee\/en\/wp-json\/wp\/v2\/product_cat?post=16906"},{"taxonomy":"product_tag","embeddable":true,"href":"https:\/\/kasskoer.ee\/en\/wp-json\/wp\/v2\/product_tag?post=16906"}],"curies":[{"name":"wp","href":"https:\/\/api.w.org\/{rel}","templated":true}]}}