{"id":16908,"date":"2026-04-20T03:15:32","date_gmt":"2026-04-20T00:15:32","guid":{"rendered":"https:\/\/kasskoer.ee\/product\/carnilove-venison-reindeer-konserv-koertele-400g-2\/"},"modified":"2026-04-20T03:15:35","modified_gmt":"2026-04-20T00:15:35","slug":"carnilove-venison-reindeer-konserv-koertele-400g","status":"publish","type":"product","link":"https:\/\/kasskoer.ee\/en\/toode\/carnilove-venison-reindeer-konserv-koertele-400g\/","title":{"rendered":"Carnilove Venison &#038; Reindeer konserv koertele 400g"},"content":{"rendered":"<p><b>Carnilove teraviljavaba t\u00e4iss\u00f6\u00f6t konserv t\u00e4iskasvanud koertele p\u00f5hjap\u00f5dra ja hirvelihaga.<\/b>&#13;<\/p>\n<li>P\u00f5hjap\u00f5dralihal on m\u00f5ningaid ainulaadseid omadusi &#8211; see on \u00fcks parimaid seeduvate valkude allikaid ning sisaldab soodsat aminohappelist koostist.<\/li>\n<p>&#13;<\/p>\n<li>Kuna p\u00f5hjap\u00f5drad toituvad metsmarjadest, sisaldab nende liha \u00e4\u00e4rmiselt palju antioks\u00fcdante.<\/li>\n<p>&#13;<\/p>\n<li>Rasva sisaldab see v\u00e4he, ent tegemist on k\u00fcllastumata ja v\u00e4ga tervisliku rasvaga. P\u00f5hjap\u00f5draliha oomega-3 k\u00fcllastumata rasvhapete sisaldus sarnaneb kala omale.<\/li>\n<p>&#13;<br \/>\n<br \/>&#13;<br \/>\n<b>Koostis<\/b><br \/>&#13;<br \/>\nHirv (47%), p\u00f5hjap\u00f5der (20%), mustikad (2%), j\u00f5hvikad (2%), vaarikad (2%), hernejahu (2%), lignotselluloos (1%), l\u00f5he\u00f5li (0,5%).<br \/>&#13;<br \/>\n<br \/>&#13;<br \/>\n<b>Anal\u00fc\u00fctilised koostisosad<\/b><br \/>&#13;<br \/>\nToorvalk 10,0 %, toorrasv 8,0 %, niiskus 78,0 %, toortuhk 2,3 %, toorkiud 0,4 %, kaltsium 0,2 %, fosfor 0,25 %, naatrium 0,3 %.<br \/>&#13;<br \/>\n<br \/>&#13;<br \/>\n<b>S\u00f6\u00f6dalisandid (1 kg kohta)<\/b><br \/>&#13;<br \/>\nToitainelised lisandid: D3-vitamiin (3a671) 250 R\u00dc, E-vitamiin (3a700) 150 mg, biotiin (3a880) 0,5 mg, vask (3b406) 4 mg, raud (3b106) 10 mg, jood (3b201) 0,75 mg, mangaan (3b504) 3 mg, tsink (3b606) 15 mg, tauriin (3a370) 1 000 mg. Tehnoloogilised lisandid: jaanileivapuujahu (E410) 5000 mg.<br \/>&#13;<br \/>\n<br \/>&#13;<br \/>\n<b>Metaboliseeruv energia<\/b><br \/>&#13;<br \/>\n1160 kcal\/kg<\/p>\n","protected":false},"excerpt":{"rendered":"<p>Konserv koertele hirve ja p\u00f5hjap\u00f5draga.<\/p>\n","protected":false},"featured_media":6494,"template":"","meta":[],"product_cat":[688,106],"product_tag":[],"class_list":{"0":"post-16908","1":"product","2":"type-product","3":"status-publish","4":"has-post-thumbnail","6":"product_cat-koerad","7":"product_cat-konservid-koertele","8":"pa_brand-carnilove","9":"pa_ean-304","10":"pa_kaal-0-400","11":"pa_tootjariik-tsehhi","13":"first","14":"instock","15":"taxable","16":"shipping-taxable","17":"purchasable","18":"product-type-simple"},"_links":{"self":[{"href":"https:\/\/kasskoer.ee\/en\/wp-json\/wp\/v2\/product\/16908","targetHints":{"allow":["GET"]}}],"collection":[{"href":"https:\/\/kasskoer.ee\/en\/wp-json\/wp\/v2\/product"}],"about":[{"href":"https:\/\/kasskoer.ee\/en\/wp-json\/wp\/v2\/types\/product"}],"wp:featuredmedia":[{"embeddable":true,"href":"https:\/\/kasskoer.ee\/en\/wp-json\/wp\/v2\/media\/6494"}],"wp:attachment":[{"href":"https:\/\/kasskoer.ee\/en\/wp-json\/wp\/v2\/media?parent=16908"}],"wp:term":[{"taxonomy":"product_cat","embeddable":true,"href":"https:\/\/kasskoer.ee\/en\/wp-json\/wp\/v2\/product_cat?post=16908"},{"taxonomy":"product_tag","embeddable":true,"href":"https:\/\/kasskoer.ee\/en\/wp-json\/wp\/v2\/product_tag?post=16908"}],"curies":[{"name":"wp","href":"https:\/\/api.w.org\/{rel}","templated":true}]}}