{"id":16909,"date":"2026-04-20T03:15:32","date_gmt":"2026-04-20T00:15:32","guid":{"rendered":"https:\/\/kasskoer.ee\/product\/cat-rina-sulgedega-manguasi-kassile-55cm-4\/"},"modified":"2026-04-20T03:15:35","modified_gmt":"2026-04-20T00:15:35","slug":"cat-rina-sulgedega-manguasi-kassile-55cm-2","status":"publish","type":"product","link":"https:\/\/kasskoer.ee\/en\/toode\/cat-rina-sulgedega-manguasi-kassile-55cm-2\/","title":{"rendered":"Cat &#038; Rina sulgedega m\u00e4nguasi kassile 55cm"},"content":{"rendered":"<p>Cat&amp;Rina&nbsp;sulekestega kassi m\u00e4nguasi, mis pakub palju m\u00e4ngulusti nii omanikule kui kassile.<\/p>\n","protected":false},"excerpt":{"rendered":"<p>Cat&#038;Rina sulgedega m\u00e4nguasi kassile.<\/p>\n","protected":false},"featured_media":6495,"template":"","meta":[],"product_cat":[1321],"product_tag":[],"class_list":{"0":"post-16909","1":"product","2":"type-product","3":"status-publish","4":"has-post-thumbnail","6":"product_cat-kasside-manguasjad","7":"pa_brand-catrina","8":"pa_ean-508","9":"pa_kaal-0-220","10":"pa_tootjariik-itaalia","12":"first","13":"instock","14":"taxable","15":"shipping-taxable","16":"purchasable","17":"product-type-simple"},"_links":{"self":[{"href":"https:\/\/kasskoer.ee\/en\/wp-json\/wp\/v2\/product\/16909","targetHints":{"allow":["GET"]}}],"collection":[{"href":"https:\/\/kasskoer.ee\/en\/wp-json\/wp\/v2\/product"}],"about":[{"href":"https:\/\/kasskoer.ee\/en\/wp-json\/wp\/v2\/types\/product"}],"wp:featuredmedia":[{"embeddable":true,"href":"https:\/\/kasskoer.ee\/en\/wp-json\/wp\/v2\/media\/6495"}],"wp:attachment":[{"href":"https:\/\/kasskoer.ee\/en\/wp-json\/wp\/v2\/media?parent=16909"}],"wp:term":[{"taxonomy":"product_cat","embeddable":true,"href":"https:\/\/kasskoer.ee\/en\/wp-json\/wp\/v2\/product_cat?post=16909"},{"taxonomy":"product_tag","embeddable":true,"href":"https:\/\/kasskoer.ee\/en\/wp-json\/wp\/v2\/product_tag?post=16909"}],"curies":[{"name":"wp","href":"https:\/\/api.w.org\/{rel}","templated":true}]}}