{"id":16916,"date":"2026-04-20T03:15:32","date_gmt":"2026-04-20T00:15:32","guid":{"rendered":"https:\/\/kasskoer.ee\/product\/aatas-cat-tantalizing-tuna-surimi-konserv-kassile-80g-2\/"},"modified":"2026-04-20T03:15:35","modified_gmt":"2026-04-20T00:15:35","slug":"aatas-cat-tantalizing-tuna-surimi-konserv-kassile-80g","status":"publish","type":"product","link":"https:\/\/kasskoer.ee\/en\/toode\/aatas-cat-tantalizing-tuna-surimi-konserv-kassile-80g\/","title":{"rendered":"Aatas Cat Tantalizing Tuna &#038; Surimi konserv kassile 80g"},"content":{"rendered":"<p style=\"margin-left:0in;\"><strong>Hea maitsega konserv&nbsp;t\u00e4iskasvanud kassidele, mis on valmistatud tuunikalast ja krabipulkadest.<\/strong><\/p>\n<ul>\n<li>Naturaalne liha<\/li>\n<li>V\u00e4he rasva ja kaloreid<\/li>\n<li>Sobib ka k\u00f5ige n\u00f5udlikumale kassile<\/li>\n<li>Ei sisalda teravilja<\/li>\n<li>Ilma konservantideta<\/li>\n<li>GMO vaba<\/li>\n<\/ul>\n<p style=\"margin-left:0in;\"><strong>Koostis<\/strong><\/p>\n<p style=\"margin-left:0in;\">Tuunikala puljong, tuunikala, krabipulgad, paksendajad.<\/p>\n<p> <span style=\"color:rgb(33,33,33);\"><strong>Metaboliseeruv energia<\/strong><\/span><\/p>\n<p style=\"margin-left:0in;\">480,0 kcal\/kg; 38,4 kcal\/pakendis.<\/p>\n<p> <strong>Anal\u00fc\u00fctilised koostisosad<\/strong><\/p>\n<p style=\"margin-left:0in;\">Toorvalk (min) 11,50%, toorrasv (min) 0,60%, toorkiud (maks) 0,20%, niiskus&nbsp;(maks) 86,0%, toortuhk (maks) 1,50%.<\/p>\n<p> <span style=\"color:rgb(33,33,33);\"><strong>P\u00e4evane soovituslik kogus<\/strong><\/span><\/p>\n<figure class=\"table\">\n<table>\n<tbody>\n<tr>\n<td>\n<p style=\"text-align:center;\">Kassi kaal<\/p>\n<\/td>\n<td>\n<p style=\"text-align:center;\">g\/p\u00e4evas<\/p>\n<\/td>\n<\/tr>\n<tr>\n<td>1-3kg<\/td>\n<td>200-440g<\/td>\n<\/tr>\n<tr>\n<td>3-5kg<\/td>\n<td>440-620g<\/td>\n<\/tr>\n<tr>\n<td>5-7kg<\/td>\n<td>620-779g<\/td>\n<\/tr>\n<tr>\n<td>7-9kg<\/td>\n<td>779-919g<\/td>\n<\/tr>\n<\/tbody>\n<\/table>\n<\/figure>\n","protected":false},"excerpt":{"rendered":"<p>Aatas cat t\u00e4iuslik segu ahvatlevast loodusest p\u00fc\u00fctud tuunikalast ja mahlakast surimist, keedetud ja hautatud maitsvas tarrendis.<\/p>\n","protected":false},"featured_media":6497,"template":"","meta":[],"product_cat":[689,33],"product_tag":[],"class_list":{"0":"post-16916","1":"product","2":"type-product","3":"status-publish","4":"has-post-thumbnail","6":"product_cat-kassid","7":"product_cat-konservid-kassidele","8":"pa_brand-aatas-cat","9":"pa_ean-41","10":"pa_kaal-0-080","11":"pa_tootjariik-singapur","13":"first","14":"instock","15":"taxable","16":"shipping-taxable","17":"purchasable","18":"product-type-simple"},"_links":{"self":[{"href":"https:\/\/kasskoer.ee\/en\/wp-json\/wp\/v2\/product\/16916","targetHints":{"allow":["GET"]}}],"collection":[{"href":"https:\/\/kasskoer.ee\/en\/wp-json\/wp\/v2\/product"}],"about":[{"href":"https:\/\/kasskoer.ee\/en\/wp-json\/wp\/v2\/types\/product"}],"wp:featuredmedia":[{"embeddable":true,"href":"https:\/\/kasskoer.ee\/en\/wp-json\/wp\/v2\/media\/6497"}],"wp:attachment":[{"href":"https:\/\/kasskoer.ee\/en\/wp-json\/wp\/v2\/media?parent=16916"}],"wp:term":[{"taxonomy":"product_cat","embeddable":true,"href":"https:\/\/kasskoer.ee\/en\/wp-json\/wp\/v2\/product_cat?post=16916"},{"taxonomy":"product_tag","embeddable":true,"href":"https:\/\/kasskoer.ee\/en\/wp-json\/wp\/v2\/product_tag?post=16916"}],"curies":[{"name":"wp","href":"https:\/\/api.w.org\/{rel}","templated":true}]}}