{"id":16922,"date":"2026-04-20T03:15:32","date_gmt":"2026-04-20T00:15:32","guid":{"rendered":"https:\/\/kasskoer.ee\/product\/aatas-cat-creamy-chicken-sardine-konserv-kassile-80g-2\/"},"modified":"2026-04-20T03:15:35","modified_gmt":"2026-04-20T00:15:35","slug":"aatas-cat-creamy-chicken-sardine-konserv-kassile-80g","status":"publish","type":"product","link":"https:\/\/kasskoer.ee\/en\/toode\/aatas-cat-creamy-chicken-sardine-konserv-kassile-80g\/","title":{"rendered":"Aatas Cat Creamy Chicken &#038; Sardine konserv kassile 80g"},"content":{"rendered":"<p style=\"margin-left:0in;\"><strong>T\u00e4iuslikult maitsev, t\u00e4is niiske toit kassidele &#8211; kana ja loodusest p\u00fc\u00fctud kalaga.<\/strong><\/p>\n<ul>\n<li>Naturaalne liha<\/li>\n<li>V\u00e4he rasva ja kaloreid<\/li>\n<li>Sobib ka k\u00f5ige n\u00f5udlikumale kassile<\/li>\n<li>Ei sisalda teravilja<\/li>\n<li>Ilma konservantideta<\/li>\n<li>GMO vaba<\/li>\n<\/ul>\n<p style=\"margin-left:0in;\"><strong>Koostis<\/strong><\/p>\n<p style=\"margin-left:0in;\">Kanapuljong, kana, sardiinid,&nbsp;paksendajad.<\/p>\n<p> <span style=\"color:rgb(33,33,33);\"><strong>Metaboliseeruv energia<\/strong><\/span><\/p>\n<p style=\"margin-left:0in;\">500,0 kcal\/kg; 40,0 kcal\/pakendis.<\/p>\n<p> <strong>Anal\u00fc\u00fctilised koostisosad<\/strong>:&nbsp;<\/p>\n<p style=\"margin-left:0in;\">Toorvalk (min) 11,50%, toorrasv (min) 0,60%, toorkiud (maks) 0,20%, niiskus&nbsp;(maks) 85,0%, toortuhk (maks) 0,40%.<\/p>\n<p> <span style=\"color:rgb(33,33,33);\"><strong>P\u00e4evane soovituslik kogus<\/strong><\/span><\/p>\n<figure class=\"table\">\n<table>\n<tbody>\n<tr>\n<td>\n<p style=\"text-align:center;\">Kassi kaal<\/p>\n<\/td>\n<td>\n<p style=\"text-align:center;\">g\/p\u00e4evas<\/p>\n<\/td>\n<\/tr>\n<tr>\n<td>1-3kg<\/td>\n<td>200-420g<\/td>\n<\/tr>\n<tr>\n<td>3-5kg<\/td>\n<td>420-580g<\/td>\n<\/tr>\n<tr>\n<td>5-7kg<\/td>\n<td>580-739g<\/td>\n<\/tr>\n<tr>\n<td>7-9kg<\/td>\n<td>739-879g<\/td>\n<\/tr>\n<\/tbody>\n<\/table>\n<\/figure>\n","protected":false},"excerpt":{"rendered":"<p>Aatas cat t\u00e4iuslik segu kreemjast vabalt peetavast kanast ja loodusest p\u00fc\u00fctud sardiinist, keedetud ja hautatud maitsvas kastmes.<\/p>\n","protected":false},"featured_media":6503,"template":"","meta":[],"product_cat":[689,33],"product_tag":[],"class_list":{"0":"post-16922","1":"product","2":"type-product","3":"status-publish","4":"has-post-thumbnail","6":"product_cat-kassid","7":"product_cat-konservid-kassidele","8":"pa_brand-aatas-cat","9":"pa_ean-35","10":"pa_kaal-0-080","11":"pa_tootjariik-singapur","13":"first","14":"instock","15":"taxable","16":"shipping-taxable","17":"purchasable","18":"product-type-simple"},"_links":{"self":[{"href":"https:\/\/kasskoer.ee\/en\/wp-json\/wp\/v2\/product\/16922","targetHints":{"allow":["GET"]}}],"collection":[{"href":"https:\/\/kasskoer.ee\/en\/wp-json\/wp\/v2\/product"}],"about":[{"href":"https:\/\/kasskoer.ee\/en\/wp-json\/wp\/v2\/types\/product"}],"wp:featuredmedia":[{"embeddable":true,"href":"https:\/\/kasskoer.ee\/en\/wp-json\/wp\/v2\/media\/6503"}],"wp:attachment":[{"href":"https:\/\/kasskoer.ee\/en\/wp-json\/wp\/v2\/media?parent=16922"}],"wp:term":[{"taxonomy":"product_cat","embeddable":true,"href":"https:\/\/kasskoer.ee\/en\/wp-json\/wp\/v2\/product_cat?post=16922"},{"taxonomy":"product_tag","embeddable":true,"href":"https:\/\/kasskoer.ee\/en\/wp-json\/wp\/v2\/product_tag?post=16922"}],"curies":[{"name":"wp","href":"https:\/\/api.w.org\/{rel}","templated":true}]}}