{"id":16929,"date":"2026-04-20T03:15:36","date_gmt":"2026-04-20T00:15:36","guid":{"rendered":"https:\/\/kasskoer.ee\/product\/cazo-outdoor-bed-maxy-beez-pesa-koertele-120x90cm-2\/"},"modified":"2026-04-20T03:15:36","modified_gmt":"2026-04-20T00:15:36","slug":"cazo-outdoor-bed-maxy-beez-pesa-koertele-120x90cm","status":"publish","type":"product","link":"https:\/\/kasskoer.ee\/en\/toode\/cazo-outdoor-bed-maxy-beez-pesa-koertele-120x90cm\/","title":{"rendered":"Cazo Outdoor Bed Maxy bee\u017e pesa koertele 120x90cm"},"content":{"rendered":"<p>Cazo Outdoor pesa kollektsioon on v\u00e4lja t\u00f6\u00f6tatud vastu pidama ka v\u00e4liskeskkondades kasutamiseks. Spetsiaalne Kodura materjal on ilmastikukindel ja v\u00e4ga vastupidav.<br \/> Pesal on praktiline lihtsasti eemaldatav kate, mida v\u00f5ib pesumasinas pesta. Lihtne hooldus aitab hoida pesa kogu aeg puhtana.<\/p>\n<p> Pesa suurus: 120x90cm.<\/p>\n","protected":false},"excerpt":{"rendered":"<p>Cazo Explorer bee\u017ei v\u00e4rvi pesa koertele.<\/p>\n","protected":false},"featured_media":6511,"template":"","meta":[],"product_cat":[692,456],"product_tag":[],"class_list":{"0":"post-16929","1":"product","2":"type-product","3":"status-publish","4":"has-post-thumbnail","6":"product_cat-lemmikutele-lisaks","7":"product_cat-pesad-ja-asemed","8":"pa_brand-cazo","9":"pa_ean-471","10":"pa_kaal-3-500","11":"pa_tootjariik-poola","13":"first","14":"instock","15":"taxable","16":"shipping-taxable","17":"purchasable","18":"product-type-simple"},"_links":{"self":[{"href":"https:\/\/kasskoer.ee\/en\/wp-json\/wp\/v2\/product\/16929","targetHints":{"allow":["GET"]}}],"collection":[{"href":"https:\/\/kasskoer.ee\/en\/wp-json\/wp\/v2\/product"}],"about":[{"href":"https:\/\/kasskoer.ee\/en\/wp-json\/wp\/v2\/types\/product"}],"wp:featuredmedia":[{"embeddable":true,"href":"https:\/\/kasskoer.ee\/en\/wp-json\/wp\/v2\/media\/6511"}],"wp:attachment":[{"href":"https:\/\/kasskoer.ee\/en\/wp-json\/wp\/v2\/media?parent=16929"}],"wp:term":[{"taxonomy":"product_cat","embeddable":true,"href":"https:\/\/kasskoer.ee\/en\/wp-json\/wp\/v2\/product_cat?post=16929"},{"taxonomy":"product_tag","embeddable":true,"href":"https:\/\/kasskoer.ee\/en\/wp-json\/wp\/v2\/product_tag?post=16929"}],"curies":[{"name":"wp","href":"https:\/\/api.w.org\/{rel}","templated":true}]}}