{"id":16944,"date":"2026-04-20T03:15:36","date_gmt":"2026-04-20T00:15:36","guid":{"rendered":"https:\/\/kasskoer.ee\/product\/cazo-soft-bed-royal-line-pesa-koertele-75x60cm-6\/"},"modified":"2026-04-20T03:15:37","modified_gmt":"2026-04-20T00:15:37","slug":"cazo-soft-bed-royal-line-beez-pesa-koertele-75x60cm","status":"publish","type":"product","link":"https:\/\/kasskoer.ee\/en\/toode\/cazo-soft-bed-royal-line-beez-pesa-koertele-75x60cm\/","title":{"rendered":"Cazo Soft Bed Royal Line bee\u017e pesa koertele 75x60cm"},"content":{"rendered":"<p>Suurep\u00e4rase v\u00e4limusega pesa on valmistatud vastupidavast hingavast kangast. Pesa sisuks on pehme \u00fcmberp\u00f6\u00f6ratav padi, mis on eri k\u00fclgedelt eri tooni.<br \/> Pesal on praktiline lihtsasti eemaldatav kate, mida v\u00f5ib pesumasinas pesta. Lihtne hooldus aitab hoida pesa kogu aeg puhtana.&nbsp;<\/p>\n<p> Pesa suurus:&nbsp;75x60cm<\/p>\n","protected":false},"excerpt":{"rendered":"<p>Cazo Royal Line kollektsiooni pesa koertele.<\/p>\n","protected":false},"featured_media":13850,"template":"","meta":[],"product_cat":[692,456],"product_tag":[],"class_list":{"0":"post-16944","1":"product","2":"type-product","3":"status-publish","4":"has-post-thumbnail","6":"product_cat-lemmikutele-lisaks","7":"product_cat-pesad-ja-asemed","8":"pa_brand-cazo","9":"pa_ean-733","10":"pa_kaal-2-200","11":"pa_tootjariik-poola","13":"first","14":"instock","15":"taxable","16":"shipping-taxable","17":"purchasable","18":"product-type-simple"},"_links":{"self":[{"href":"https:\/\/kasskoer.ee\/en\/wp-json\/wp\/v2\/product\/16944","targetHints":{"allow":["GET"]}}],"collection":[{"href":"https:\/\/kasskoer.ee\/en\/wp-json\/wp\/v2\/product"}],"about":[{"href":"https:\/\/kasskoer.ee\/en\/wp-json\/wp\/v2\/types\/product"}],"wp:featuredmedia":[{"embeddable":true,"href":"https:\/\/kasskoer.ee\/en\/wp-json\/wp\/v2\/media\/13850"}],"wp:attachment":[{"href":"https:\/\/kasskoer.ee\/en\/wp-json\/wp\/v2\/media?parent=16944"}],"wp:term":[{"taxonomy":"product_cat","embeddable":true,"href":"https:\/\/kasskoer.ee\/en\/wp-json\/wp\/v2\/product_cat?post=16944"},{"taxonomy":"product_tag","embeddable":true,"href":"https:\/\/kasskoer.ee\/en\/wp-json\/wp\/v2\/product_tag?post=16944"}],"curies":[{"name":"wp","href":"https:\/\/api.w.org\/{rel}","templated":true}]}}