{"id":16947,"date":"2026-04-20T03:15:36","date_gmt":"2026-04-20T00:15:36","guid":{"rendered":"https:\/\/kasskoer.ee\/product\/canvit-snack-dental-narimismaius-koerale-200g-2\/"},"modified":"2026-04-20T03:15:37","modified_gmt":"2026-04-20T00:15:37","slug":"canvit-snack-dental-narimismaius-koerale-200g","status":"publish","type":"product","link":"https:\/\/kasskoer.ee\/en\/toode\/canvit-snack-dental-narimismaius-koerale-200g\/","title":{"rendered":"Canvit snack Dental n\u00e4rimismaius koerale 200g"},"content":{"rendered":"<p><strong>Canvit Dental Health Care Snack pakub t\u00f5husat hammaste ja igemete hooldust.<\/strong><br \/> Funktsionaalne ja vastupandamatult maitsev suupiste kana, klorella, nelgi, oomega-3 k\u00fcllastumata rasvhapete, kollageeni ja heksametafosfaadiga tervete hammaste ja igemete jaoks.&nbsp;<br \/> <strong>T\u00e4iendav koeratoit.&nbsp;<\/strong><\/p>\n<p> <strong>Koostis<\/strong><br \/> Kartul, kana(15%), vedel t\u00e4rklis, heeringa\u00f5li (5%), h\u00fcdrol\u00fc\u00fcsitud kanamaks, kollageen,&nbsp;klorella (5g\/kg), naatriumheksametafosfaat (2g\/kg), nelk (1g\/kg).&nbsp;<br \/> &nbsp;<br \/> <strong>Anal\u00fc\u00fctilised koostisosad<\/strong><br \/> Toorvalk 16%, toor\u00f5lid ja rasvad 7,5%, toorkiud 1,5%, toortuhk 3,5%, niiskus 17%.<br \/> &nbsp;<br \/> <strong>N\u00e4idustused<\/strong><br \/> V\u00e4hendab hambakatu ja igemep\u00f5letike teket, v\u00e4hendab halba hinge\u00f5hku.<\/p>\n<p> <strong>Juhised<\/strong><br \/> S\u00f6\u00f6tke Canvit Dental Health Care&#8217;i suupisteid otse k\u00e4est.<\/p>\n<p> <strong>Soovitatav p\u00e4evane annus<\/strong><br \/> 1-2 kuubikut 1 kg kehakaalu kohta<\/p>\n<p> <strong>10 kuubikut 10 kg kaaluvale koerale sisaldab<\/strong><br \/> klorella 50 mg, heksametafosfaat 20 mg, nelk 10mg, oomega-3 k\u00fcllastumata rasvhapped(EPA, DHA) 200 mg<\/p>\n<p> <strong>Pakend<\/strong><br \/> 200 g (250 kuubikut, 25-p\u00e4evane varu 10kg koerale)<\/p>\n","protected":false},"excerpt":{"rendered":"<p>Canvit Dental Health Care tervislik suupiste tervete hammaste ja igemete jaoks.<\/p>\n","protected":false},"featured_media":6526,"template":"","meta":[],"product_cat":[1210,688],"product_tag":[],"class_list":{"0":"post-16947","1":"product","2":"type-product","3":"status-publish","4":"has-post-thumbnail","6":"product_cat-koerte-maiused","7":"product_cat-koerad","8":"pa_brand-canvit","9":"pa_ean-229","10":"pa_kaal-0-200","11":"pa_tootjariik-tsehhi","13":"first","14":"instock","15":"taxable","16":"shipping-taxable","17":"purchasable","18":"product-type-simple"},"_links":{"self":[{"href":"https:\/\/kasskoer.ee\/en\/wp-json\/wp\/v2\/product\/16947","targetHints":{"allow":["GET"]}}],"collection":[{"href":"https:\/\/kasskoer.ee\/en\/wp-json\/wp\/v2\/product"}],"about":[{"href":"https:\/\/kasskoer.ee\/en\/wp-json\/wp\/v2\/types\/product"}],"wp:featuredmedia":[{"embeddable":true,"href":"https:\/\/kasskoer.ee\/en\/wp-json\/wp\/v2\/media\/6526"}],"wp:attachment":[{"href":"https:\/\/kasskoer.ee\/en\/wp-json\/wp\/v2\/media?parent=16947"}],"wp:term":[{"taxonomy":"product_cat","embeddable":true,"href":"https:\/\/kasskoer.ee\/en\/wp-json\/wp\/v2\/product_cat?post=16947"},{"taxonomy":"product_tag","embeddable":true,"href":"https:\/\/kasskoer.ee\/en\/wp-json\/wp\/v2\/product_tag?post=16947"}],"curies":[{"name":"wp","href":"https:\/\/api.w.org\/{rel}","templated":true}]}}