{"id":16948,"date":"2026-04-20T03:15:36","date_gmt":"2026-04-20T00:15:36","guid":{"rendered":"https:\/\/kasskoer.ee\/product\/lolo-pets-smakers-maiusepulgad-narilistele-ja-janestele-metsmarjadega-2tk-90g-2\/"},"modified":"2026-04-20T03:15:37","modified_gmt":"2026-04-20T00:15:37","slug":"lolo-pets-smakers-maiusepulgad-narilistele-ja-janestele-metsmarjadega-2tk-90g","status":"publish","type":"product","link":"https:\/\/kasskoer.ee\/en\/toode\/lolo-pets-smakers-maiusepulgad-narilistele-ja-janestele-metsmarjadega-2tk-90g\/","title":{"rendered":"LoLo Pets Smakers maiusepulgad n\u00e4rilistele ja j\u00e4nestele metsmarjadega 2tk 90g"},"content":{"rendered":"<p>LoLo Pets metsmarjadega &#8220;Smakers&#8221; maius. T\u00e4iends\u00f6\u00f6t n\u00e4rilistele.&#13;<\/p>\n<li>V\u00e4ga maitsev maius n\u00e4rilisele, mis aitab hoida hambad tervena.<\/li>\n<p>&#13;<\/p>\n<li>Sisaldab looduslikke vitamiine.<\/li>\n<p>&#13;<br \/>\n<br \/>&#13;<br \/>\n<b>Koostis<\/b><br \/>&#13;<br \/>\nNisu, nisujahu, kooritud kaer, kibuvits (4%), kuivatatud aroonia, kuivatatud must kadakamari, kuivatatud pihlakas (4%), kuivatatud leedrimari (4%), kuivatatud must s\u00f5star, kuivatatud punane s\u00f5star.<br \/>&#13;<br \/>\n<br \/>&#13;<br \/>\n<b>Anal\u00fc\u00fctilised koostisosad<\/b><br \/>&#13;<br \/>\nToorvalk (min) 7,7%, toorrasv (min) 0,85%, toorkiud (maks) 10,06%, toortuhk (maks) 2,67%, niiskus (maks) 12,0%.<\/p>\n","protected":false},"excerpt":{"rendered":"<p>LoLo Pets Smakers maiusepulgad metsmarjadega n\u00e4rilistele ja j\u00e4nestele.<\/p>\n","protected":false},"featured_media":13856,"template":"","meta":[],"product_cat":[693,3078,994],"product_tag":[],"class_list":{"0":"post-16948","1":"product","2":"type-product","3":"status-publish","4":"has-post-thumbnail","6":"product_cat-muud-loomad","7":"product_cat-narilised","8":"product_cat-nariliste-maiused","9":"pa_brand-lolo-pets","10":"pa_ean-1313","11":"pa_kaal-0-090","12":"pa_tootjariik-poola","14":"first","15":"instock","16":"taxable","17":"shipping-taxable","18":"purchasable","19":"product-type-simple"},"_links":{"self":[{"href":"https:\/\/kasskoer.ee\/en\/wp-json\/wp\/v2\/product\/16948","targetHints":{"allow":["GET"]}}],"collection":[{"href":"https:\/\/kasskoer.ee\/en\/wp-json\/wp\/v2\/product"}],"about":[{"href":"https:\/\/kasskoer.ee\/en\/wp-json\/wp\/v2\/types\/product"}],"wp:featuredmedia":[{"embeddable":true,"href":"https:\/\/kasskoer.ee\/en\/wp-json\/wp\/v2\/media\/13856"}],"wp:attachment":[{"href":"https:\/\/kasskoer.ee\/en\/wp-json\/wp\/v2\/media?parent=16948"}],"wp:term":[{"taxonomy":"product_cat","embeddable":true,"href":"https:\/\/kasskoer.ee\/en\/wp-json\/wp\/v2\/product_cat?post=16948"},{"taxonomy":"product_tag","embeddable":true,"href":"https:\/\/kasskoer.ee\/en\/wp-json\/wp\/v2\/product_tag?post=16948"}],"curies":[{"name":"wp","href":"https:\/\/api.w.org\/{rel}","templated":true}]}}