{"id":16955,"date":"2026-04-20T03:15:36","date_gmt":"2026-04-20T00:15:36","guid":{"rendered":"https:\/\/kasskoer.ee\/product\/botaniqa-for-ever-bath-palsam-koertele-250ml-2\/"},"modified":"2026-04-20T03:15:37","modified_gmt":"2026-04-20T00:15:37","slug":"botaniqa-for-ever-bath-palsam-koertele-250ml","status":"publish","type":"product","link":"https:\/\/kasskoer.ee\/en\/toode\/botaniqa-for-ever-bath-palsam-koertele-250ml\/","title":{"rendered":"Botaniqa For Ever Bath palsam koertele 250ml"},"content":{"rendered":"<li>Rikastatud acai ja granaat\u00f5una looduslike ekstraktide ja vitamiinidega.<\/li>\n<p>&#13;<\/p>\n<li>Sisaldab viinamarjaseemne\u00f5li, mis on lemmikloomade karvkatte jaoks v\u00e4ga kasulik.<\/li>\n<p>&#13;<\/p>\n<li>Muudab karva tugevamaks, l\u00e4ikivamaks ja lihtsamini hallatavaks.<\/li>\n<p>&#13;<\/p>\n<li>Sobib k\u00f5ikidele t\u00f5ugudele.<\/li>\n<p>&#13;<br \/>\n&#13;<br \/>\n<br \/><b>Kasutamine<\/b><br \/>&#13;<br \/>\nLahjendage toodet veega vahekorras 1:5. Kandke palsam \u00fchtlaselt m\u00e4rjale kasukale. Masseerige palsam \u00f5rnalt karvale, seej\u00e4rel loputage hoolikalt. Kuivatage koera karv ja harjake l\u00e4bi nagu tavaliselt.&#13;<br \/>\n&#13;<\/p>\n<p><b>Koostis<\/b><br \/>&#13;<br \/>\nVesi, tsetear\u00fc\u00fclalkohol, tsetrimooniumkloriid, gl\u00fctseriin, vitis vinifera seemne\u00f5li, prop\u00fcleengl\u00fckool, punica granatum puuviljaekstrakt, euterpe oleracea puuviljaekstrakt, BHT, dinaatrium, EDTA, DMDM h\u00fcdantoiin, met\u00fc\u00fclkloroisotiasolinoon, met\u00fc\u00fclisotiasolinoon, parf\u00fc\u00fcm.&#13;<br \/>\n<br \/>&#13;<br \/>\nParabeenide, v\u00e4rvainete, silikoonide, nafta k\u00f5rvalsaaduste ja loomset p\u00e4ritolu koostisainete vaba!<\/p>\n","protected":false},"excerpt":{"rendered":"<p>Botaniqa hooldav palsam, mis sobib k\u00f5ikidele t\u00f5ugudele.<\/p>\n","protected":false},"featured_media":13862,"template":"","meta":[],"product_cat":[2123],"product_tag":[],"class_list":{"0":"post-16955","1":"product","2":"type-product","3":"status-publish","4":"has-post-thumbnail","6":"product_cat-sampoonid","7":"pa_brand-botaniqa","8":"pa_ean-1632","9":"pa_kaal-0-250","10":"pa_tootjariik-poola","12":"first","13":"outofstock","14":"taxable","15":"shipping-taxable","16":"purchasable","17":"product-type-simple"},"_links":{"self":[{"href":"https:\/\/kasskoer.ee\/en\/wp-json\/wp\/v2\/product\/16955","targetHints":{"allow":["GET"]}}],"collection":[{"href":"https:\/\/kasskoer.ee\/en\/wp-json\/wp\/v2\/product"}],"about":[{"href":"https:\/\/kasskoer.ee\/en\/wp-json\/wp\/v2\/types\/product"}],"wp:featuredmedia":[{"embeddable":true,"href":"https:\/\/kasskoer.ee\/en\/wp-json\/wp\/v2\/media\/13862"}],"wp:attachment":[{"href":"https:\/\/kasskoer.ee\/en\/wp-json\/wp\/v2\/media?parent=16955"}],"wp:term":[{"taxonomy":"product_cat","embeddable":true,"href":"https:\/\/kasskoer.ee\/en\/wp-json\/wp\/v2\/product_cat?post=16955"},{"taxonomy":"product_tag","embeddable":true,"href":"https:\/\/kasskoer.ee\/en\/wp-json\/wp\/v2\/product_tag?post=16955"}],"curies":[{"name":"wp","href":"https:\/\/api.w.org\/{rel}","templated":true}]}}