{"id":16956,"date":"2026-04-20T03:15:36","date_gmt":"2026-04-20T00:15:36","guid":{"rendered":"https:\/\/kasskoer.ee\/product\/botaniqa-love-me-long-palsam-koertele-250ml-2\/"},"modified":"2026-04-20T03:15:37","modified_gmt":"2026-04-20T00:15:37","slug":"botaniqa-love-me-long-palsam-koertele-250ml","status":"publish","type":"product","link":"https:\/\/kasskoer.ee\/en\/toode\/botaniqa-love-me-long-palsam-koertele-250ml\/","title":{"rendered":"Botaniqa Love Me Long palsam koertele 250ml"},"content":{"rendered":"<p>100% looduslikust Cupua\u00e7u ja Shea puuviljav\u00f5ist valmistatud palsam on spetsiaalselt v\u00e4lja t\u00f6\u00f6tatud pikakarvalistele koertele, et lisada karvkattele s\u00e4ra ja siidisust. Palsam niisutab ja hooldab nahka ning karvkatet.<\/p>\n<p> <strong>Kasutamine<\/strong><br \/> P\u00e4rast Love Me Long \u0161ampooni kasutamist kandke lahjendatud palsam (soovitatav lahjendus on 1:5) niiskele karvkattele, v\u00e4ltides kokkupuudet silmade ja k\u00f5rvadega. Oodake m\u00f5ni minut ja loputage seej\u00e4rel sooja veega. Kuivatage koer ja kammige nagu tavaliselt.<br \/> &nbsp; <\/p>\n<p><strong>Koostis<\/strong><\/p>\n<p>Vesi, tsetear\u00fc\u00fclalkohol, tsetrimooniumkloriid, Butyrospermum Parkii v\u00f5i, isoprop\u00fc\u00fclm\u00fcristaat Theobroma Grandiflorum Seemnev\u00f5i, Pol\u00fckvaternium-7, linoolhape,&nbsp;linoleenhape, BHT, dinaatrium-EDTA, DMDM h\u00fcdantoiin, met\u00fc\u00fclkloroisol\u00fcolotsool.<\/p>\n<p> Parabeenide, sulfaatide, v\u00e4rvainete, silikoonide, nafta k\u00f5rvalsaaduste ja&nbsp;loomset p\u00e4ritolu koostisainete&nbsp;vaba!<\/p>\n","protected":false},"excerpt":{"rendered":"<p>Botaniqa Love Me Long palsam pikakarvalistele koertele.<\/p>\n","protected":false},"featured_media":13864,"template":"","meta":[],"product_cat":[2123],"product_tag":[],"class_list":{"0":"post-16956","1":"product","2":"type-product","3":"status-publish","4":"has-post-thumbnail","6":"product_cat-sampoonid","7":"pa_brand-botaniqa","8":"pa_ean-792","9":"pa_kaal-0-250","10":"pa_tootjariik-poola","12":"first","13":"instock","14":"taxable","15":"shipping-taxable","16":"purchasable","17":"product-type-simple"},"_links":{"self":[{"href":"https:\/\/kasskoer.ee\/en\/wp-json\/wp\/v2\/product\/16956","targetHints":{"allow":["GET"]}}],"collection":[{"href":"https:\/\/kasskoer.ee\/en\/wp-json\/wp\/v2\/product"}],"about":[{"href":"https:\/\/kasskoer.ee\/en\/wp-json\/wp\/v2\/types\/product"}],"wp:featuredmedia":[{"embeddable":true,"href":"https:\/\/kasskoer.ee\/en\/wp-json\/wp\/v2\/media\/13864"}],"wp:attachment":[{"href":"https:\/\/kasskoer.ee\/en\/wp-json\/wp\/v2\/media?parent=16956"}],"wp:term":[{"taxonomy":"product_cat","embeddable":true,"href":"https:\/\/kasskoer.ee\/en\/wp-json\/wp\/v2\/product_cat?post=16956"},{"taxonomy":"product_tag","embeddable":true,"href":"https:\/\/kasskoer.ee\/en\/wp-json\/wp\/v2\/product_tag?post=16956"}],"curies":[{"name":"wp","href":"https:\/\/api.w.org\/{rel}","templated":true}]}}