{"id":16957,"date":"2026-04-20T03:15:36","date_gmt":"2026-04-20T00:15:36","guid":{"rendered":"https:\/\/kasskoer.ee\/product\/botaniqa-tangle-free-spray-250ml-2\/"},"modified":"2026-04-20T03:15:38","modified_gmt":"2026-04-20T00:15:38","slug":"botaniqa-tangle-free-spray-250ml","status":"publish","type":"product","link":"https:\/\/kasskoer.ee\/en\/toode\/botaniqa-tangle-free-spray-250ml\/","title":{"rendered":"Botaniqa Tangle Free Spray 250ml"},"content":{"rendered":"<li>Muudab karva lihtsalt harjatavaks ja pusa vabaks.<\/li>\n<p>&#13;<\/p>\n<li> V\u00f5ib kasutada nii m\u00e4rjal kui kuival karvkattel.<\/li>\n<p>&#13;<\/p>\n<li>Soovitatav kasutada igap\u00e4evasel harjamisel.<\/li>\n<p>&#13;<\/p>\n<li>Sisaldab avokaado ekstrakti ja j\u00e4tab karvale meeldiva l\u00f5hna.<\/li>\n<p>&#13;<br \/>\n&#13;<br \/>\n<br \/><b>Kasutamine<\/b><br \/>&#13;<br \/>\nPihustage karvale ja harjake \u00f5rnalt. Suurte pusade korral pihustage otse pusale ja masseerige \u00f5rnalt sisse, seej\u00e4rel harjake pusa v\u00e4lja. Antistaatilise ainena kasutades pihustage kerge uduna karvkatte kohale ja laske sellel karvale kukkuda.&#13;<br \/>\n&#13;<\/p>\n<p><b>Koostis<\/b><br \/>&#13;<br \/>\nVesi, prop\u00fcleen, gl\u00fckool, PEG-40 h\u00fcdrogeenitud kastrol\u00f5li, tridetseet-9, persea gratissima puuviljaekstrakt, dinaatrium EDTA, DMDM h\u00fcdantoiin, met\u00fc\u00fclkloroisotiasolinoon, met\u00fc\u00fclisotiasolinoon, parf\u00fc\u00fcm, limoneen, heks\u00fc\u00fclkaneel, met\u00fc\u00fcl, tsinnamal, but\u00fc\u00fclfen\u00fc\u00fcl, tos\u00fclaat geraniool, linalool.&#13;<br \/>\n<br \/>&#13;<br \/>\nParabeenide, v\u00e4rvainete, silikoonide, nafta k\u00f5rvalsaaduste ja loomset p\u00e4ritolu koostisainete vaba!<\/p>\n","protected":false},"excerpt":{"rendered":"<p>Botaniqa pusade vastane sprei avokaadoga.<\/p>\n","protected":false},"featured_media":13866,"template":"","meta":[],"product_cat":[2123],"product_tag":[],"class_list":{"0":"post-16957","1":"product","2":"type-product","3":"status-publish","4":"has-post-thumbnail","6":"product_cat-sampoonid","7":"pa_brand-botaniqa","8":"pa_ean-1633","9":"pa_kaal-0-250","10":"pa_tootjariik-poola","12":"first","13":"instock","14":"taxable","15":"shipping-taxable","16":"purchasable","17":"product-type-simple"},"_links":{"self":[{"href":"https:\/\/kasskoer.ee\/en\/wp-json\/wp\/v2\/product\/16957","targetHints":{"allow":["GET"]}}],"collection":[{"href":"https:\/\/kasskoer.ee\/en\/wp-json\/wp\/v2\/product"}],"about":[{"href":"https:\/\/kasskoer.ee\/en\/wp-json\/wp\/v2\/types\/product"}],"wp:featuredmedia":[{"embeddable":true,"href":"https:\/\/kasskoer.ee\/en\/wp-json\/wp\/v2\/media\/13866"}],"wp:attachment":[{"href":"https:\/\/kasskoer.ee\/en\/wp-json\/wp\/v2\/media?parent=16957"}],"wp:term":[{"taxonomy":"product_cat","embeddable":true,"href":"https:\/\/kasskoer.ee\/en\/wp-json\/wp\/v2\/product_cat?post=16957"},{"taxonomy":"product_tag","embeddable":true,"href":"https:\/\/kasskoer.ee\/en\/wp-json\/wp\/v2\/product_tag?post=16957"}],"curies":[{"name":"wp","href":"https:\/\/api.w.org\/{rel}","templated":true}]}}