{"id":16958,"date":"2026-04-20T03:15:36","date_gmt":"2026-04-20T00:15:36","guid":{"rendered":"https:\/\/kasskoer.ee\/product\/botaniqa-love-me-long-karvahooldus-sprei-250ml-2\/"},"modified":"2026-04-20T03:15:38","modified_gmt":"2026-04-20T00:15:38","slug":"botaniqa-love-me-long-karvahooldus-sprei-250ml","status":"publish","type":"product","link":"https:\/\/kasskoer.ee\/en\/toode\/botaniqa-love-me-long-karvahooldus-sprei-250ml\/","title":{"rendered":"Botaniqa Love Me Long karvahooldus sprei 250ml"},"content":{"rendered":"<p><strong>Love Me Long sprei on karva sisse j\u00e4etav spreipalsam antistaatilise ja&nbsp;niisutava efektiga.<\/strong>&nbsp;<\/p>\n<p>Aitab eemaldada karvast takkusid ja pusasid. Palsam on rikastatud Cupuacu ja Shea ekstraktidega, mis teeb karva kergemini k\u00e4sitletavaks. &nbsp;Ennetab niiskuse kadu karvast, takkude teket ja j\u00e4tab karvale pikaajalise meeldiva l\u00f5hna. Sobiv kasutamiseks nii niiskesse kui kuiva karva.&nbsp;<strong>Sobib igat t\u00fc\u00fcpi ja erinevas pikkuses karvale ning k\u00f5ikidele lemmikloomadele.<\/strong><\/p>\n<p> <strong>Kasutamine<\/strong><\/p>\n<p>Pihustage niiskesse v\u00f5i kuiva karva. \u00dchtlaseks jaotuseks harjake karv l\u00e4bi. Loputamine pole vajalik.<\/p>\n<p> <strong>Koostis<\/strong><\/p>\n<p>Vesi,&nbsp;prop\u00fcleengl\u00fckool, PEG-40 h\u00fcdrogeenitud kastoor\u00f5li, tridetset-9, gl\u00fctseriin, Porphyra Umbilicalis ekstrakt, Caesalpinia&nbsp;Spinosa Gum, avokaado ekstrakt, sheav\u00f5i ekstrakt, Cupuacu seemnev\u00f5i, linoolhape, linoleenhape, dinaatrium EDTA, DMDM h\u00fcdantoiin, met\u00fc\u00fclkloroisotiasolinolin, met\u00fc\u00fclisotiasolinoon, trietanoolamiin,&nbsp;l\u00f5hnaained, limoneen.<\/p>\n<p> Parabeenide, v\u00e4rvainete, silikoonide, nafta k\u00f5rvalsaaduste ja&nbsp;loomset p\u00e4ritolu koostisainete&nbsp;vaba !<\/p>\n","protected":false},"excerpt":{"rendered":"<p>Botaniqa Love Me Long karva sisse j\u00e4etav spreipalsam lemmikloomadele.<\/p>\n","protected":false},"featured_media":6532,"template":"","meta":[],"product_cat":[2123],"product_tag":[],"class_list":{"0":"post-16958","1":"product","2":"type-product","3":"status-publish","4":"has-post-thumbnail","6":"product_cat-sampoonid","7":"pa_brand-botaniqa","8":"pa_ean-504","9":"pa_kaal-0-250","10":"pa_tootjariik-poola","12":"first","13":"instock","14":"taxable","15":"shipping-taxable","16":"purchasable","17":"product-type-simple"},"_links":{"self":[{"href":"https:\/\/kasskoer.ee\/en\/wp-json\/wp\/v2\/product\/16958","targetHints":{"allow":["GET"]}}],"collection":[{"href":"https:\/\/kasskoer.ee\/en\/wp-json\/wp\/v2\/product"}],"about":[{"href":"https:\/\/kasskoer.ee\/en\/wp-json\/wp\/v2\/types\/product"}],"wp:featuredmedia":[{"embeddable":true,"href":"https:\/\/kasskoer.ee\/en\/wp-json\/wp\/v2\/media\/6532"}],"wp:attachment":[{"href":"https:\/\/kasskoer.ee\/en\/wp-json\/wp\/v2\/media?parent=16958"}],"wp:term":[{"taxonomy":"product_cat","embeddable":true,"href":"https:\/\/kasskoer.ee\/en\/wp-json\/wp\/v2\/product_cat?post=16958"},{"taxonomy":"product_tag","embeddable":true,"href":"https:\/\/kasskoer.ee\/en\/wp-json\/wp\/v2\/product_tag?post=16958"}],"curies":[{"name":"wp","href":"https:\/\/api.w.org\/{rel}","templated":true}]}}