{"id":16959,"date":"2026-04-20T03:15:36","date_gmt":"2026-04-20T00:15:36","guid":{"rendered":"https:\/\/kasskoer.ee\/product\/botaniqa-puppy-my-sweet-sampoon-koertele-250ml-2\/"},"modified":"2026-04-20T03:15:38","modified_gmt":"2026-04-20T00:15:38","slug":"botaniqa-puppy-my-sweet-sampoon-koertele-250ml","status":"publish","type":"product","link":"https:\/\/kasskoer.ee\/en\/toode\/botaniqa-puppy-my-sweet-sampoon-koertele-250ml\/","title":{"rendered":"Botaniqa Puppy My Sweet \u0161ampoon koertele 250ml"},"content":{"rendered":"<p><strong>Botaniqa Puppy my Sweet \u0161ampoon kutsikatele ja tundliku nahaga koertele.<\/strong>&nbsp;<\/p>\n<ul>\n<li>Looduslikud kaeraproteiinid<\/li>\n<li>Kaitsev koostis<\/li>\n<li>Pantenool<\/li>\n<li>Niisutav kompleks<\/li>\n<\/ul>\n<p>Puppy My Sweet on puhas, \u00f5rn \u0161ampoon kaeraproteiiniga ja innovatiivse kaitsva lahendusega kutsikatele ja tundliku nahaga koertele.&nbsp; Uuenduslik koostis mitte ainult ei kaitse karva, vaid on ka suurep\u00e4rane niisutaja ja toitainete allikas karvale.&nbsp; Kaeraproteiin on h\u00e4sti tuntud karva kaitseomaduste parandamise poolest ja teeb karva tugevaks ning l\u00e4ikivaks. Sobib kasutamiseks kutsikatele alates 6.elun\u00e4dalast. \u00d5rnalt puhastab ja hoiab kutsikate karva puhta ja tervena. Puppy My Sweet on l\u00f5hnaainete ja v\u00e4rvainete vaba.<\/p>\n<p> <strong>Kasutamine<\/strong><\/p>\n<p>Enne pesu kammige karv korralikult l\u00e4bi. Tehke karv korralikult&nbsp;m\u00e4rjaks ja kandke peale \u0161ampoon. Masseerige &nbsp;\u0161ampoon karva \u00f5rnalt&nbsp;alates peast kuni sabani, seej\u00e4rel loputage hoolikalt. Kuivatage koera karv ja harjake karv l\u00e4bi nagu tavaliselt.<\/p>\n<p> <strong>Koostis<\/strong><\/p>\n<p>Vesi, PEG-80 sorbitaani lauraat, kokamidoprop\u00fc\u00fcl- betaiin,&nbsp;PEG-150 distearaat, naatriumkokoamfoatsetaat, h\u00fcdrol\u00fc\u00fcsitud kaeravalk,&nbsp;linoolhape, linoleenhape, pantenool, dinaatrium EDTA,&nbsp;DMDM H\u00fcdantoiin, met\u00fc\u00fclkloroisotiasolinolin, met\u00fc\u00fclisotiasolinoon, sidrunihape.<\/p>\n<p> Parabeenide, v\u00e4rvainete, l\u00f5hnainete, silikoonide, nafta k\u00f5rvalsaaduste ja&nbsp;loomset p\u00e4ritolu koostisainete&nbsp;vaba !<\/p>\n","protected":false},"excerpt":{"rendered":"<p>Botaniqa Puppy My Sweet \u0161ampoon kutsikatele ja tundliku nahaga koertele.<\/p>\n","protected":false},"featured_media":6533,"template":"","meta":[],"product_cat":[2123],"product_tag":[],"class_list":{"0":"post-16959","1":"product","2":"type-product","3":"status-publish","4":"has-post-thumbnail","6":"product_cat-sampoonid","7":"pa_brand-botaniqa","8":"pa_ean-500","9":"pa_kaal-0-250","10":"pa_tootjariik-poola","12":"first","13":"instock","14":"taxable","15":"shipping-taxable","16":"purchasable","17":"product-type-simple"},"_links":{"self":[{"href":"https:\/\/kasskoer.ee\/en\/wp-json\/wp\/v2\/product\/16959","targetHints":{"allow":["GET"]}}],"collection":[{"href":"https:\/\/kasskoer.ee\/en\/wp-json\/wp\/v2\/product"}],"about":[{"href":"https:\/\/kasskoer.ee\/en\/wp-json\/wp\/v2\/types\/product"}],"wp:featuredmedia":[{"embeddable":true,"href":"https:\/\/kasskoer.ee\/en\/wp-json\/wp\/v2\/media\/6533"}],"wp:attachment":[{"href":"https:\/\/kasskoer.ee\/en\/wp-json\/wp\/v2\/media?parent=16959"}],"wp:term":[{"taxonomy":"product_cat","embeddable":true,"href":"https:\/\/kasskoer.ee\/en\/wp-json\/wp\/v2\/product_cat?post=16959"},{"taxonomy":"product_tag","embeddable":true,"href":"https:\/\/kasskoer.ee\/en\/wp-json\/wp\/v2\/product_tag?post=16959"}],"curies":[{"name":"wp","href":"https:\/\/api.w.org\/{rel}","templated":true}]}}