{"id":16960,"date":"2026-04-20T03:15:36","date_gmt":"2026-04-20T00:15:36","guid":{"rendered":"https:\/\/kasskoer.ee\/product\/botaniqa-white-me-up-sampoon-koertele-250-ml-2\/"},"modified":"2026-04-20T03:15:38","modified_gmt":"2026-04-20T00:15:38","slug":"botaniqa-white-me-up-sampoon-koertele-250-ml","status":"publish","type":"product","link":"https:\/\/kasskoer.ee\/en\/toode\/botaniqa-white-me-up-sampoon-koertele-250-ml\/","title":{"rendered":"Botaniqa White Me Up \u0161ampoon koertele 250 ml"},"content":{"rendered":"<p><strong>Botaniqa White Me Up Valgendav \u0161ampoon mandli ja avokaadoga valgetele koertele<\/strong><\/p>\n<ul>\n<li>Naturaalne avokaado ekstrakt<\/li>\n<li>Mandli\u00f5li<\/li>\n<li>Kaeraproteiinid<\/li>\n<li>Tasakaalustatud pH<\/li>\n<\/ul>\n<p>White Me Up \u0161ampoon on loodud loomuliku v\u00e4rvi kirgastamiseks, l\u00e4ike ja s\u00e4ra andmiseks valgekarvalistele koertele. &nbsp;Rikastatud mandli\u00f5liga ja avokaado ekstraktiga niisutab karva ja annab l\u00e4iget.<br \/> K\u00f5rge avokaados leiduva rasva sisaldus teeb karva v\u00e4hem kuivaks ja v\u00e4hem katkevamaks. \u0160ampoon j\u00e4tab karvale \u00f5rna ja meeldiva l\u00f5hna.<\/p>\n<p><strong>Kasutamine<\/strong><\/p>\n<p>Enne pesu kammige karv korralikult l\u00e4bi. Tehke karv korralikult&nbsp;m\u00e4rjaks ja kandke peale lahjendatud \u0161ampoon.&nbsp;Soovitatav lahjendus on 1:5.&nbsp;Masseerige &nbsp;\u0161ampoon karva \u00f5rnalt&nbsp;alates peast kuni sabani, seej\u00e4rel loputage hoolikalt. Kuivatage koera karv ja harjake karv l\u00e4bi nagu tavaliselt.<\/p>\n<p><strong>Koostis<\/strong><\/p>\n<p>Vesi, naatriumlauretisulfaat, kokamidoprop\u00fc\u00fcl- betaiin,&nbsp;kokoksiid DEA, gl\u00fckooldistearaat, Hariliku mandlipuu \u00f5li, h\u00fcdrol\u00fc\u00fcsitud nisuvalk, avokaado ekstrakt, prop\u00fcleengl\u00fckool, gl\u00fctseriin, pantenool, Guari h\u00fcdroks\u00fcprop\u00fc\u00fcltrimooniumkloriid, dinaatrium-EDTA, DMDM h\u00fcdantoiin, &nbsp;met\u00fc\u00fclkloroisotiasolinolin, met\u00fc\u00fclisotiasolinoon, sidrunihape, l\u00f5hnaained, CI 28440, heks\u00fc\u00fclkaneel, but\u00fc\u00fclfen\u00fc\u00fclmet\u00fc\u00fclpropionaal, limoneen.<\/p>\n<p>Parabeenide, v\u00e4rvainete, silikoonide, nafta k\u00f5rvalsaaduste ja&nbsp;loomset p\u00e4ritolu koostisainete&nbsp;vaba !<\/p>\n<p>&nbsp;<\/p>\n","protected":false},"excerpt":{"rendered":"<p>Botaniqa White Me Up \u0161ampoon koertele.<\/p>\n","protected":false},"featured_media":6534,"template":"","meta":[],"product_cat":[2123],"product_tag":[],"class_list":{"0":"post-16960","1":"product","2":"type-product","3":"status-publish","4":"has-post-thumbnail","6":"product_cat-sampoonid","7":"pa_brand-botaniqa","8":"pa_ean-503","9":"pa_kaal-0-250","10":"pa_tootjariik-poola","12":"first","13":"instock","14":"taxable","15":"shipping-taxable","16":"purchasable","17":"product-type-simple"},"_links":{"self":[{"href":"https:\/\/kasskoer.ee\/en\/wp-json\/wp\/v2\/product\/16960","targetHints":{"allow":["GET"]}}],"collection":[{"href":"https:\/\/kasskoer.ee\/en\/wp-json\/wp\/v2\/product"}],"about":[{"href":"https:\/\/kasskoer.ee\/en\/wp-json\/wp\/v2\/types\/product"}],"wp:featuredmedia":[{"embeddable":true,"href":"https:\/\/kasskoer.ee\/en\/wp-json\/wp\/v2\/media\/6534"}],"wp:attachment":[{"href":"https:\/\/kasskoer.ee\/en\/wp-json\/wp\/v2\/media?parent=16960"}],"wp:term":[{"taxonomy":"product_cat","embeddable":true,"href":"https:\/\/kasskoer.ee\/en\/wp-json\/wp\/v2\/product_cat?post=16960"},{"taxonomy":"product_tag","embeddable":true,"href":"https:\/\/kasskoer.ee\/en\/wp-json\/wp\/v2\/product_tag?post=16960"}],"curies":[{"name":"wp","href":"https:\/\/api.w.org\/{rel}","templated":true}]}}