{"id":16961,"date":"2026-04-20T03:15:36","date_gmt":"2026-04-20T00:15:36","guid":{"rendered":"https:\/\/kasskoer.ee\/product\/botaniqa-for-ever-bath-sampoon-koertele-250ml-2\/"},"modified":"2026-04-20T03:15:38","modified_gmt":"2026-04-20T00:15:38","slug":"botaniqa-for-ever-bath-sampoon-koertele-250ml","status":"publish","type":"product","link":"https:\/\/kasskoer.ee\/en\/toode\/botaniqa-for-ever-bath-sampoon-koertele-250ml\/","title":{"rendered":"Botaniqa For Ever Bath \u0161ampoon koertele 250ml"},"content":{"rendered":"<p><strong>\u0160ampoon igat t\u00fc\u00fcpi karvale, tugevdab ja annab l\u00e4iget.<\/strong><br \/> For Ever Bath \u0161ampoon on eksootiliste koostisosadega&nbsp;niisutamaks ja rikastamaks igat t\u00fc\u00fcpi karva.&nbsp;100% looduslike puuviljade ekstraktid acai-marjadest ja&nbsp;granaat\u00f5unast lisavad l\u00e4iget, siluvad karva ja v\u00f5tavad \u00e4ra kahususe. &nbsp;For Ever Bath \u0161ampoon hoiab igat t\u00fc\u00fcpi karva tervemana, heas&nbsp;konditsioonis, muutmata karva loomulikku struktuuri.<\/p>\n<p><strong>Kasutamine<\/strong><\/p>\n<p>Enne pesu kammige karv korralikult l\u00e4bi. Tehke karv korralikult&nbsp;m\u00e4rjaks ja kandke peale lahjendatud \u0161ampoon.&nbsp;Soovitatav lahjendus on 1:5.&nbsp;Masseerige &nbsp;\u0161ampoon karva \u00f5rnalt&nbsp;alates peast kuni sabani, seej\u00e4rel loputage hoolikalt. Kuivatage koera karv ja harjake karv l\u00e4bi nagu tavaliselt.<\/p>\n<p><strong>Koostis<\/strong><\/p>\n<p>Vesi, naatriumlauretisulfaat, kokamidoprop\u00fc\u00fcl- betaiin,&nbsp;kokoksiid DEA, naatriumkloriid, hariliku mandlipuu \u00f5li,&nbsp;h\u00fcdrol\u00fc\u00fcsitud nisuvalk, acai-marjade&nbsp;ekstrakt, granaat\u00f5una&nbsp;ekstrakt,&nbsp;prop\u00fcleengl\u00fckool, DMDM h\u00fcdantoiin,&nbsp;met\u00fc\u00fclkloroisotiasolinolin, met\u00fc\u00fclisotiasolinoon, dinaatrium&nbsp;EDTA, trietanoolamiin, l\u00f5hnaained.<\/p>\n<p>Parabeenide, v\u00e4rvainete, silikoonide, nafta k\u00f5rvalsaaduste ja&nbsp;loomset p\u00e4ritolu koostisainete&nbsp;vaba !<\/p>\n","protected":false},"excerpt":{"rendered":"<p>Botaniqa For Ever Bath acai-marja ja granaat\u00f5una ekstraktiga \u0161ampoon koertele.<\/p>\n","protected":false},"featured_media":6535,"template":"","meta":[],"product_cat":[2123],"product_tag":[],"class_list":{"0":"post-16961","1":"product","2":"type-product","3":"status-publish","4":"has-post-thumbnail","6":"product_cat-sampoonid","7":"pa_brand-botaniqa","8":"pa_ean-502","9":"pa_kaal-0-250","10":"pa_tootjariik-poola","12":"first","13":"instock","14":"taxable","15":"shipping-taxable","16":"purchasable","17":"product-type-simple"},"_links":{"self":[{"href":"https:\/\/kasskoer.ee\/en\/wp-json\/wp\/v2\/product\/16961","targetHints":{"allow":["GET"]}}],"collection":[{"href":"https:\/\/kasskoer.ee\/en\/wp-json\/wp\/v2\/product"}],"about":[{"href":"https:\/\/kasskoer.ee\/en\/wp-json\/wp\/v2\/types\/product"}],"wp:featuredmedia":[{"embeddable":true,"href":"https:\/\/kasskoer.ee\/en\/wp-json\/wp\/v2\/media\/6535"}],"wp:attachment":[{"href":"https:\/\/kasskoer.ee\/en\/wp-json\/wp\/v2\/media?parent=16961"}],"wp:term":[{"taxonomy":"product_cat","embeddable":true,"href":"https:\/\/kasskoer.ee\/en\/wp-json\/wp\/v2\/product_cat?post=16961"},{"taxonomy":"product_tag","embeddable":true,"href":"https:\/\/kasskoer.ee\/en\/wp-json\/wp\/v2\/product_tag?post=16961"}],"curies":[{"name":"wp","href":"https:\/\/api.w.org\/{rel}","templated":true}]}}