{"id":16962,"date":"2026-04-20T03:15:36","date_gmt":"2026-04-20T00:15:36","guid":{"rendered":"https:\/\/kasskoer.ee\/product\/botaniqa-love-me-long-sampoon-koertele-250-ml-2\/"},"modified":"2026-04-20T03:15:38","modified_gmt":"2026-04-20T00:15:38","slug":"botaniqa-love-me-long-sampoon-koertele-250-ml","status":"publish","type":"product","link":"https:\/\/kasskoer.ee\/en\/toode\/botaniqa-love-me-long-sampoon-koertele-250-ml\/","title":{"rendered":"Botaniqa Love Me Long \u0161ampoon koertele 250 ml"},"content":{"rendered":"<p><strong>Botaniqa Love Me Long Cupuacu &amp; Sheav\u00f5iga \u0161ampoon pikakarvalistele koertele.<\/strong>&nbsp;<\/p>\n<ul>\n<li>Looduslik Cupuacu ja Shea ekstrakt<\/li>\n<li>Tasakaalustatud pH<\/li>\n<\/ul>\n<p>Pese oma ilusat pikakarvalist koera 100% looduslike puuviljaekstraktidega. Luksuslik \u0161ampoon, mis puhastab karva, hoolitseb selle eest ning kaitseb karva katkemise eest.&nbsp; Rikastatud Cupuacu ja Sheav\u00f5i ekstraktidega niisutab ta karva ja nahka, lisades karvale siidisust.<br \/> Koostis on loodud eelk\u00f5ige Yorkshire terjerite, Afganistaani hurtade, Shih Tzude ja teiste sarnase karvaga koerte vajadusi arvestades. \u00d5rn ja professionaalne koostis annab karvale show-v\u00e4limuse.<\/p>\n<p> <strong>Kasutamine<\/strong><\/p>\n<p>Enne pesu kammige karv korralikult l\u00e4bi. Tehke karv korralikult&nbsp;m\u00e4rjaks ja kandke peale lahjendatud \u0161ampoon.&nbsp;Soovitatav lahjendus on 1:5.&nbsp;Masseerige &nbsp;\u0161ampoon karva \u00f5rnalt&nbsp;alates peast kuni sabani, seej\u00e4rel loputage hoolikalt. Kuivatage koera karv ja harjake karv l\u00e4bi nagu tavaliselt.<\/p>\n<p> <strong>Koostis<\/strong><\/p>\n<p>Vesi, naatriumlauretisulfaat, naatriumkokoamfoatsetaat,&nbsp;kokamidoprop\u00fc\u00fcl- betaiin,&nbsp;gl\u00fckooldistearaat, kokoksiid DEA, sheav\u00f5i&nbsp;ekstrakt, cupuacu&nbsp;seemnev\u00f5i, prop\u00fcleengl\u00fckool, PEG-40 h\u00fcdrogeenitud kastoor\u00f5li, guari&nbsp;h\u00fcdroks\u00fcprop\u00fc\u00fcltrimooniumkloriid, PEG-120 met\u00fc\u00fclgl\u00fckoosdioleaat, DMDM h\u00fcdantoiin, met\u00fc\u00fclkloroisotiasolinolin, met\u00fc\u00fclisotiasolinoon, dinaatrium EDTA, sidrunihape, l\u00f5hnaained, limoneen.<\/p>\n<p> Parabeenide, v\u00e4rvainete, silikoonide, nafta k\u00f5rvalsaaduste ja&nbsp;loomset p\u00e4ritolu koostisainete&nbsp;vaba!<\/p>\n","protected":false},"excerpt":{"rendered":"<p>Botaniqa Love Me Long \u0161ampoon pikakarvalistele koertele.<\/p>\n","protected":false},"featured_media":6536,"template":"","meta":[],"product_cat":[2123],"product_tag":[],"class_list":{"0":"post-16962","1":"product","2":"type-product","3":"status-publish","4":"has-post-thumbnail","6":"product_cat-sampoonid","7":"pa_brand-botaniqa","8":"pa_ean-499","9":"pa_kaal-0-250","10":"pa_tootjariik-poola","12":"first","13":"instock","14":"taxable","15":"shipping-taxable","16":"purchasable","17":"product-type-simple"},"_links":{"self":[{"href":"https:\/\/kasskoer.ee\/en\/wp-json\/wp\/v2\/product\/16962","targetHints":{"allow":["GET"]}}],"collection":[{"href":"https:\/\/kasskoer.ee\/en\/wp-json\/wp\/v2\/product"}],"about":[{"href":"https:\/\/kasskoer.ee\/en\/wp-json\/wp\/v2\/types\/product"}],"wp:featuredmedia":[{"embeddable":true,"href":"https:\/\/kasskoer.ee\/en\/wp-json\/wp\/v2\/media\/6536"}],"wp:attachment":[{"href":"https:\/\/kasskoer.ee\/en\/wp-json\/wp\/v2\/media?parent=16962"}],"wp:term":[{"taxonomy":"product_cat","embeddable":true,"href":"https:\/\/kasskoer.ee\/en\/wp-json\/wp\/v2\/product_cat?post=16962"},{"taxonomy":"product_tag","embeddable":true,"href":"https:\/\/kasskoer.ee\/en\/wp-json\/wp\/v2\/product_tag?post=16962"}],"curies":[{"name":"wp","href":"https:\/\/api.w.org\/{rel}","templated":true}]}}