{"id":16963,"date":"2026-04-20T03:15:36","date_gmt":"2026-04-20T00:15:36","guid":{"rendered":"https:\/\/kasskoer.ee\/product\/botaniqa-show-line-color-enhancing-sampoon-koertele-250ml-2\/"},"modified":"2026-04-20T03:15:38","modified_gmt":"2026-04-20T00:15:38","slug":"botaniqa-show-line-color-enhancing-sampoon-koertele-250ml","status":"publish","type":"product","link":"https:\/\/kasskoer.ee\/en\/toode\/botaniqa-show-line-color-enhancing-sampoon-koertele-250ml\/","title":{"rendered":"Botaniqa Show Line Color Enhancing \u0161ampoon koertele 250ml"},"content":{"rendered":"<p>Karva v\u00e4rvust esile toov \u0161ampoon sisaldab k\u00f5rgekvaliteedilisi koostisaineid, mis aitavad esile tuua karva loomuliku v\u00e4rvuse. Eriti t\u00f5husalt eemaldab kollakad ja&nbsp;hallikad laigud valgekarvalistel koertel. Sobib kasutamiseks igat v\u00e4rvi karvaga&nbsp;koertel, et tuua esile karva v\u00e4rvi erksust. Lisab karvale l\u00e4iget ja s\u00e4ra.<\/p>\n<p> <strong>98,4% koostisaineid on loodusliku p\u00e4ritoluga.<\/strong><\/p>\n<p> <strong>Kasutamine<\/strong>&nbsp;<\/p>\n<p>Tehke karv m\u00e4rjaks ja kandke peale lahjendatud \u0161ampoon. Soovitatav lahjendus on 1:5 kuni 1:15. Masseerige \u0161ampoon karva \u00f5rnalt&nbsp;alates peast kuni sabani, seej\u00e4rel loputage hoolikalt. Peale pesu kasutage koera karvale sobivat palsamit\/maski. Kuivatage koera karv ja harjake karv l\u00e4bi.<\/p>\n<p style=\"margin-left:0px;\"> <strong>Koostis<\/strong><\/p>\n<p style=\"margin-left:0px;\">Vesi, kokamidoprop\u00fc\u00fcl-betaiin, naatriumkokoamfoatsetaat,&nbsp;dinaatriumlaur\u00fc\u00fclsulfosuktsinaati, gl\u00fctseriin, rukkilille \u00f5ieekstrakt,&nbsp;Botaniqa kompleks, v\u00e4rvained, l\u00f5hnaained, s\u00e4ilitusained.<\/p>\n<p> Parabeenide, sulfaatide, PEG-e,&nbsp;silikoonide ja alkoholi vaba !<\/p>\n","protected":false},"excerpt":{"rendered":"<p>Botaniqa Show Line v\u00e4rvust esile toov \u0161ampoon koertele.<\/p>\n","protected":false},"featured_media":6537,"template":"","meta":[],"product_cat":[2123],"product_tag":[],"class_list":{"0":"post-16963","1":"product","2":"type-product","3":"status-publish","4":"has-post-thumbnail","6":"product_cat-sampoonid","7":"pa_brand-botaniqa","8":"pa_ean-505","9":"pa_kaal-0-250","10":"pa_tootjariik-poola","12":"first","13":"instock","14":"taxable","15":"shipping-taxable","16":"purchasable","17":"product-type-simple"},"_links":{"self":[{"href":"https:\/\/kasskoer.ee\/en\/wp-json\/wp\/v2\/product\/16963","targetHints":{"allow":["GET"]}}],"collection":[{"href":"https:\/\/kasskoer.ee\/en\/wp-json\/wp\/v2\/product"}],"about":[{"href":"https:\/\/kasskoer.ee\/en\/wp-json\/wp\/v2\/types\/product"}],"wp:featuredmedia":[{"embeddable":true,"href":"https:\/\/kasskoer.ee\/en\/wp-json\/wp\/v2\/media\/6537"}],"wp:attachment":[{"href":"https:\/\/kasskoer.ee\/en\/wp-json\/wp\/v2\/media?parent=16963"}],"wp:term":[{"taxonomy":"product_cat","embeddable":true,"href":"https:\/\/kasskoer.ee\/en\/wp-json\/wp\/v2\/product_cat?post=16963"},{"taxonomy":"product_tag","embeddable":true,"href":"https:\/\/kasskoer.ee\/en\/wp-json\/wp\/v2\/product_tag?post=16963"}],"curies":[{"name":"wp","href":"https:\/\/api.w.org\/{rel}","templated":true}]}}