{"id":16964,"date":"2026-04-20T03:15:36","date_gmt":"2026-04-20T00:15:36","guid":{"rendered":"https:\/\/kasskoer.ee\/product\/botaniqa-show-line-soothing-shiny-coat-sampoon-koertele-250ml-2\/"},"modified":"2026-04-20T03:15:38","modified_gmt":"2026-04-20T00:15:38","slug":"botaniqa-show-line-soothing-shiny-coat-sampoon-koertele-250ml","status":"publish","type":"product","link":"https:\/\/kasskoer.ee\/en\/toode\/botaniqa-show-line-soothing-shiny-coat-sampoon-koertele-250ml\/","title":{"rendered":"Botaniqa Show Line Soothing &#038; Shiny Coat \u0161ampoon koertele 250ml"},"content":{"rendered":"<p style=\"margin-left:0px;\"><strong>V\u00e4ga \u00f5rn \u0161ampoon teepuu-&nbsp;ja Andiroba \u00f5liga, mis puhastab ja rahustab&nbsp;nahka v\u00e4hendades seel\u00e4bi naha&nbsp;\u00e4rritusi. <\/strong>\u0160ampoon aitab leevendada s\u00fcgelust, tulitavat&nbsp;ja \u00e4rritunud nahka, mis v\u00f5ib olla p\u00f5hjustatud kirbuhammustusest,&nbsp;k\u00f5\u00f5mast v\u00f5i dermatiidist.&nbsp; Hooldab karva ja nahka, andes karvale l\u00e4ike.&nbsp;Sobib kasutamiseks k\u00f5ikidele karvat\u00fc\u00fcpidele.&nbsp; Eriti on soovitatud kasutada&nbsp;koertel, kellel on tundlik nahk v\u00f5i peale p\u00fcgamist.<\/p>\n<p style=\"margin-left:0px;\"><strong>98,5% koostisaineid on loodusliku p\u00e4ritoluga.<\/strong><br \/> &nbsp;<\/p>\n<p style=\"margin-left:0px;\"><strong>Kasutamine<\/strong><\/p>\n<p style=\"margin-left:0px;\">Tehke karv korralikult&nbsp;m\u00e4rjaks ja kandke peale lahjendatud \u0161ampoon.&nbsp;Soovitatav lahjendus on 1:5 kuni 1:15.&nbsp;Masseerige \u0161ampoon karva \u00f5rnalt&nbsp;alates peast kuni sabani, seej\u00e4rel loputage hoolikalt. Kuivatage koera karv ja harjake karv l\u00e4bi nagu tavaliselt.<\/p>\n<p style=\"margin-left:0px;\"><strong>Koostis<\/strong><\/p>\n<p style=\"margin-left:0px;\"><span style=\"background-color:rgb(255,255,255);color:rgb(0,0,0);\">Vesi, kokamidoprop\u00fc\u00fclbetaiin, naatriumkokoamfoatsetaat, dinaatrium laur\u00fc\u00fclsulfosuktsinaat, pol\u00fcgl\u00fctser\u00fc\u00fcl-4-kapraat, naatriumkloriid, pol\u00fcgl\u00fctser\u00fc\u00fcl-6-kapr\u00fclaat, pol\u00fcgl\u00fctser\u00fc\u00fcl-3&nbsp;kookate, pol\u00fcgl\u00fctser\u00fc\u00fcl-6-ritsinoleaat, Cystoseira Compressa ekstrakt, aprikoosipuu&nbsp;viljaekstrakt, virsiku&nbsp;viljaesktrakt, \u00f5una&nbsp;viljaekstrakt, h\u00fcdrol\u00fc\u00fcsitud nisugluteen, Carapa Guaianensis seemne\u00f5li, teepuu lehe \u00f5li, s\u00e4ilitusained.<\/span><\/p>\n<p style=\"margin-left:0px;\"><span style=\"background-color:rgb(255,255,255);color:rgb(0,0,0);\">Parabeenide, sulfaatide, PEG-e, v\u00e4rvainete, silikoonide ja alkoholi vaba!<\/span><\/p>\n","protected":false},"excerpt":{"rendered":"<p>Botaniqa Show Line rahustav &#038; l\u00e4ikivat karva toetav \u0161ampoon koertele.<\/p>\n","protected":false},"featured_media":6538,"template":"","meta":[],"product_cat":[2123],"product_tag":[],"class_list":{"0":"post-16964","1":"product","2":"type-product","3":"status-publish","4":"has-post-thumbnail","6":"product_cat-sampoonid","7":"pa_brand-botaniqa","8":"pa_ean-494","9":"pa_kaal-0-250","10":"pa_tootjariik-poola","12":"first","13":"instock","14":"taxable","15":"shipping-taxable","16":"purchasable","17":"product-type-simple"},"_links":{"self":[{"href":"https:\/\/kasskoer.ee\/en\/wp-json\/wp\/v2\/product\/16964","targetHints":{"allow":["GET"]}}],"collection":[{"href":"https:\/\/kasskoer.ee\/en\/wp-json\/wp\/v2\/product"}],"about":[{"href":"https:\/\/kasskoer.ee\/en\/wp-json\/wp\/v2\/types\/product"}],"wp:featuredmedia":[{"embeddable":true,"href":"https:\/\/kasskoer.ee\/en\/wp-json\/wp\/v2\/media\/6538"}],"wp:attachment":[{"href":"https:\/\/kasskoer.ee\/en\/wp-json\/wp\/v2\/media?parent=16964"}],"wp:term":[{"taxonomy":"product_cat","embeddable":true,"href":"https:\/\/kasskoer.ee\/en\/wp-json\/wp\/v2\/product_cat?post=16964"},{"taxonomy":"product_tag","embeddable":true,"href":"https:\/\/kasskoer.ee\/en\/wp-json\/wp\/v2\/product_tag?post=16964"}],"curies":[{"name":"wp","href":"https:\/\/api.w.org\/{rel}","templated":true}]}}