{"id":16965,"date":"2026-04-20T03:15:36","date_gmt":"2026-04-20T00:15:36","guid":{"rendered":"https:\/\/kasskoer.ee\/product\/botaniqa-show-line-volume-up-sampoon-koertele-250ml-2\/"},"modified":"2026-04-20T03:15:38","modified_gmt":"2026-04-20T00:15:38","slug":"botaniqa-show-line-volume-up-sampoon-koertele-250ml","status":"publish","type":"product","link":"https:\/\/kasskoer.ee\/en\/toode\/botaniqa-show-line-volume-up-sampoon-koertele-250ml\/","title":{"rendered":"Botaniqa Show Line Volume Up \u0161ampoon koertele 250ml"},"content":{"rendered":"<p>Sobib k\u00f5ikidele t\u00f5ugudele, kellel on mahukas karv v\u00f5i kelle karv vajab suuremat vol\u00fc\u00fcmi.&nbsp;V\u00e4ljat\u00f6\u00f6tatud kasutades puuvilla ekstrakti, mis suurendab karva&nbsp;mahtu.&nbsp;Spetsiaalselt v\u00e4ljat\u00f6\u00f6tatud Botaniqa kompleks hooldab karva ja&nbsp;ennetab pusade teket. L\u00f5plik tulemus on vol\u00fc\u00fcmikas karv, mis on katsudes&nbsp;pehme ja naturaalselt mahukas.<\/p>\n<p> <strong>98,6% koostisaineid on loodusliku p\u00e4ritoluga.<\/strong><\/p>\n<p> <strong>Kasutamine<\/strong><\/p>\n<p>Tehke karv m\u00e4rjaks ja kandke peale lahjendatud \u0161ampoon.&nbsp;Soovitatav lahjendus on 1:5. Masseerige \u0161ampoon \u00f5rnalt karva&nbsp;alates peast kuni sabani, seej\u00e4rel loputage hoolikalt. Peale pesu kasutage&nbsp;koera karvale sobivat palsamit\/maski.&nbsp;Kuivatage koera karv ja harjake karv l\u00e4bi nagu tavaliselt.<\/p>\n<p> <strong>Koostis<\/strong><\/p>\n<p>Vesi,&nbsp;kokamidoprop\u00fc\u00fcl-beetaan, naatriumkokoamfoatsetaat, dinaatriumlaur\u00fc\u00fclsulfosuktsinaat, gl\u00fctseriin, Gossypium Herbaceum seemne\u00f5li, Botaniqa&nbsp;kompleks, l\u00f5hnaained, s\u00e4ilitusained.<\/p>\n<p> Parabeenide, sulfaatide, PEG-e, v\u00e4rvainete, silikoonide ja alkoholi vaba !<\/p>\n","protected":false},"excerpt":{"rendered":"<p>Botaniqa Show Line vol\u00fc\u00fcmi andev \u0161hampoon koertele.<\/p>\n","protected":false},"featured_media":6539,"template":"","meta":[],"product_cat":[2123],"product_tag":[],"class_list":{"0":"post-16965","1":"product","2":"type-product","3":"status-publish","4":"has-post-thumbnail","6":"product_cat-sampoonid","7":"pa_brand-botaniqa","8":"pa_ean-506","9":"pa_kaal-0-250","10":"pa_tootjariik-poola","12":"first","13":"instock","14":"taxable","15":"shipping-taxable","16":"purchasable","17":"product-type-simple"},"_links":{"self":[{"href":"https:\/\/kasskoer.ee\/en\/wp-json\/wp\/v2\/product\/16965","targetHints":{"allow":["GET"]}}],"collection":[{"href":"https:\/\/kasskoer.ee\/en\/wp-json\/wp\/v2\/product"}],"about":[{"href":"https:\/\/kasskoer.ee\/en\/wp-json\/wp\/v2\/types\/product"}],"wp:featuredmedia":[{"embeddable":true,"href":"https:\/\/kasskoer.ee\/en\/wp-json\/wp\/v2\/media\/6539"}],"wp:attachment":[{"href":"https:\/\/kasskoer.ee\/en\/wp-json\/wp\/v2\/media?parent=16965"}],"wp:term":[{"taxonomy":"product_cat","embeddable":true,"href":"https:\/\/kasskoer.ee\/en\/wp-json\/wp\/v2\/product_cat?post=16965"},{"taxonomy":"product_tag","embeddable":true,"href":"https:\/\/kasskoer.ee\/en\/wp-json\/wp\/v2\/product_tag?post=16965"}],"curies":[{"name":"wp","href":"https:\/\/api.w.org\/{rel}","templated":true}]}}