{"id":16966,"date":"2026-04-20T03:15:36","date_gmt":"2026-04-20T00:15:36","guid":{"rendered":"https:\/\/kasskoer.ee\/product\/botaniqa-show-line-harsh-shiny-coat-sampoon-koertele-250ml-2\/"},"modified":"2026-04-20T03:15:38","modified_gmt":"2026-04-20T00:15:38","slug":"botaniqa-show-line-harsh-shiny-coat-sampoon-koertele-250ml","status":"publish","type":"product","link":"https:\/\/kasskoer.ee\/en\/toode\/botaniqa-show-line-harsh-shiny-coat-sampoon-koertele-250ml\/","title":{"rendered":"Botaniqa Show Line Harsh &#038; Shiny Coat \u0161ampoon koertele 250ml"},"content":{"rendered":"<p style=\"margin-left:0px;\">Harsh&amp;Shine on spetsiaalselt v\u00e4lja t\u00f6\u00f6tatud&nbsp;\u0161ampoon, et tagada \u00f5ige hooldus&nbsp;karmile ja tugevale karvale.&nbsp;See on hoolduslahendus, mis ei tee karva pehmeks. Aitab hooldada karva loomuliku&nbsp;struktuuri. Sisaldab k\u00f5rgekvaliteedilisi&nbsp;koostisaineid, mis annavad karmile karvale l\u00e4ike.<\/p>\n<p style=\"margin-left:0px;\"><strong>98,4% koostisaineid on loodusliku p\u00e4ritoluga.<\/strong><\/p>\n<p style=\"margin-left:0px;\"> <strong>Soovitatud t\u00f5ud<\/strong><\/p>\n<p style=\"margin-left:0px;\">P\u00f5hjamaised t\u00f5ud, Spits, Samojeed, Husky, Habekolli, Saksa lambakoer,&nbsp;Terjerid, \u0160nautserid, Grifoonid ja k\u00f5ik \u00fclej\u00e4\u00e4nud t\u00f5ud, kellel on karm ja&nbsp;tugev karv.<\/p>\n<p style=\"margin-left:0px;\"><strong>Kasutamine<\/strong><\/p>\n<p style=\"margin-left:0px;\">Tehke karv korralikult&nbsp;m\u00e4rjaks ja kandke peale lahjendatud \u0161ampoon.&nbsp;Soovitatav lahjendus on 1:5 kuni 1:10.&nbsp;Masseerige &nbsp;\u0161ampoon karva \u00f5rnalt&nbsp;alates peast kuni sabani, seej\u00e4rel loputage hoolikalt. Kuivatage koera karv ja harjake karv l\u00e4bi nagu tavaliselt.<br \/> &nbsp;<\/p>\n<p style=\"margin-left:0px;\"><strong>Koostis<\/strong><\/p>\n<p style=\"margin-left:0px;\">Vesi, kookosgl\u00fckosiid, laur\u00fc\u00fclgl\u00fckosiid, kokamidoprop\u00fc\u00fcl- betaiin, gl\u00fctseriin, Botaniqa&nbsp;kompleks,&nbsp;\u00fc<span style=\"color:rgb(77,81,86);\">rt-allikkerssi<\/span> ekstrakt, takja&nbsp;juureekstrakt, aedsalvei leheekstrakt,&nbsp;sidrunipuu kooreekstrakt,&nbsp;hariliku luuderohu leheekstrakt, hariliku seebilille lehe- ja&nbsp;juureekstrakt, p\u00f5isadru&nbsp;ekstrakt, l\u00f5hnaained,&nbsp;s\u00e4ilitusained.<\/p>\n<p> Parabeenide, sulfaatide, PEG-e, v\u00e4rvainete, silikoonide ja alkoholi vaba !<\/p>\n","protected":false},"excerpt":{"rendered":"<p>Botaniqa Show Line karmi &#038; l\u00e4ikiva karva \u0161ampoon koertele.<\/p>\n","protected":false},"featured_media":6540,"template":"","meta":[],"product_cat":[2123],"product_tag":[],"class_list":{"0":"post-16966","1":"product","2":"type-product","3":"status-publish","4":"has-post-thumbnail","6":"product_cat-sampoonid","7":"pa_brand-botaniqa","8":"pa_ean-497","9":"pa_kaal-0-250","10":"pa_tootjariik-poola","12":"first","13":"instock","14":"taxable","15":"shipping-taxable","16":"purchasable","17":"product-type-simple"},"_links":{"self":[{"href":"https:\/\/kasskoer.ee\/en\/wp-json\/wp\/v2\/product\/16966","targetHints":{"allow":["GET"]}}],"collection":[{"href":"https:\/\/kasskoer.ee\/en\/wp-json\/wp\/v2\/product"}],"about":[{"href":"https:\/\/kasskoer.ee\/en\/wp-json\/wp\/v2\/types\/product"}],"wp:featuredmedia":[{"embeddable":true,"href":"https:\/\/kasskoer.ee\/en\/wp-json\/wp\/v2\/media\/6540"}],"wp:attachment":[{"href":"https:\/\/kasskoer.ee\/en\/wp-json\/wp\/v2\/media?parent=16966"}],"wp:term":[{"taxonomy":"product_cat","embeddable":true,"href":"https:\/\/kasskoer.ee\/en\/wp-json\/wp\/v2\/product_cat?post=16966"},{"taxonomy":"product_tag","embeddable":true,"href":"https:\/\/kasskoer.ee\/en\/wp-json\/wp\/v2\/product_tag?post=16966"}],"curies":[{"name":"wp","href":"https:\/\/api.w.org\/{rel}","templated":true}]}}