{"id":16967,"date":"2026-04-20T03:15:36","date_gmt":"2026-04-20T00:15:36","guid":{"rendered":"https:\/\/kasskoer.ee\/product\/botaniqa-show-line-smooth-detangling-sampoon-koertele-250ml-2\/"},"modified":"2026-04-20T03:15:38","modified_gmt":"2026-04-20T00:15:38","slug":"botaniqa-show-line-smooth-detangling-sampoon-koertele-250ml","status":"publish","type":"product","link":"https:\/\/kasskoer.ee\/en\/toode\/botaniqa-show-line-smooth-detangling-sampoon-koertele-250ml\/","title":{"rendered":"Botaniqa Show Line Smooth Detangling \u0161ampoon koertele 250ml"},"content":{"rendered":"<p>V\u00e4ga t\u00f5hus aktiivsete koostisainete kompleks, mis on v\u00e4ljat\u00f6\u00f6tatud pikakarvaliste ja poolpikakarvaliste koerte pesuks. &nbsp;Niisutab, kaitseb, teeb karva&nbsp;siidisemaks ja l\u00e4ikivamaks ning kergemini kammitavamaks.Regulaarsel kasutusel taastab karva ja aitab hoida pusavabana. Sisaldab Botaniqa ja Keratiini&nbsp;kompleksi, mis annab kauakestva hooldusefekti. F\u00f6\u00f6nitamine peale pesu&nbsp;aitab aktiveerida toote aktiivseid osakesi ja tugevdab toimet. &nbsp;Soovitatav&nbsp;kasutada koos s\u00fcgavhooldava maskiga (Intense Treatment Coat Mask),&nbsp;et saada parimat tulemust.<\/p>\n<p> <strong>Sobib:<\/strong> Yorkshire terjer, Shih tzu, Afganistaani hurt, Lhasa Apso, Malta&nbsp;koer, Hiina &nbsp;harjaskoer, Havanna koer, Ameerika kokkerspanjel, Inglise&nbsp;kokkerspanjel, Cavalier King Charles Spanjel, Iiri punane setter, Springer&nbsp;Spanjelid, Kuldne retriiver, Siledakarvaline retriiver, Habekolli, Poola&nbsp;lauskmaa lambakoer, Austraalia siiditerjer.<\/p>\n<p> <strong>98,4% koostisaineid on loodusliku p\u00e4ritoluga.<\/strong><\/p>\n<p> <strong>Kasutamine<\/strong><\/p>\n<p>Tehke koer m\u00e4rjaks ja kandke&nbsp;peale lahjendatud \u0161ampoon. Soovitatav lahjendus on 1:5 kuni 1:15. Masseerige \u0161ampoon karva \u00f5rnalt alates peast kuni sabani, seej\u00e4rel&nbsp;loputage hoolikalt. Kui eelpesu on vajalik, kasutage s\u00fcgavpuhastavat&nbsp;(Basic Deep Clean) \u0161ampooni. Peale \u0161ampoonitamist kasutage s\u00fcgavhooldavat maski (Intense Treatment Coat Mask). Oluline on enne harjamist koer<br \/> kuivatada.<\/p>\n<p> <strong>Koostis<\/strong><\/p>\n<p>Vesi, kokamidoprop\u00fc\u00fcl-beetaan, naatriumkokoamfoatsetaat,&nbsp;dinaatriumlaur\u00fc\u00fclsulfosuktsinaat, gl\u00fctseriin, Botaniqa kompleks, Porphyra&nbsp;Umbilicalis ekstrakt, h\u00fcdrol\u00fc\u00fcsitud keratiin, h\u00fcdrol\u00fc\u00fcsitud siid, avokaado&nbsp;vilja ekstrakt, h\u00fcdrol\u00fc\u00fcsitud nisugluteen, l\u00f5hnaained, s\u00e4ilitusained.<\/p>\n<p> Parabeenide, sulfaatide, PEG-e, v\u00e4rvainete, silikoonide ja alkoholi vaba !<\/p>\n","protected":false},"excerpt":{"rendered":"<p>Botaniqa Show Line pusasid ennetav ja karva siluv \u0161ampoon keskmise ja pika karvaga koertele.<\/p>\n","protected":false},"featured_media":6541,"template":"","meta":[],"product_cat":[2123],"product_tag":[],"class_list":{"0":"post-16967","1":"product","2":"type-product","3":"status-publish","4":"has-post-thumbnail","6":"product_cat-sampoonid","7":"pa_brand-botaniqa","8":"pa_ean-501","9":"pa_kaal-0-250","10":"pa_tootjariik-poola","12":"first","13":"instock","14":"taxable","15":"shipping-taxable","16":"purchasable","17":"product-type-simple"},"_links":{"self":[{"href":"https:\/\/kasskoer.ee\/en\/wp-json\/wp\/v2\/product\/16967","targetHints":{"allow":["GET"]}}],"collection":[{"href":"https:\/\/kasskoer.ee\/en\/wp-json\/wp\/v2\/product"}],"about":[{"href":"https:\/\/kasskoer.ee\/en\/wp-json\/wp\/v2\/types\/product"}],"wp:featuredmedia":[{"embeddable":true,"href":"https:\/\/kasskoer.ee\/en\/wp-json\/wp\/v2\/media\/6541"}],"wp:attachment":[{"href":"https:\/\/kasskoer.ee\/en\/wp-json\/wp\/v2\/media?parent=16967"}],"wp:term":[{"taxonomy":"product_cat","embeddable":true,"href":"https:\/\/kasskoer.ee\/en\/wp-json\/wp\/v2\/product_cat?post=16967"},{"taxonomy":"product_tag","embeddable":true,"href":"https:\/\/kasskoer.ee\/en\/wp-json\/wp\/v2\/product_tag?post=16967"}],"curies":[{"name":"wp","href":"https:\/\/api.w.org\/{rel}","templated":true}]}}