{"id":16968,"date":"2026-04-20T03:15:36","date_gmt":"2026-04-20T00:15:36","guid":{"rendered":"https:\/\/kasskoer.ee\/product\/botaniqa-show-line-basic-deep-clean-sampoon-koertele-250ml-2\/"},"modified":"2026-04-20T03:15:38","modified_gmt":"2026-04-20T00:15:38","slug":"botaniqa-show-line-basic-deep-clean-sampoon-koertele-250ml","status":"publish","type":"product","link":"https:\/\/kasskoer.ee\/en\/toode\/botaniqa-show-line-basic-deep-clean-sampoon-koertele-250ml\/","title":{"rendered":"Botaniqa Show Line Basic Deep Clean \u0161ampoon koertele 250ml"},"content":{"rendered":"<p>S\u00fcgavpuhastav \u0161ampoon on loodud kasutades Aloe Vera \u00f6ko geeli, mis eemaldab karvast kogu mustuse, ebameeldiva l\u00f5hna ja kosmeetika j\u00e4\u00e4gid, olles&nbsp;seejuures \u00f5rn nahale ja karvale. Soovitav kasutada karvahoolduse esimese&nbsp;etapina. Suurep\u00e4rane toode karvahooldussalongidele ja kasvatajatele kosmeetika j\u00e4\u00e4kide eemaldamiseks karvast.<br \/> Sobib kasutamiseks k\u00f5ikidel t\u00f5ugudel karvahoolduse esimese etapina s\u00fcgavpuhastamiseks mustusest ja kosmeetika j\u00e4\u00e4kidest.<\/p>\n<p> <strong>98,5% koostisaineid on loodusliku p\u00e4ritoluga.<\/strong><\/p>\n<p> <strong>Kasutamine<\/strong><\/p>\n<p>Tehke karv korralikult&nbsp;m\u00e4rjaks ja kandke peale lahjendatud \u0161ampoon.&nbsp;Soovitatav lahjendus on 1:5 kuni 1:15.&nbsp;Masseerige &nbsp;\u0161ampoon karva \u00f5rnalt&nbsp;alates peast kuni sabani, seej\u00e4rel loputage hoolikalt. Kuivatage koera karv ja harjake karv l\u00e4bi nagu tavaliselt.<\/p>\n<p> <strong>Koostis<\/strong><\/p>\n<p>Vesi, naatriumkokoamfoatsetaat, kokamidoprop\u00fc\u00fclbetaiin, dinaatriumlaur\u00fc\u00fclsulfosuktsinaat, aaloe lehemahl, gl\u00fctseriin, l\u00f5hnaained,&nbsp;s\u00e4ilitusained.<\/p>\n<p> Parabeenide, sulfaatide, PEG-e, v\u00e4rvainete, silikoonide ja alkoholi vaba!<\/p>\n","protected":false},"excerpt":{"rendered":"<p>Botaniqa Show Line Basic s\u00fcgavpuhastav \u0161hampoon koertele 250ml.<\/p>\n","protected":false},"featured_media":6542,"template":"","meta":[],"product_cat":[2123],"product_tag":[],"class_list":{"0":"post-16968","1":"product","2":"type-product","3":"status-publish","4":"has-post-thumbnail","6":"product_cat-sampoonid","7":"pa_brand-botaniqa","8":"pa_ean-496","9":"pa_kaal-0-250","10":"pa_tootjariik-poola","12":"first","13":"instock","14":"taxable","15":"shipping-taxable","16":"purchasable","17":"product-type-simple"},"_links":{"self":[{"href":"https:\/\/kasskoer.ee\/en\/wp-json\/wp\/v2\/product\/16968","targetHints":{"allow":["GET"]}}],"collection":[{"href":"https:\/\/kasskoer.ee\/en\/wp-json\/wp\/v2\/product"}],"about":[{"href":"https:\/\/kasskoer.ee\/en\/wp-json\/wp\/v2\/types\/product"}],"wp:featuredmedia":[{"embeddable":true,"href":"https:\/\/kasskoer.ee\/en\/wp-json\/wp\/v2\/media\/6542"}],"wp:attachment":[{"href":"https:\/\/kasskoer.ee\/en\/wp-json\/wp\/v2\/media?parent=16968"}],"wp:term":[{"taxonomy":"product_cat","embeddable":true,"href":"https:\/\/kasskoer.ee\/en\/wp-json\/wp\/v2\/product_cat?post=16968"},{"taxonomy":"product_tag","embeddable":true,"href":"https:\/\/kasskoer.ee\/en\/wp-json\/wp\/v2\/product_tag?post=16968"}],"curies":[{"name":"wp","href":"https:\/\/api.w.org\/{rel}","templated":true}]}}