{"id":16969,"date":"2026-04-20T03:15:36","date_gmt":"2026-04-20T00:15:36","guid":{"rendered":"https:\/\/kasskoer.ee\/product\/botaniqa-show-line-intense-treatment-coat-karvahooldus-mask-koertele-250ml-2\/"},"modified":"2026-04-20T03:15:38","modified_gmt":"2026-04-20T00:15:38","slug":"botaniqa-show-line-intense-treatment-coat-karvahooldus-mask-koertele-250ml","status":"publish","type":"product","link":"https:\/\/kasskoer.ee\/en\/toode\/botaniqa-show-line-intense-treatment-coat-karvahooldus-mask-koertele-250ml\/","title":{"rendered":"Botaniqa Show Line Intense Treatment Coat karvahooldus mask koertele 250ml"},"content":{"rendered":"<p style=\"margin-left:0px;\">Kollageen \u2013 keratiin mask on v\u00e4lja t\u00f6\u00f6tatud taastama, s\u00fcgavniisutama ja&nbsp;kaitsma koerte karva.&nbsp; Lisab &nbsp;l\u00e4iget ja silub karva.&nbsp; Aitab karva hooldada, teeb&nbsp;harjamise ja modelleerimise lihtsamaks.&nbsp; Pidevalt kasutades tugevdab karva,&nbsp;teeb karva tervemaks ja lisab l\u00e4iget, v\u00e4hendades karva katkemise ja kahjustamise riski. Suurep\u00e4rane vahend karva taastamiseks ja pusavabana hoidmiseks. Veega&nbsp;lahjendatuna v\u00f5ib j\u00e4tta ka karva sisse, tagamaks karva hooldust n\u00e4ituste vahepeal.<\/p>\n<p style=\"margin-left:0px;\"> <strong>99,1% koostisaineid on loodusliku p\u00e4ritoluga.<\/strong><\/p>\n<p> <strong>Soovitatud t\u00f5ud<\/strong><\/p>\n<p style=\"margin-left:0px;\">Yorkshire Terjer,&nbsp;Shih tzu,&nbsp;Afganistaani hurt,&nbsp;Lhasa Apso,&nbsp;Malta koer,&nbsp;Hiina &nbsp;harjaskoer,&nbsp;Havanna koer,&nbsp;Ameerika kokkerspanjel,&nbsp;Inglise&nbsp;kokkerspanjel,&nbsp;Cavalier King Charles Spanjel,&nbsp;Iiri punane&nbsp;setter,&nbsp;Springer&nbsp;Spanjelid,&nbsp;Kuldne retriiver,&nbsp;Siledakarvaline retriiver,&nbsp;Habekolli,&nbsp;Poola&nbsp;lauskmaa lambakoer,&nbsp;Austraalia siiditerjer.<\/p>\n<p style=\"margin-left:0px;\"> <strong>Kasutamine<\/strong><\/p>\n<p style=\"margin-left:0px;\">Toodet v\u00f5ib kasutada vajadusel&nbsp;ka konsetreeritult. Tavakasutuseks lahjendage toode veega&nbsp;(1:5 &#8211; 1:20). Peale \u0161ampooniga pesemist, kasutage maski, masseerides seda \u00f5rnalt karva&nbsp;sisse. Hoidke peal m\u00f5ni minut ja loputage hoolikalt v\u00e4lja. Oluline on, et kuivataksite karva enne harjamist.<\/p>\n<p> <strong>Koostis<\/strong><\/p>\n<p style=\"margin-left:0px;\">Vesi, tsetear\u00fc\u00fclalkohol, gl\u00fctseriin, kollageen, behentrimonium kloriid, Botaniqa kompleks,&nbsp;Porphyra Umbilicalis vetikaekstrakt, h\u00fcdrol\u00fc\u00fcsitud keratiin, avokaado&nbsp;viljaekstrakt, h\u00fcdrol\u00fc\u00fcsitud&nbsp;munavalge, h\u00fcdrol\u00fc\u00fcsitud siid, h\u00fcdrol\u00fc\u00fcsitud nisugluteen, l\u00f5hnaained, s\u00e4ilitusained.<\/p>\n<p> Parabeenide, sulfaatide, PEG-e, v\u00e4rvainete ja&nbsp;silikoonide vaba !<\/p>\n","protected":false},"excerpt":{"rendered":"<p>Botaniqa Show Line s\u00fcgavhooldav mask koerakarvale.<\/p>\n","protected":false},"featured_media":6543,"template":"","meta":[],"product_cat":[2123],"product_tag":[],"class_list":{"0":"post-16969","1":"product","2":"type-product","3":"status-publish","4":"has-post-thumbnail","6":"product_cat-sampoonid","7":"pa_brand-botaniqa","8":"pa_ean-498","9":"pa_kaal-0-250","10":"pa_tootjariik-poola","12":"first","13":"instock","14":"taxable","15":"shipping-taxable","16":"purchasable","17":"product-type-simple"},"_links":{"self":[{"href":"https:\/\/kasskoer.ee\/en\/wp-json\/wp\/v2\/product\/16969","targetHints":{"allow":["GET"]}}],"collection":[{"href":"https:\/\/kasskoer.ee\/en\/wp-json\/wp\/v2\/product"}],"about":[{"href":"https:\/\/kasskoer.ee\/en\/wp-json\/wp\/v2\/types\/product"}],"wp:featuredmedia":[{"embeddable":true,"href":"https:\/\/kasskoer.ee\/en\/wp-json\/wp\/v2\/media\/6543"}],"wp:attachment":[{"href":"https:\/\/kasskoer.ee\/en\/wp-json\/wp\/v2\/media?parent=16969"}],"wp:term":[{"taxonomy":"product_cat","embeddable":true,"href":"https:\/\/kasskoer.ee\/en\/wp-json\/wp\/v2\/product_cat?post=16969"},{"taxonomy":"product_tag","embeddable":true,"href":"https:\/\/kasskoer.ee\/en\/wp-json\/wp\/v2\/product_tag?post=16969"}],"curies":[{"name":"wp","href":"https:\/\/api.w.org\/{rel}","templated":true}]}}