{"id":16970,"date":"2026-04-20T03:15:36","date_gmt":"2026-04-20T00:15:36","guid":{"rendered":"https:\/\/kasskoer.ee\/product\/botaniqa-show-line-karvakasvu-kiirendav-seerum-koertele-250ml-2\/"},"modified":"2026-04-20T03:15:38","modified_gmt":"2026-04-20T00:15:38","slug":"botaniqa-show-line-karvakasvu-kiirendav-seerum-koertele-250ml","status":"publish","type":"product","link":"https:\/\/kasskoer.ee\/en\/toode\/botaniqa-show-line-karvakasvu-kiirendav-seerum-koertele-250ml\/","title":{"rendered":"Botaniqa Show Line karvakasvu kiirendav seerum koertele 250ml"},"content":{"rendered":"<p>V\u00e4ga t\u00f5hus kombinatsioon valitud toimeainetest, mis on loodud karva taastamiseks, niisutamiseks ja toitmiseks, s\u00f5ltumata selle struktuurist. Soovitatav regulaarseks kasutamiseks, eriti n\u00e4ituste vahel, et parandada karvkatte seisundit. Toode suurendab oluliselt hooldustoodete efektiivsust, tugevdab nende toite- ja taastamisomadusi. Sisaldab koostisosi, mis kaitsevad k\u00f5rgete temperatuuride eest ning keratiini, mis kaitseb karvapusade tekkimise eest. Seerum h\u00f5lbustab kammimist ja toimib antistaatiliselt.<br \/>&#13;<br \/>\n<br \/>&#13;<br \/>\n<b>Kasutamine<\/b><br \/>&#13;<br \/>\nEnne kasutamist loksutada. Lisage seerum \u0161ampoonile ja\/v\u00f5i palsamile. Soovitatav annus on 10-20%. Lisage m\u00f5\u00f5detud kogus seerumit \u0161ampoonile enne selle lahjendamist. Seerum tuleb hoolikalt segada tootega, millele see on lisatud, ja seej\u00e4rel j\u00e4tkata nagu tavalise pesu puhul. <br \/>&#13;<br \/>\n<br \/>&#13;<br \/>\n<b>Koostis<\/b><br \/>&#13;<br \/>\nGl\u00fctseriin, h\u00fcdrol\u00fc\u00fcsitud keratiin, h\u00fcdrol\u00fc\u00fcsitud nisugluteen, Botaniqa kompleks, Porphyra Umbilicalis&#8217;e ekstrakt, h\u00fcdrol\u00fc\u00fcsitud siid, h\u00fcdrol\u00fc\u00fcsitud albumiin, Cystoseira Compressa ekstrakt, s\u00e4ilitusaine<br \/>&#13;<br \/>\n<br \/>&#13;<br \/>\nToode ei sisalda parabeene, alkoholi, silikoone ega kunstlikke t\u00e4iteaineid!<\/p>\n","protected":false},"excerpt":{"rendered":"<p>Botaniqa Show Line karvakasvu kiirendav seerum koertele.<\/p>\n","protected":false},"featured_media":13868,"template":"","meta":[],"product_cat":[2123],"product_tag":[],"class_list":{"0":"post-16970","1":"product","2":"type-product","3":"status-publish","4":"has-post-thumbnail","6":"product_cat-sampoonid","7":"pa_brand-botaniqa","8":"pa_ean-2132","9":"pa_kaal-0-250","10":"pa_tootjariik-poola","12":"first","13":"outofstock","14":"taxable","15":"shipping-taxable","16":"purchasable","17":"product-type-simple"},"_links":{"self":[{"href":"https:\/\/kasskoer.ee\/en\/wp-json\/wp\/v2\/product\/16970","targetHints":{"allow":["GET"]}}],"collection":[{"href":"https:\/\/kasskoer.ee\/en\/wp-json\/wp\/v2\/product"}],"about":[{"href":"https:\/\/kasskoer.ee\/en\/wp-json\/wp\/v2\/types\/product"}],"wp:featuredmedia":[{"embeddable":true,"href":"https:\/\/kasskoer.ee\/en\/wp-json\/wp\/v2\/media\/13868"}],"wp:attachment":[{"href":"https:\/\/kasskoer.ee\/en\/wp-json\/wp\/v2\/media?parent=16970"}],"wp:term":[{"taxonomy":"product_cat","embeddable":true,"href":"https:\/\/kasskoer.ee\/en\/wp-json\/wp\/v2\/product_cat?post=16970"},{"taxonomy":"product_tag","embeddable":true,"href":"https:\/\/kasskoer.ee\/en\/wp-json\/wp\/v2\/product_tag?post=16970"}],"curies":[{"name":"wp","href":"https:\/\/api.w.org\/{rel}","templated":true}]}}