{"id":16971,"date":"2026-04-20T03:15:36","date_gmt":"2026-04-20T00:15:36","guid":{"rendered":"https:\/\/kasskoer.ee\/product\/botaniqa-show-line-deep-conditioning-karvahooldus-oli-koertele-250ml-2\/"},"modified":"2026-04-20T03:15:39","modified_gmt":"2026-04-20T00:15:39","slug":"botaniqa-show-line-deep-conditioning-karvahooldus-oli-koertele-250ml","status":"publish","type":"product","link":"https:\/\/kasskoer.ee\/en\/toode\/botaniqa-show-line-deep-conditioning-karvahooldus-oli-koertele-250ml\/","title":{"rendered":"Botaniqa Show Line Deep Conditioning karvahooldus \u00f5li koertele 250ml"},"content":{"rendered":"<p>V\u00e4ga t\u00f5hus segu spetsiaalsetest valitud looduslikest \u00f5lidest karvkatte maksimaalseks toitmiseks ja kaitseks. Toode sisaldab segu kookosp\u00e4hkli-, avokaado-, nisuidu-, andiroba-, \u00f5htupriimula ja viinamarjaseemne\u00f5lidest. Kaitseb mattumise ja pulstumise eest. Ideaalne karvkatte niisutamiseks ja taastamiseks. Toode ei sisalda kunstlikke t\u00e4iteaineid, alkoholi ega silikooni, ei muuda karva loomulikku v\u00e4rvi. V\u00e4ga t\u00f5hus, pakub kauakestvat kaitset.<br \/>&#13;<br \/>\n<br \/>&#13;<br \/>\n<b>Kasutamine<\/b><br \/>&#13;<br \/>\nEnne kasutamist loksutada. \u00d5li v\u00f5ib kasutada palsami v\u00f5i maski lisandina, et t\u00f5sta selle toiteomadusi. Olenevalt karvat\u00fc\u00fcbist v\u00f5ib lisatava toote kogus varieeruda. Soovitatav on lisada paar tilka toodet ja segada hoolikalt.<br \/>&#13;<br \/>\n<br \/>&#13;<br \/>\n<b>Koostis<\/b><br \/>&#13;<br \/>\nCocos Nucifera \u00f5li, Helianthus Annuus seemne\u00f5li, Triticum Vulgare idu\u00f5li, Vitis Vinifera seemne\u00f5li, Oenothera Biennise \u00f5li, Carapa Guaianensise seemne\u00f5li, Persea Gratissima \u00f5li, tokofer\u00fc\u00fclatsetaat, tokoferool.<br \/>&#13;<br \/>\n<br \/>&#13;<br \/>\nToode ei sisalda parabeene, alkoholi, silikoone ega kunstlikke t\u00e4iteaineid!<\/p>\n","protected":false},"excerpt":{"rendered":"<p>Botaniqa Deep Conditioning karvahooldus \u00f5li koertele.<\/p>\n","protected":false},"featured_media":13870,"template":"","meta":[],"product_cat":[2123],"product_tag":[],"class_list":{"0":"post-16971","1":"product","2":"type-product","3":"status-publish","4":"has-post-thumbnail","6":"product_cat-sampoonid","7":"pa_brand-botaniqa","8":"pa_ean-2133","9":"pa_kaal-0-250","10":"pa_tootjariik-poola","12":"first","13":"instock","14":"taxable","15":"shipping-taxable","16":"purchasable","17":"product-type-simple"},"_links":{"self":[{"href":"https:\/\/kasskoer.ee\/en\/wp-json\/wp\/v2\/product\/16971","targetHints":{"allow":["GET"]}}],"collection":[{"href":"https:\/\/kasskoer.ee\/en\/wp-json\/wp\/v2\/product"}],"about":[{"href":"https:\/\/kasskoer.ee\/en\/wp-json\/wp\/v2\/types\/product"}],"wp:featuredmedia":[{"embeddable":true,"href":"https:\/\/kasskoer.ee\/en\/wp-json\/wp\/v2\/media\/13870"}],"wp:attachment":[{"href":"https:\/\/kasskoer.ee\/en\/wp-json\/wp\/v2\/media?parent=16971"}],"wp:term":[{"taxonomy":"product_cat","embeddable":true,"href":"https:\/\/kasskoer.ee\/en\/wp-json\/wp\/v2\/product_cat?post=16971"},{"taxonomy":"product_tag","embeddable":true,"href":"https:\/\/kasskoer.ee\/en\/wp-json\/wp\/v2\/product_tag?post=16971"}],"curies":[{"name":"wp","href":"https:\/\/api.w.org\/{rel}","templated":true}]}}