{"id":16972,"date":"2026-04-20T03:15:36","date_gmt":"2026-04-20T00:15:36","guid":{"rendered":"https:\/\/kasskoer.ee\/product\/botaniqa-active-line-moisturizing-protection-karvahooldus-mask-koertele-250ml-2\/"},"modified":"2026-04-20T03:15:39","modified_gmt":"2026-04-20T00:15:39","slug":"botaniqa-active-line-moisturizing-protection-karvahooldus-mask-koertele-250ml","status":"publish","type":"product","link":"https:\/\/kasskoer.ee\/en\/toode\/botaniqa-active-line-moisturizing-protection-karvahooldus-mask-koertele-250ml\/","title":{"rendered":"Botaniqa Active Line Moisturizing &#038; Protection karvahooldus mask koertele 250ml"},"content":{"rendered":"<p>Aktiivsete koostisosade rikas intensiivne toitev karvkatte mask, mis on m\u00f5eldud n\u00f5udlikule karvkatte t\u00fc\u00fcbile. Pakub karvkattele tugevust, s\u00e4ra ja kaitset. Taastab karva ja juuri tugevdades neid seestpoolt. Aitab eemaldada ja ennetada karvapusasid. Parima tulemuse saab saavutada koos Active Line \u0161ampooniga.&#13;<br \/>\n<br \/>&#13;<br \/>\n<br \/><b>Kasutamine<\/b><br \/>&#13;<br \/>\nToodet v\u00f5ib kasutada vajadusel ka konsetreeritult. Tavakasutuseks lahjendage toode veega (1:5 &#8211; 1:20). Peale \u0161ampooniga pesemist, kasutage maski, masseerides seda \u00f5rnalt karva sisse. Hoidke peal 2-5 minutit ja loputage hoolikalt v\u00e4lja. Oluline on, et kuivataksite karva enne harjamist.<\/p>\n<p>&#13;<br \/>\n<b>Koostis<\/b><br \/>&#13;<br \/>\nVesi, tsetear\u00fc\u00fclalkohol, gl\u00fctseriin, kollageen, h\u00fcdrogeenitud et\u00fc\u00fcleks\u00fc\u00fclolivaat, behentrimooniumkloriid, uurea, isoprop\u00fc\u00fclm\u00fcristaat, mascadamia ternifolia seemne\u00f5li, botaniqa kompleks, olus\u00f5li, Theobroma Grandiflorum seemnev\u00f5i, h\u00fcdrogeenimata ts\u00fcdrogeenitud oliivi\u00f5li, Cystoseria Compressa ekstrakt, h\u00fcdroliseeritud siid, Porphyra Umbilicalis ekstrakt, Caesalpinia Spinosa kummi, pol\u00fckvaternium-7, guarh\u00fcdroks\u00fcprop\u00fc\u00fcltrimooniumkloriid, parf\u00fc\u00fcm, s\u00e4ilitusaine.<\/p>\n","protected":false},"excerpt":{"rendered":"<p>Botaniqa Active Line s\u00fcgavhooldav mask koerakarvale.<\/p>\n","protected":false},"featured_media":13872,"template":"","meta":[],"product_cat":[2123],"product_tag":[],"class_list":{"0":"post-16972","1":"product","2":"type-product","3":"status-publish","4":"has-post-thumbnail","6":"product_cat-sampoonid","7":"pa_brand-botaniqa","8":"pa_ean-2134","9":"pa_kaal-0-250","10":"pa_tootjariik-poola","12":"first","13":"outofstock","14":"taxable","15":"shipping-taxable","16":"purchasable","17":"product-type-simple"},"_links":{"self":[{"href":"https:\/\/kasskoer.ee\/en\/wp-json\/wp\/v2\/product\/16972","targetHints":{"allow":["GET"]}}],"collection":[{"href":"https:\/\/kasskoer.ee\/en\/wp-json\/wp\/v2\/product"}],"about":[{"href":"https:\/\/kasskoer.ee\/en\/wp-json\/wp\/v2\/types\/product"}],"wp:featuredmedia":[{"embeddable":true,"href":"https:\/\/kasskoer.ee\/en\/wp-json\/wp\/v2\/media\/13872"}],"wp:attachment":[{"href":"https:\/\/kasskoer.ee\/en\/wp-json\/wp\/v2\/media?parent=16972"}],"wp:term":[{"taxonomy":"product_cat","embeddable":true,"href":"https:\/\/kasskoer.ee\/en\/wp-json\/wp\/v2\/product_cat?post=16972"},{"taxonomy":"product_tag","embeddable":true,"href":"https:\/\/kasskoer.ee\/en\/wp-json\/wp\/v2\/product_tag?post=16972"}],"curies":[{"name":"wp","href":"https:\/\/api.w.org\/{rel}","templated":true}]}}