{"id":16976,"date":"2026-04-20T03:15:39","date_gmt":"2026-04-20T00:15:39","guid":{"rendered":"https:\/\/kasskoer.ee\/product\/botaniqa-active-line-moisturizing-protection-sampoon-koertele-250ml-2\/"},"modified":"2026-04-20T03:15:39","modified_gmt":"2026-04-20T00:15:39","slug":"botaniqa-active-line-moisturizing-protection-sampoon-koertele-250ml","status":"publish","type":"product","link":"https:\/\/kasskoer.ee\/en\/toode\/botaniqa-active-line-moisturizing-protection-sampoon-koertele-250ml\/","title":{"rendered":"Botaniqa Active Line Moisturizing &#038; Protection \u0161ampoon koertele 250ml"},"content":{"rendered":"<li>Puhastab karva s\u00e4ilitades pikaajalise kaitse.<\/li>\n<p>&#13;<\/p>\n<li>S\u00fcgavniisutav kompleks tungib s\u00fcgavale karva maksimaalse efekti saavutamiseks.<\/li>\n<p>&#13;<\/p>\n<li>\u0160ampoon sobib suurep\u00e4raselt koertele, kellel on pikk ja n\u00f5udlik karv.<\/li>\n<p>&#13;<\/p>\n<li>Aitab eemaldada ja ennetada karvapusasid.<\/li>\n<p>&#13;<br \/>\n<br \/>&#13;<br \/>\n<b>Kasutamine<\/b><br \/>&#13;<br \/>\nLahjendage toodet veega vahekorras 1:5 &#8211; 1:20. Kandke \u0161ampooni \u00fchtlaselt m\u00e4rjale kasukale. Masseerige \u00f5rnalt karvale, seej\u00e4rel loputage hoolikalt. Parima tulemuse saavutamiseks kasutage lisaks ka Active Line karvahooldus maski.&#13;<br \/>\n<br \/>&#13;<br \/>\n<br \/><b>Koostis<\/b><br \/>&#13;<br \/>\nVesi, gl\u00fctseriin, naatriumlaureetsulfaat, naatrium-kookoamfoatsetaat, kollageen, palmitamidoprop\u00fc\u00fcltrimooniumkloriidi uurea, prop\u00fcleengl\u00fckool, h\u00fcdrol\u00fc\u00fcsitud siid, porphyra umbilicalis ekstrakt, botaniqa kompleks, cystoseira compressa ekstrakt, theobroma grandiflorum seemnev\u00f5i, guarh\u00fcdroks\u00fcprop\u00fc\u00fcltrimooniumkloriid, pol\u00fckvaternium-7, sidrunhape, parf\u00fc\u00fcm, s\u00e4ilitusaine.<\/p>\n","protected":false},"excerpt":{"rendered":"<p>Botaniqa Active Line niisutav ja kaitsev \u0161ampoon koertele.<\/p>\n","protected":false},"featured_media":13874,"template":"","meta":[],"product_cat":[2123],"product_tag":[],"class_list":{"0":"post-16976","1":"product","2":"type-product","3":"status-publish","4":"has-post-thumbnail","6":"product_cat-sampoonid","7":"pa_brand-botaniqa","8":"pa_ean-2124","9":"pa_kaal-0-250","10":"pa_tootjariik-poola","12":"first","13":"instock","14":"taxable","15":"shipping-taxable","16":"purchasable","17":"product-type-simple"},"_links":{"self":[{"href":"https:\/\/kasskoer.ee\/en\/wp-json\/wp\/v2\/product\/16976","targetHints":{"allow":["GET"]}}],"collection":[{"href":"https:\/\/kasskoer.ee\/en\/wp-json\/wp\/v2\/product"}],"about":[{"href":"https:\/\/kasskoer.ee\/en\/wp-json\/wp\/v2\/types\/product"}],"wp:featuredmedia":[{"embeddable":true,"href":"https:\/\/kasskoer.ee\/en\/wp-json\/wp\/v2\/media\/13874"}],"wp:attachment":[{"href":"https:\/\/kasskoer.ee\/en\/wp-json\/wp\/v2\/media?parent=16976"}],"wp:term":[{"taxonomy":"product_cat","embeddable":true,"href":"https:\/\/kasskoer.ee\/en\/wp-json\/wp\/v2\/product_cat?post=16976"},{"taxonomy":"product_tag","embeddable":true,"href":"https:\/\/kasskoer.ee\/en\/wp-json\/wp\/v2\/product_tag?post=16976"}],"curies":[{"name":"wp","href":"https:\/\/api.w.org\/{rel}","templated":true}]}}