{"id":16979,"date":"2026-04-20T03:15:39","date_gmt":"2026-04-20T00:15:39","guid":{"rendered":"https:\/\/kasskoer.ee\/product\/record-metallkauss-045l-2\/"},"modified":"2026-04-20T03:15:39","modified_gmt":"2026-04-20T00:15:39","slug":"record-metallkauss-045l","status":"publish","type":"product","link":"https:\/\/kasskoer.ee\/en\/toode\/record-metallkauss-045l\/","title":{"rendered":"Record metallkauss 0,45L"},"content":{"rendered":"<li>Kvaliteetne roostevabast terasest libisemiskindel kauss. <\/li>\n","protected":false},"excerpt":{"rendered":"<p>Record roostevabast terasest s\u00f6\u00f6gin\u00f5u.<\/p>\n","protected":false},"featured_media":13880,"template":"","meta":[],"product_cat":[1319],"product_tag":[],"class_list":{"0":"post-16979","1":"product","2":"type-product","3":"status-publish","4":"has-post-thumbnail","6":"product_cat-koerte-sooginoud","7":"pa_brand-record","8":"pa_ean-2534","9":"pa_kaal-0-130","10":"pa_tootjariik-hiina","12":"first","13":"instock","14":"taxable","15":"shipping-taxable","16":"purchasable","17":"product-type-simple"},"_links":{"self":[{"href":"https:\/\/kasskoer.ee\/en\/wp-json\/wp\/v2\/product\/16979","targetHints":{"allow":["GET"]}}],"collection":[{"href":"https:\/\/kasskoer.ee\/en\/wp-json\/wp\/v2\/product"}],"about":[{"href":"https:\/\/kasskoer.ee\/en\/wp-json\/wp\/v2\/types\/product"}],"wp:featuredmedia":[{"embeddable":true,"href":"https:\/\/kasskoer.ee\/en\/wp-json\/wp\/v2\/media\/13880"}],"wp:attachment":[{"href":"https:\/\/kasskoer.ee\/en\/wp-json\/wp\/v2\/media?parent=16979"}],"wp:term":[{"taxonomy":"product_cat","embeddable":true,"href":"https:\/\/kasskoer.ee\/en\/wp-json\/wp\/v2\/product_cat?post=16979"},{"taxonomy":"product_tag","embeddable":true,"href":"https:\/\/kasskoer.ee\/en\/wp-json\/wp\/v2\/product_tag?post=16979"}],"curies":[{"name":"wp","href":"https:\/\/api.w.org\/{rel}","templated":true}]}}