{"id":16980,"date":"2026-04-20T03:15:39","date_gmt":"2026-04-20T00:15:39","guid":{"rendered":"https:\/\/kasskoer.ee\/product\/best-friend-sidruni-lohnaline-maisi-allapanu-6l-2\/"},"modified":"2026-04-20T03:15:39","modified_gmt":"2026-04-20T00:15:39","slug":"best-friend-sidruni-lohnaline-maisi-allapanu-6l","status":"publish","type":"product","link":"https:\/\/kasskoer.ee\/en\/toode\/best-friend-sidruni-lohnaline-maisi-allapanu-6l\/","title":{"rendered":"Best Friend sidruni l\u00f5hnaline maisi allapanu 6L"},"content":{"rendered":"<li>Kasutatud allapanu v\u00f5ib visata orgaaniliste j\u00e4\u00e4tmete konteinerisse v\u00f5i kasutada seda v\u00e4etisena.<\/li>\n<p>&#13;<\/p>\n<li>Meeldiva sidruni l\u00f5hnaga.<\/li>\n<p>&#13;<br \/>\n&#13;<br \/>\n<br \/><b>Kasutamine<\/b><br \/> &#13;<br \/>\nVala puuri p\u00f5hja 3cm kiht allapanu. Vaheta allapanu regulaarselt, vastavalt vajadusele.<\/p>\n","protected":false},"excerpt":{"rendered":"<p>Sidruni l\u00f5hnaline maisi allapanu n\u00e4rilistele ja lindudele.<\/p>\n","protected":false},"featured_media":13882,"template":"","meta":[],"product_cat":[1316,693,3078],"product_tag":[],"class_list":{"0":"post-16980","1":"product","2":"type-product","3":"status-publish","4":"has-post-thumbnail","6":"product_cat-nariliste-allapanu","7":"product_cat-muud-loomad","8":"product_cat-narilised","9":"pa_brand-best-friend","10":"pa_ean-1740","11":"pa_kaal-2-500","12":"pa_tootjariik-itaalia","14":"first","15":"instock","16":"taxable","17":"shipping-taxable","18":"purchasable","19":"product-type-simple"},"_links":{"self":[{"href":"https:\/\/kasskoer.ee\/en\/wp-json\/wp\/v2\/product\/16980","targetHints":{"allow":["GET"]}}],"collection":[{"href":"https:\/\/kasskoer.ee\/en\/wp-json\/wp\/v2\/product"}],"about":[{"href":"https:\/\/kasskoer.ee\/en\/wp-json\/wp\/v2\/types\/product"}],"wp:featuredmedia":[{"embeddable":true,"href":"https:\/\/kasskoer.ee\/en\/wp-json\/wp\/v2\/media\/13882"}],"wp:attachment":[{"href":"https:\/\/kasskoer.ee\/en\/wp-json\/wp\/v2\/media?parent=16980"}],"wp:term":[{"taxonomy":"product_cat","embeddable":true,"href":"https:\/\/kasskoer.ee\/en\/wp-json\/wp\/v2\/product_cat?post=16980"},{"taxonomy":"product_tag","embeddable":true,"href":"https:\/\/kasskoer.ee\/en\/wp-json\/wp\/v2\/product_tag?post=16980"}],"curies":[{"name":"wp","href":"https:\/\/api.w.org\/{rel}","templated":true}]}}