{"id":16989,"date":"2026-04-20T03:15:39","date_gmt":"2026-04-20T00:15:39","guid":{"rendered":"https:\/\/kasskoer.ee\/product\/cazo-carrier-premium-transpordikott-50x27x26cm-2\/"},"modified":"2026-04-20T03:15:40","modified_gmt":"2026-04-20T00:15:40","slug":"cazo-carrier-premium-transpordikott-50x27x26cm","status":"publish","type":"product","link":"https:\/\/kasskoer.ee\/en\/toode\/cazo-carrier-premium-transpordikott-50x27x26cm\/","title":{"rendered":"Cazo Carrier Premium transpordikott 50x27x26cm"},"content":{"rendered":"<p>Elegantse v\u00e4limusega kvaliteetne ja vastupidav transpordikott Sinu lemmikule. Hoiustamiseks on v\u00f5imalik kott v\u00e4ga kompaktselt kokku voltida.<\/p>\n<p> Transpordikoti m\u00f5\u00f5tmed: 50x27x26cm.<\/p>\n","protected":false},"excerpt":{"rendered":"<p>Cazo Premium kollektsiooni kuuluv transpordikott lemmikloomale.<\/p>\n","protected":false},"featured_media":13896,"template":"","meta":[],"product_cat":[692,754],"product_tag":[],"class_list":{"0":"post-16989","1":"product","2":"type-product","3":"status-publish","4":"has-post-thumbnail","6":"product_cat-lemmikutele-lisaks","7":"product_cat-transpordikotid","8":"pa_brand-cazo","9":"pa_ean-869","10":"pa_kaal-1-000","11":"pa_tootjariik-poola","13":"first","14":"instock","15":"taxable","16":"shipping-taxable","17":"purchasable","18":"product-type-simple"},"_links":{"self":[{"href":"https:\/\/kasskoer.ee\/en\/wp-json\/wp\/v2\/product\/16989","targetHints":{"allow":["GET"]}}],"collection":[{"href":"https:\/\/kasskoer.ee\/en\/wp-json\/wp\/v2\/product"}],"about":[{"href":"https:\/\/kasskoer.ee\/en\/wp-json\/wp\/v2\/types\/product"}],"wp:featuredmedia":[{"embeddable":true,"href":"https:\/\/kasskoer.ee\/en\/wp-json\/wp\/v2\/media\/13896"}],"wp:attachment":[{"href":"https:\/\/kasskoer.ee\/en\/wp-json\/wp\/v2\/media?parent=16989"}],"wp:term":[{"taxonomy":"product_cat","embeddable":true,"href":"https:\/\/kasskoer.ee\/en\/wp-json\/wp\/v2\/product_cat?post=16989"},{"taxonomy":"product_tag","embeddable":true,"href":"https:\/\/kasskoer.ee\/en\/wp-json\/wp\/v2\/product_tag?post=16989"}],"curies":[{"name":"wp","href":"https:\/\/api.w.org\/{rel}","templated":true}]}}