{"id":17004,"date":"2026-04-20T03:15:39","date_gmt":"2026-04-20T00:15:39","guid":{"rendered":"https:\/\/kasskoer.ee\/product\/canvit-snack-anti-parasites-narimismaius-koerale-200g-2\/"},"modified":"2026-04-20T03:15:41","modified_gmt":"2026-04-20T00:15:41","slug":"canvit-snack-anti-parasites-narimismaius-koerale-200g","status":"publish","type":"product","link":"https:\/\/kasskoer.ee\/en\/toode\/canvit-snack-anti-parasites-narimismaius-koerale-200g\/","title":{"rendered":"Canvit snack Anti-Parasites n\u00e4rimismaius koerale 200g"},"content":{"rendered":"<p>Toetus tervislikule seedimisele maitsvate suupistete kujul. Funktsionaalne ja vastupandamatult maitsev suupiste lambaliha, k\u00fc\u00fcslaugu, kummeli, piparm\u00fcndi, oomega-3 k\u00fcllastumata rasvhapete ja kollageeniga tervislikuks seedimiseks.&nbsp;<\/p>\n<p> <strong>T\u00e4iendav koeratoit.&nbsp;<\/strong><\/p>\n<p> <strong>Koostis<\/strong><br \/> Kartul, lambaliha (15%), vedel t\u00e4rklis, heeringa\u00f5li (5%), h\u00fcdrol\u00fc\u00fcsitud kanamaks, kollageen, \u00f5llep\u00e4rm (mannanoligosahhariidide allikas), metsik k\u00fc\u00fcslauk (10g\/kg), kummel (5g\/kg) ), piparm\u00fcnt (5g\/kg).&nbsp;<br \/> &nbsp;<br \/> <strong>Anal\u00fc\u00fctilised koostisosad<\/strong><br \/> Toorvalk 16%, toor\u00f5lid ja rasvad 7,5%, toorkiud 2%, toortuhk 3,5%, niiskus 17%.<br \/> &nbsp;<br \/> <strong>Soovitatav p\u00e4evane annus<\/strong><br \/> 1-2 kuubikut 1 kg kehakaalu kohta<\/p>\n<p> 10 kuubikut 10 kg kaaluvale koerale sisaldab:<br \/> k\u00fc\u00fcslauk 100 mg, kummel 50 mg, piparm\u00fcnt 50 mg, oomega-3 k\u00fcllastumata rasvhapped (EPA, DHA) 200 mg<\/p>\n<p> Pakend:<br \/> 200 g (250 kuubikut, 25-p\u00e4evane varu 10kg&nbsp;koerale)<\/p>\n","protected":false},"excerpt":{"rendered":"<p>Canvit Antiparasitic Health Care Snack koeramaius lambaga rahustab tundliku seedimisega koertel soole limaskesta.<\/p>\n","protected":false},"featured_media":6566,"template":"","meta":[],"product_cat":[1210,688],"product_tag":[],"class_list":{"0":"post-17004","1":"product","2":"type-product","3":"status-publish","4":"has-post-thumbnail","6":"product_cat-koerte-maiused","7":"product_cat-koerad","8":"pa_brand-canvit","9":"pa_ean-227","10":"pa_kaal-0-200","11":"pa_tootjariik-tsehhi","13":"first","14":"instock","15":"taxable","16":"shipping-taxable","17":"purchasable","18":"product-type-simple"},"_links":{"self":[{"href":"https:\/\/kasskoer.ee\/en\/wp-json\/wp\/v2\/product\/17004","targetHints":{"allow":["GET"]}}],"collection":[{"href":"https:\/\/kasskoer.ee\/en\/wp-json\/wp\/v2\/product"}],"about":[{"href":"https:\/\/kasskoer.ee\/en\/wp-json\/wp\/v2\/types\/product"}],"wp:featuredmedia":[{"embeddable":true,"href":"https:\/\/kasskoer.ee\/en\/wp-json\/wp\/v2\/media\/6566"}],"wp:attachment":[{"href":"https:\/\/kasskoer.ee\/en\/wp-json\/wp\/v2\/media?parent=17004"}],"wp:term":[{"taxonomy":"product_cat","embeddable":true,"href":"https:\/\/kasskoer.ee\/en\/wp-json\/wp\/v2\/product_cat?post=17004"},{"taxonomy":"product_tag","embeddable":true,"href":"https:\/\/kasskoer.ee\/en\/wp-json\/wp\/v2\/product_tag?post=17004"}],"curies":[{"name":"wp","href":"https:\/\/api.w.org\/{rel}","templated":true}]}}