{"id":17005,"date":"2026-04-20T03:15:39","date_gmt":"2026-04-20T00:15:39","guid":{"rendered":"https:\/\/kasskoer.ee\/product\/canvit-snack-mobility-narimismaius-koerale-200g-2\/"},"modified":"2026-04-20T03:15:41","modified_gmt":"2026-04-20T00:15:41","slug":"canvit-snack-mobility-narimismaius-koerale-200g","status":"publish","type":"product","link":"https:\/\/kasskoer.ee\/en\/toode\/canvit-snack-mobility-narimismaius-koerale-200g\/","title":{"rendered":"Canvit snack Mobility n\u00e4rimismaius koerale 200g"},"content":{"rendered":"<p>Toetab kutsikate ja kasvavate koerte liigeste arengut ja kasvu.<br \/> Soodustab liigeste taastumist ja kaitseb aktiivsete ja sportlike koerte liigeseid.<br \/> Aeglustab k\u00f5hre lagunemist ja kaitseb vananenud ja rasvunud koerte liigeseid.<\/p>\n<p> <strong>T\u00e4iendav koeratoit.&nbsp;<\/p>\n<p> Koostis<\/strong><br \/> Kartul, kana (15%), vedel t\u00e4rklis, heeringa\u00f5li (5%), h\u00fcdrol\u00fc\u00fcsitud kanamaks, kollageen, gl\u00fckoosamiinsulfaat (15g\/kg), munakoore membraan (10g\/kg), kondroitiinsulfaat (8g\/kg), met\u00fc\u00fclsulfon\u00fc\u00fclmetaan (6g\/kg), kuivatatud kassi k\u00fc\u00fcnis (Uncaria tomentosa, 1g\/kg).&nbsp;<br \/> &nbsp;<br \/> <strong>Anal\u00fc\u00fctilised koostisosad<\/strong><br \/> Toorvalk 16%, toor\u00f5lid ja rasvad 7,5%,&nbsp;niiskus 17%,&nbsp;toortuhk 4%,&nbsp; toorkiud 1,5%.<br \/> &nbsp;<br \/> <strong>Soovitatav p\u00e4evane annus<\/strong><br \/> 1-2 kuubikut 1 kg kehakaalu kohta<\/p>\n","protected":false},"excerpt":{"rendered":"<p>Tervislik liigeseid toetav n\u00e4rimismaius koerale.<\/p>\n","protected":false},"featured_media":6567,"template":"","meta":[],"product_cat":[1210,688],"product_tag":[],"class_list":{"0":"post-17005","1":"product","2":"type-product","3":"status-publish","4":"has-post-thumbnail","6":"product_cat-koerte-maiused","7":"product_cat-koerad","8":"pa_brand-canvit","9":"pa_ean-231","10":"pa_kaal-0-200","11":"pa_tootjariik-tsehhi","13":"first","14":"instock","15":"taxable","16":"shipping-taxable","17":"purchasable","18":"product-type-simple"},"_links":{"self":[{"href":"https:\/\/kasskoer.ee\/en\/wp-json\/wp\/v2\/product\/17005","targetHints":{"allow":["GET"]}}],"collection":[{"href":"https:\/\/kasskoer.ee\/en\/wp-json\/wp\/v2\/product"}],"about":[{"href":"https:\/\/kasskoer.ee\/en\/wp-json\/wp\/v2\/types\/product"}],"wp:featuredmedia":[{"embeddable":true,"href":"https:\/\/kasskoer.ee\/en\/wp-json\/wp\/v2\/media\/6567"}],"wp:attachment":[{"href":"https:\/\/kasskoer.ee\/en\/wp-json\/wp\/v2\/media?parent=17005"}],"wp:term":[{"taxonomy":"product_cat","embeddable":true,"href":"https:\/\/kasskoer.ee\/en\/wp-json\/wp\/v2\/product_cat?post=17005"},{"taxonomy":"product_tag","embeddable":true,"href":"https:\/\/kasskoer.ee\/en\/wp-json\/wp\/v2\/product_tag?post=17005"}],"curies":[{"name":"wp","href":"https:\/\/api.w.org\/{rel}","templated":true}]}}