{"id":17006,"date":"2026-04-20T03:15:39","date_gmt":"2026-04-20T00:15:39","guid":{"rendered":"https:\/\/kasskoer.ee\/product\/canvit-snack-immunity-narimismaius-koerale-200g-2\/"},"modified":"2026-04-20T03:15:41","modified_gmt":"2026-04-20T00:15:41","slug":"canvit-snack-immunity-narimismaius-koerale-200g","status":"publish","type":"product","link":"https:\/\/kasskoer.ee\/en\/toode\/canvit-snack-immunity-narimismaius-koerale-200g\/","title":{"rendered":"Canvit snack Immunity n\u00e4rimismaius koerale 200g"},"content":{"rendered":"<p><strong>Canvit Immunity Health Care Snack pakub immuuns\u00fcsteemi funktsioneerimist toetavaid toimeaineid.<\/strong><\/p>\n<p> Immuuns\u00fcsteemi peamine \u00fclesanne on nakkuste ja kasvajate avastamine ja k\u00f5rvaldamine ning kahjustatud v\u00f5i vigastatud koe parandamine. P\u00e4rmirakkude seinad, oomega-3 k\u00fcllastumata rasvhapped, spirulina ja kibuvits on looduslikud ained, mis tugevdavad immuuns\u00fcsteemi.<\/p>\n<p> <strong>T\u00e4iendav koeratoit.&nbsp;<\/strong><\/p>\n<p> <strong>Koostis<\/strong><br \/> Kartul, lambaliha (15%), vedel t\u00e4rklis, heeringa\u00f5li (5%), h\u00fcdrol\u00fc\u00fcsitud kanamaks, kollageen, \u00f5llep\u00e4rm (mannanoligosahhariidide allikas), kuivatatud spirulina (20g\/kg), kuivatatud kibuvits (10g\/kg).<br \/> &nbsp;<br \/> <strong>Anal\u00fc\u00fctilised koostisosad<\/strong><br \/> Toorvalk 17%, toor\u00f5lid ja rasvad 7,5%, niiskus 17%,&nbsp;toortuhk 3,5%,&nbsp;toorkiud 1,5%.<br \/> &nbsp;<br \/> <strong>Soovitatav p\u00e4evane annus<\/strong><br \/> 1-2 kuubikut 1 kg kehakaalu kohta.<\/p>\n<p> <strong>Pakend<\/strong><br \/> 200 g (250 kuubikut, 25-p\u00e4evane varu 10 kg&nbsp;koerale) .<\/p>\n","protected":false},"excerpt":{"rendered":"<p>Funktsionaalne suupiste lambaliha, vitamiinide, spirulina ja kibuvitsaga immuuns\u00fcsteemi aktiivseks toetamiseks.<\/p>\n","protected":false},"featured_media":6568,"template":"","meta":[],"product_cat":[1210,688],"product_tag":[],"class_list":{"0":"post-17006","1":"product","2":"type-product","3":"status-publish","4":"has-post-thumbnail","6":"product_cat-koerte-maiused","7":"product_cat-koerad","8":"pa_brand-canvit","9":"pa_ean-230","10":"pa_kaal-0-200","11":"pa_tootjariik-tsehhi","13":"first","14":"instock","15":"taxable","16":"shipping-taxable","17":"purchasable","18":"product-type-simple"},"_links":{"self":[{"href":"https:\/\/kasskoer.ee\/en\/wp-json\/wp\/v2\/product\/17006","targetHints":{"allow":["GET"]}}],"collection":[{"href":"https:\/\/kasskoer.ee\/en\/wp-json\/wp\/v2\/product"}],"about":[{"href":"https:\/\/kasskoer.ee\/en\/wp-json\/wp\/v2\/types\/product"}],"wp:featuredmedia":[{"embeddable":true,"href":"https:\/\/kasskoer.ee\/en\/wp-json\/wp\/v2\/media\/6568"}],"wp:attachment":[{"href":"https:\/\/kasskoer.ee\/en\/wp-json\/wp\/v2\/media?parent=17006"}],"wp:term":[{"taxonomy":"product_cat","embeddable":true,"href":"https:\/\/kasskoer.ee\/en\/wp-json\/wp\/v2\/product_cat?post=17006"},{"taxonomy":"product_tag","embeddable":true,"href":"https:\/\/kasskoer.ee\/en\/wp-json\/wp\/v2\/product_tag?post=17006"}],"curies":[{"name":"wp","href":"https:\/\/api.w.org\/{rel}","templated":true}]}}