{"id":17012,"date":"2026-04-20T03:15:39","date_gmt":"2026-04-20T00:15:39","guid":{"rendered":"https:\/\/kasskoer.ee\/product\/canvit-snack-skin-coat-narimismaius-koerale-200g-2\/"},"modified":"2026-04-20T03:15:41","modified_gmt":"2026-04-20T00:15:41","slug":"canvit-snack-skin-coat-narimismaius-koerale-200g","status":"publish","type":"product","link":"https:\/\/kasskoer.ee\/en\/toode\/canvit-snack-skin-coat-narimismaius-koerale-200g\/","title":{"rendered":"Canvit snack Skin &#038; Coat n\u00e4rimismaius koerale 200g"},"content":{"rendered":"<p><strong>Canvit Skin &amp; Coat Health Care Snack sisaldab terve naha ning tugeva karva jaoks vitamiine, mineraale ja oomega-3 rasvhappeid.<\/strong><\/p>\n<p> Karvkate ja nahk on keha esimene kaitsekiht keskkonna negatiivsete m\u00f5jude eest. Selleks, et nahk suudaks kaitset pakkuda, vajab organism piisavat vitamiinide, mikroelementide ja aminohapete allikat. Oma p\u00f5letikuvastaste omaduste t\u00f5ttu on oomega-3 k\u00fcllastumata rasvhapped samuti olulised naha tervisele ja toimimisele. See funktionaalne maius pakub seda k\u00f5ike.<\/p>\n<p> <strong>T\u00e4iendav koeratoit.&nbsp;<\/strong><\/p>\n<p> <strong>Koostis<\/strong><br \/> Kartul, l\u00f5he (15%), vedel t\u00e4rklis, heeringa\u00f5li (6%), h\u00fcdrol\u00fc\u00fcsitud kanamaks, kollageen, kuivatatud saialill (5g\/kg).<br \/> &nbsp;<br \/> <strong>Anal\u00fc\u00fctilised koostisosad<\/strong><br \/> Toorvalk 16%, toor\u00f5lid ja rasvad 7,5%, niiskus 17%,&nbsp;toortuhk 3,5%,&nbsp;toorkiud 1,5%.<br \/> &nbsp;<br \/> <strong>Soovitatav p\u00e4evane annus<\/strong><br \/> 1-2 kuubikut 1 kg kehakaalu kohta.<\/p>\n<p> <strong>Pakend<\/strong><br \/> 200 g (250 kuubikut, 25-p\u00e4evane varu 10 kg&nbsp;koerale).<\/p>\n","protected":false},"excerpt":{"rendered":"<p>Funktsionaalne suupiste l\u00f5hega terve naha ja karvkatte toetamiseks.<\/p>\n","protected":false},"featured_media":13916,"template":"","meta":[],"product_cat":[1210,688],"product_tag":[],"class_list":{"0":"post-17012","1":"product","2":"type-product","3":"status-publish","4":"has-post-thumbnail","6":"product_cat-koerte-maiused","7":"product_cat-koerad","8":"pa_brand-canvit","9":"pa_ean-804","10":"pa_kaal-0-200","11":"pa_tootjariik-tsehhi","13":"first","14":"instock","15":"taxable","16":"shipping-taxable","17":"purchasable","18":"product-type-simple"},"_links":{"self":[{"href":"https:\/\/kasskoer.ee\/en\/wp-json\/wp\/v2\/product\/17012","targetHints":{"allow":["GET"]}}],"collection":[{"href":"https:\/\/kasskoer.ee\/en\/wp-json\/wp\/v2\/product"}],"about":[{"href":"https:\/\/kasskoer.ee\/en\/wp-json\/wp\/v2\/types\/product"}],"wp:featuredmedia":[{"embeddable":true,"href":"https:\/\/kasskoer.ee\/en\/wp-json\/wp\/v2\/media\/13916"}],"wp:attachment":[{"href":"https:\/\/kasskoer.ee\/en\/wp-json\/wp\/v2\/media?parent=17012"}],"wp:term":[{"taxonomy":"product_cat","embeddable":true,"href":"https:\/\/kasskoer.ee\/en\/wp-json\/wp\/v2\/product_cat?post=17012"},{"taxonomy":"product_tag","embeddable":true,"href":"https:\/\/kasskoer.ee\/en\/wp-json\/wp\/v2\/product_tag?post=17012"}],"curies":[{"name":"wp","href":"https:\/\/api.w.org\/{rel}","templated":true}]}}