{"id":17013,"date":"2026-04-20T03:15:39","date_gmt":"2026-04-20T00:15:39","guid":{"rendered":"https:\/\/kasskoer.ee\/product\/carnilove-reindeer-for-adult-kassitoit-2-kg-2\/"},"modified":"2026-04-20T03:15:41","modified_gmt":"2026-04-20T00:15:41","slug":"carnilove-reindeer-for-adult-kassitoit-2-kg","status":"publish","type":"product","link":"https:\/\/kasskoer.ee\/en\/toode\/carnilove-reindeer-for-adult-kassitoit-2-kg\/","title":{"rendered":"Carnilove Reindeer for Adult kassitoit 2 kg"},"content":{"rendered":"<p><strong>Carnilove t\u00e4iss\u00f6\u00f6t t\u00e4iskasvanud aktiivsetele \u00f5uekassidele p\u00f5hjap\u00f5draga<\/strong> <\/p>\n<ul>\n<li>Ei sisalda teravilja ega kartulit<\/li>\n<li>Parandab immuuns\u00fcsteemi ja on kasulik kaalu s\u00e4ilitamiseks<\/li>\n<li>Sisaldab mersamarju, k\u00f6\u00f6givilju ja maitsetaimi, mis annavad kassile vajalikke toitaineid<\/li>\n<\/ul>\n<p> <strong>Koostis<\/strong><br \/> P\u00f5hjap\u00f5dra liha (28%), metssealihaliha (28%), kollane hernes (18%), kanarasv (s\u00e4ilitatud tokoferoolidega 13%), kanamaks (4%), tapiokit\u00e4rklis (2%), l\u00f5he\u00f5li (2%), \u00f5unad (2%), porgandid (1%), linaseemned (1%), kikerherned (1%), h\u00fcdrol\u00fc\u00fcsitud koorikloomade koorik (gl\u00fckoosamiini allikas 0,026%), k\u00f5hre ekstrakt (kondroitiiniallikas 0,016%), \u00f5llep\u00e4rm (mannooligosahhariidi allikas 0,016%), sigur (fruktooligosahhariidiallikas 0,012%), t\u00e4\u00e4kliilia 0,01%), vetikad (0,01%), ps\u00fclleum (0,01%), t\u00fc\u00fcmian (0,01%), rosmariin (0,01%),oregaano (0,01%), j\u00f5hvikad (0,0008%), mustikad (0,0008%), vaarikas (0,0008%).<\/p>\n<p> <strong>Vitamiinid 1kg kohta<\/strong><br \/> A 23000IU, D3 943IU, E 650IU, vitamiin C 300mg, tauriin 2400mg, kolinkloriid 2200mg, L-karnitiin 65mg, niatsiin 45mg, biotiin 1,8mg, tsink 150 mg, mangaan 55mg, raud 48mg,vask 11mg, jood 3,8mg, seleen 0,23mg, DL-metioniin 14mg, arginiin 12mg, L-l\u00fcsiin 10mg.<\/p>\n<p> <strong>Anal\u00fc\u00fctiline koostis<\/strong><br \/> Toorvalk 41,0%, rasv 19,0%, toortuhk 5,5%,toorkiud 2,5%, niiskus 10,0%, kaltsium 1,1%, fosfor 0,9%, kaalium 0,3%, magneesium 0,08%.<\/p>\n<p> <strong>Metaboliseeruv energia <\/strong><br \/> 4050 kcal\/kg<\/p>\n<p> <strong>Soovituslik p\u00e4evane kogus<\/strong> <\/p>\n<table>\n<tbody>\n<tr>\n<td width=\"142\">\n<p style=\"text-align: center\">Kassi kaal (kg)<\/p>\n<\/td>\n<td width=\"142\">\n<p style=\"text-align: center\">2-3<\/p>\n<\/td>\n<td width=\"142\">\n<p style=\"text-align: center\">3-5<\/p>\n<\/td>\n<td width=\"142\">\n<p style=\"text-align: center\">5-7<\/p>\n<\/td>\n<td width=\"142\">\n<p style=\"text-align: center\">7-9<\/p>\n<\/td>\n<\/tr>\n<tr>\n<td style=\"text-align: center\" width=\"142\">P\u00e4eane kogus (g)<\/td>\n<td style=\"text-align: center\" width=\"142\">35-50<\/td>\n<td style=\"text-align: center\" width=\"142\">50-65<\/td>\n<td style=\"text-align: center\" width=\"142\">65-85<\/td>\n<td width=\"142\">\n<p style=\"text-align: center\">85-95<\/p>\n<\/td>\n<\/tr>\n<\/tbody>\n<\/table>\n","protected":false},"excerpt":{"rendered":"<p>Teravilja &#8211; ja kartulivaba t\u00e4istoit t\u00e4iskasvanud kassidele, kes k\u00e4ivad \u00f5ues.<\/p>\n","protected":false},"featured_media":6579,"template":"","meta":[],"product_cat":[689,75],"product_tag":[],"class_list":{"0":"post-17013","1":"product","2":"type-product","3":"status-publish","4":"has-post-thumbnail","6":"product_cat-kassid","7":"product_cat-kassitoit","8":"pa_brand-carnilove","9":"pa_ean-283","10":"pa_kaal-2-000","11":"pa_tootjariik-tsehhi","13":"first","14":"instock","15":"taxable","16":"shipping-taxable","17":"purchasable","18":"product-type-simple"},"_links":{"self":[{"href":"https:\/\/kasskoer.ee\/en\/wp-json\/wp\/v2\/product\/17013","targetHints":{"allow":["GET"]}}],"collection":[{"href":"https:\/\/kasskoer.ee\/en\/wp-json\/wp\/v2\/product"}],"about":[{"href":"https:\/\/kasskoer.ee\/en\/wp-json\/wp\/v2\/types\/product"}],"wp:featuredmedia":[{"embeddable":true,"href":"https:\/\/kasskoer.ee\/en\/wp-json\/wp\/v2\/media\/6579"}],"wp:attachment":[{"href":"https:\/\/kasskoer.ee\/en\/wp-json\/wp\/v2\/media?parent=17013"}],"wp:term":[{"taxonomy":"product_cat","embeddable":true,"href":"https:\/\/kasskoer.ee\/en\/wp-json\/wp\/v2\/product_cat?post=17013"},{"taxonomy":"product_tag","embeddable":true,"href":"https:\/\/kasskoer.ee\/en\/wp-json\/wp\/v2\/product_tag?post=17013"}],"curies":[{"name":"wp","href":"https:\/\/api.w.org\/{rel}","templated":true}]}}