{"id":17015,"date":"2026-04-20T03:15:39","date_gmt":"2026-04-20T00:15:39","guid":{"rendered":"https:\/\/kasskoer.ee\/product\/carnilove-duck-turkey-for-large-breed-kassitoit-2-kg-2\/"},"modified":"2026-04-20T03:15:41","modified_gmt":"2026-04-20T00:15:41","slug":"carnilove-duck-turkey-for-large-breed-kassitoit-2-kg","status":"publish","type":"product","link":"https:\/\/kasskoer.ee\/en\/toode\/carnilove-duck-turkey-for-large-breed-kassitoit-2-kg\/","title":{"rendered":"Carnilove Duck &#038; Turkey for Large Breed kassitoit 2 kg"},"content":{"rendered":"<p><strong>Carnilove Pardi &amp; Kalkuniga t\u00e4istoit suurt t\u00f5ugu kassidele<\/strong> <\/p>\n<ul>\n<li>Loodud parendama lihaste konditsiooni ning toetama luid ja liigeseid<\/li>\n<li>Sisaldab rohkelt looduslikku toitu, mis tagab hea ainevahetuse<\/li>\n<li>Rikastatud k\u00f5rge kvaliteetse valgu, liha ja aminohapetega<\/li>\n<\/ul>\n<p> <strong>Koostis<\/strong><br \/> Pardiliha (32%), kalkuniliha (18%), kollane hernes (16%), kanarasv (s\u00e4ilitatud tokoferoolidega,11%), \u00f5unad (6%), kondistustatud part (5%), tapiokit\u00e4rklis (3%), kanamaks (3%), l\u00f5he\u00f5li (1%), porgandid (1%), linaseemned (1%), kikerherned (1%), oliivi\u00f5li (0,8%), h\u00fcdrol\u00fc\u00fcsitud koorikloomade koorik (gl\u00fckoosamiini allikas 0,026%), k\u00f5hre ekstrakt (kondroitiini allikas 0,016%), \u00f5llep\u00e4rm (mannooligosahhariidi allikas 0,016%), sigur (fruktooligosahhariidiallikas (0,012%), t\u00e4\u00e4kliilia (0,01%), vetikad (0,01%), ps\u00fclleum (0,01%), t\u00fc\u00fcmian (0,01%), rosmariin (0,01%), oregaano (0,01%), j\u00f5hvikad (0,0008%), mustikad(0,0008%), vaarikas (0,0008%).<\/p>\n<p> <strong>Vitamiinid 1kg kohta<\/strong><br \/> A 23000IU, D3 940IU, E 650IU, vitamiin C 300mg, tauriin 2400mg, kolinkloriid 2200mg, L-karnitiin 65mg, niatsiin 45mg, biotiin 1,8mg, tsink 150 mg, mangaan 55mg, raud 48mg,vask 11mg, jood 3,8mg, seleen 0,23mg, DL-metioniin 14mg, arginiin 12mg, L-l\u00fcsiin 10mg.<\/p>\n<p> <strong>Anal\u00fc\u00fctiline koostis<\/strong><br \/> Toorvalk 37,0%, rasv 18,0%, toortuhk 7,5%, toorkiud 5,0%, niiskus 10,0%, kaltsium 1,3%, fosfor 1,0%, kaalium 0,3%, magneesium 0,05%.<\/p>\n<p> <strong>Metaboliseeruv energia<\/strong><br \/> 3950 kcal\/kg<\/p>\n<p> <strong>P\u00e4evane soovituslik kogus<\/strong> <\/p>\n<table>\n<tbody>\n<tr>\n<td width=\"186\">Kassi kaal (kg)<\/td>\n<td width=\"186\">2-5<\/td>\n<td width=\"186\">5-7<\/td>\n<td width=\"186\">7-9<\/td>\n<td width=\"186\">9-12<\/td>\n<\/tr>\n<tr>\n<td width=\"186\">P\u00e4evane kogus (g)<\/td>\n<td width=\"186\">65-80<\/td>\n<td width=\"186\">80-90<\/td>\n<td width=\"186\">90-100<\/td>\n<td width=\"186\">100-140<\/td>\n<\/tr>\n<\/tbody>\n<\/table>\n","protected":false},"excerpt":{"rendered":"<p>Teravilja &#8211; ja kartulivaba t\u00e4istoit t\u00e4iskasvanud suurt t\u00f5ugu kassidele, toetab luid ja liigeseid ning tagab lihaste suurep\u00e4rase konditsiooni.<\/p>\n","protected":false},"featured_media":6581,"template":"","meta":[],"product_cat":[689,75],"product_tag":[],"class_list":{"0":"post-17015","1":"product","2":"type-product","3":"status-publish","4":"has-post-thumbnail","6":"product_cat-kassid","7":"product_cat-kassitoit","8":"pa_brand-carnilove","9":"pa_ean-260","10":"pa_kaal-2-000","11":"pa_tootjariik-tsehhi","13":"first","14":"instock","15":"taxable","16":"shipping-taxable","17":"purchasable","18":"product-type-simple"},"_links":{"self":[{"href":"https:\/\/kasskoer.ee\/en\/wp-json\/wp\/v2\/product\/17015","targetHints":{"allow":["GET"]}}],"collection":[{"href":"https:\/\/kasskoer.ee\/en\/wp-json\/wp\/v2\/product"}],"about":[{"href":"https:\/\/kasskoer.ee\/en\/wp-json\/wp\/v2\/types\/product"}],"wp:featuredmedia":[{"embeddable":true,"href":"https:\/\/kasskoer.ee\/en\/wp-json\/wp\/v2\/media\/6581"}],"wp:attachment":[{"href":"https:\/\/kasskoer.ee\/en\/wp-json\/wp\/v2\/media?parent=17015"}],"wp:term":[{"taxonomy":"product_cat","embeddable":true,"href":"https:\/\/kasskoer.ee\/en\/wp-json\/wp\/v2\/product_cat?post=17015"},{"taxonomy":"product_tag","embeddable":true,"href":"https:\/\/kasskoer.ee\/en\/wp-json\/wp\/v2\/product_tag?post=17015"}],"curies":[{"name":"wp","href":"https:\/\/api.w.org\/{rel}","templated":true}]}}