{"id":17017,"date":"2026-04-20T03:15:39","date_gmt":"2026-04-20T00:15:39","guid":{"rendered":"https:\/\/kasskoer.ee\/product\/carnilove-duck-pheasant-konserv-koertele-400g-2\/"},"modified":"2026-04-20T03:15:42","modified_gmt":"2026-04-20T00:15:42","slug":"carnilove-duck-pheasant-konserv-koertele-400g","status":"publish","type":"product","link":"https:\/\/kasskoer.ee\/en\/toode\/carnilove-duck-pheasant-konserv-koertele-400g\/","title":{"rendered":"Carnilove Duck &#038; Pheasant konserv koertele 400g"},"content":{"rendered":"<p><b>Carnilove teraviljavaba t\u00e4iss\u00f6\u00f6t konserv t\u00e4iskasvanud koertele pardi ja faasaniga.<\/b><br \/>&#13;<\/p>\n<li>Part on t\u00e4iuslik valguallikas ning sisaldab rohkelt pol\u00fck\u00fcllastumata rasvhappeid (PKRH), mis langetavad vere kolesteroolitasemeid.<\/li>\n<p>&#13;<\/p>\n<li>Part on suurep\u00e4rane niatsiiniallikas (B3-vitamiin), mis m\u00e4ngib olulist rolli keha ainevahetusprotsessides ja aitab samuti langetada vere kolesteroolitasemeid.<\/li>\n<p>&#13;<\/p>\n<li>Part sisaldab A- ja C-vitamiine ning olulisi mineraalaineid nagu raud, kaltsium ja seleen.<\/li>\n<p>&#13;<\/p>\n<li>Faasan on suurep\u00e4rane B12-vitamiini, fosfori ja seleeni allikas.<\/li>\n<p>&#13;<\/p>\n<li>Pardi ja faasani kombinatsioon moodustab toitaineliselt tasakaalustatud ja toitva eine, mis sisaldab k\u00f5iki asendamatuid aminohappeid.<\/li>\n<p>&#13;<br \/>\n<br \/>&#13;<br \/>\n<b>Koostis<\/b><br \/>&#13;<br \/>\nPart (41%), faasan (26%), mustikad (2%), j\u00f5hvikad (2%), vaarikad (2%), hernejahu (2%), lignotselluloos (1%), l\u00f5he\u00f5li (0,5%).<br \/>&#13;<br \/>\n<br \/>&#13;<br \/>\n<b>Anal\u00fc\u00fctiline koostis<\/b><br \/>&#13;<br \/>\nToorvalk 8,5%, toorrasv 7,0%, niiskus 78,0%, toortuhk 2,5%, toorkiud 0,4%, kaltsium 0,2%, fosfor 0,25%, naatrium 0,3%.<br \/>&#13;<br \/>\n<br \/>&#13;<br \/>\n<b>S\u00f6\u00f6dalisandid (1 kg kohta)<\/b><br \/>&#13;<br \/>\nToitainelised lisandid: D3-vitamiin (3a671) 250 R\u00dc, E-vitamiin (3a700) 150 mg, biotiin (3a880) 0,5 mg, vask (3b406) 4 mg, raud (3b106) 10 mg, jood (3b201) 0,75 mg, mangaan (3b504) 3 mg, tsink (3b606) 15 mg, tauriin (3a370) 1 000 mg. Tehnoloogilised lisandid: jaanileivapuujahu (E410) 5 000 mg.<br \/>&#13;<br \/>\n<br \/>&#13;<br \/>\n<b>Metaboliseeruv energia<\/b><br \/>&#13;<br \/>\n1 100 kcal\/kg<br \/>&#13;<br \/>\n<br \/>&#13;<br \/>\n<b>S\u00f6\u00f6tmisjuhised<\/b><br \/>&#13;<br \/>\nS\u00e4ilitada jahedas ja kuivas, v\u00e4ltida otsest p\u00e4ikesevalgust. Serveerida toatemperatuuril. P\u00e4rast avamist hoida k\u00fclmkapis. K\u00f5lblik kuni kuup\u00e4ev on m\u00e4rgitud pakendi p\u00f5hjal.<\/p>\n","protected":false},"excerpt":{"rendered":"<p>Konserv koertele pardi ja faasaniga.<\/p>\n","protected":false},"featured_media":6583,"template":"","meta":[],"product_cat":[688,106],"product_tag":[],"class_list":{"0":"post-17017","1":"product","2":"type-product","3":"status-publish","4":"has-post-thumbnail","6":"product_cat-koerad","7":"product_cat-konservid-koertele","8":"pa_brand-carnilove","9":"pa_ean-254","10":"pa_kaal-0-400","11":"pa_tootjariik-tsehhi","13":"first","14":"instock","15":"taxable","16":"shipping-taxable","17":"purchasable","18":"product-type-simple"},"_links":{"self":[{"href":"https:\/\/kasskoer.ee\/en\/wp-json\/wp\/v2\/product\/17017","targetHints":{"allow":["GET"]}}],"collection":[{"href":"https:\/\/kasskoer.ee\/en\/wp-json\/wp\/v2\/product"}],"about":[{"href":"https:\/\/kasskoer.ee\/en\/wp-json\/wp\/v2\/types\/product"}],"wp:featuredmedia":[{"embeddable":true,"href":"https:\/\/kasskoer.ee\/en\/wp-json\/wp\/v2\/media\/6583"}],"wp:attachment":[{"href":"https:\/\/kasskoer.ee\/en\/wp-json\/wp\/v2\/media?parent=17017"}],"wp:term":[{"taxonomy":"product_cat","embeddable":true,"href":"https:\/\/kasskoer.ee\/en\/wp-json\/wp\/v2\/product_cat?post=17017"},{"taxonomy":"product_tag","embeddable":true,"href":"https:\/\/kasskoer.ee\/en\/wp-json\/wp\/v2\/product_tag?post=17017"}],"curies":[{"name":"wp","href":"https:\/\/api.w.org\/{rel}","templated":true}]}}