{"id":17018,"date":"2026-04-20T03:15:39","date_gmt":"2026-04-20T00:15:39","guid":{"rendered":"https:\/\/kasskoer.ee\/product\/carnilove-lamb-wild-boar-konserv-koertele-400g-2\/"},"modified":"2026-04-20T03:15:42","modified_gmt":"2026-04-20T00:15:42","slug":"carnilove-lamb-wild-boar-konserv-koertele-400g","status":"publish","type":"product","link":"https:\/\/kasskoer.ee\/en\/toode\/carnilove-lamb-wild-boar-konserv-koertele-400g\/","title":{"rendered":"Carnilove Lamb &#038; Wild Boar konserv koertele 400g"},"content":{"rendered":"<p><b>Carnilove teraviljavaba t\u00e4iss\u00f6\u00f6t konserv t\u00e4iskasvanud koertele lamba ja metsseaga.<\/b>&#13;<\/p>\n<li>Lammas ja metssiga moodustavad t\u00e4iusliku kombinatsiooni kvaliteetsetest ja kergesti seeduvatest valkudest, mis sisaldavad rohkesti looduslikke toitaineid.<\/li>\n<p>&#13;<\/p>\n<li>Lammas on suurep\u00e4rane mikroelementide \u2013 n\u00e4iteks seleeni, raua, tsingi \u2013 ning B-vitamiinide ja k\u00fcllastumata rasvhapete allikas.<\/li>\n<p>&#13;<\/p>\n<li>Metssiga on k\u00f5rge valgusisaldusega, kuid v\u00e4herasvane, mist\u00f5ttu sobib see ideaalselt optimaalse f\u00fc\u00fcsilise vormi s\u00e4ilitamiseks ilma kolesteroolitaset t\u00f5stmata.<\/li>\n<p>&#13;<br \/>\n<br \/>&#13;<br \/>\n<b>Koostis<\/b><br \/>&#13;<br \/>\nLammas (35%), metssiga (32%), mustikad (2%), j\u00f5hvikad (2%), vaarikad (2%), hernejahu (2%), lignotselluloos (1%), l\u00f5he\u00f5li (0,5%).<br \/>&#13;<br \/>\n<br \/>&#13;<br \/>\n<b>Anal\u00fc\u00fctiline koostis<\/b><br \/>&#13;<br \/>\nToorvalk 9,5 %, toorrasv 6,5 %, niiskus 78,0 %, toortuhk 2,5 %, toorkiud 0,4 %, kaltsium 0,2 %, fosfor 0,25 %, naatrium 0,3 %.<br \/>&#13;<br \/>\n<br \/>&#13;<br \/>\n<b>S\u00f6\u00f6dalisandid (1 kg kohta)<\/b><br \/>&#13;<br \/>\nToitainelised lisandid: D3-vitamiin (3a671) 250 R\u00dc, E-vitamiin (3a700) 150 mg, biotiin (3a880) 0,5 mg, vask (3b406) 4 mg, raud (3b106) 10 mg, jood (3b201) 0,75 mg, mangaan (3b504) 3 mg, tsink (3b606) 15 mg, tauriin (3a370) 1 000 mg. Tehnoloogilised lisandid: jaanileivapuujahu (E410) 5000 mg.<br \/>&#13;<br \/>\n<br \/>&#13;<br \/>\n<b>Metaboliseeruv energia<\/b><br \/>&#13;<br \/>\n1075 kcal\/kg<\/p>\n","protected":false},"excerpt":{"rendered":"<p>Konserv koertele lamba ja metsseaga.<\/p>\n","protected":false},"featured_media":6584,"template":"","meta":[],"product_cat":[688,106],"product_tag":[],"class_list":{"0":"post-17018","1":"product","2":"type-product","3":"status-publish","4":"has-post-thumbnail","6":"product_cat-koerad","7":"product_cat-konservid-koertele","8":"pa_brand-carnilove","9":"pa_ean-275","10":"pa_kaal-0-400","11":"pa_tootjariik-tsehhi","13":"first","14":"instock","15":"taxable","16":"shipping-taxable","17":"purchasable","18":"product-type-simple"},"_links":{"self":[{"href":"https:\/\/kasskoer.ee\/en\/wp-json\/wp\/v2\/product\/17018","targetHints":{"allow":["GET"]}}],"collection":[{"href":"https:\/\/kasskoer.ee\/en\/wp-json\/wp\/v2\/product"}],"about":[{"href":"https:\/\/kasskoer.ee\/en\/wp-json\/wp\/v2\/types\/product"}],"wp:featuredmedia":[{"embeddable":true,"href":"https:\/\/kasskoer.ee\/en\/wp-json\/wp\/v2\/media\/6584"}],"wp:attachment":[{"href":"https:\/\/kasskoer.ee\/en\/wp-json\/wp\/v2\/media?parent=17018"}],"wp:term":[{"taxonomy":"product_cat","embeddable":true,"href":"https:\/\/kasskoer.ee\/en\/wp-json\/wp\/v2\/product_cat?post=17018"},{"taxonomy":"product_tag","embeddable":true,"href":"https:\/\/kasskoer.ee\/en\/wp-json\/wp\/v2\/product_tag?post=17018"}],"curies":[{"name":"wp","href":"https:\/\/api.w.org\/{rel}","templated":true}]}}