{"id":17019,"date":"2026-04-20T03:15:39","date_gmt":"2026-04-20T00:15:39","guid":{"rendered":"https:\/\/kasskoer.ee\/product\/carnilove-salmon-turkey-konserv-koertele-400g-2\/"},"modified":"2026-04-20T03:15:42","modified_gmt":"2026-04-20T00:15:42","slug":"carnilove-salmon-turkey-konserv-koertele-400g","status":"publish","type":"product","link":"https:\/\/kasskoer.ee\/en\/toode\/carnilove-salmon-turkey-konserv-koertele-400g\/","title":{"rendered":"Carnilove Salmon &#038; Turkey konserv koertele 400g"},"content":{"rendered":"<p><b>Carnilove teraviljavaba konserv t\u00e4iskasvanud koertele l\u00f5he ja kalkuniga.<\/b><br \/>&#13;<br \/>\nL\u00f5he on suurep\u00e4rane seeditavate valkude ja oomega-3 k\u00fcllastumata rasvhapete allikas, millel on positiivne m\u00f5ju vaimsele arengule, s\u00fcdame-veresoonkonna s\u00fcsteemile ja ainevahetusele (v\u00e4hendavad veresuhkru taset). Samuti m\u00f5jutab see positiivselt karvkatte ja naha kvaliteeti ja v\u00e4limust. Kalkun sisaldab rohkesti seeduvaid valke ja mikroelemente, nagu tsink, ning samuti B3- ja B6-vitamiine, mis on olulised aju talitluseks, lihastoonuseks ja tervislikuks kasvuks.<br \/>&#13;<br \/>\n<br \/>&#13;<br \/>\n<b>Koostis<\/b><br \/>&#13;<br \/>\nKalkun (47%), l\u00f5he (20%), mustikad (2%), j\u00f5hvikad (2%), vaarikad (2%), hernejahu (2%), lignotselluloos (1%), l\u00f5he\u00f5li (1%).<br \/>&#13;<br \/>\n<br \/>&#13;<br \/>\n<b>Anal\u00fc\u00fctiline koostis<\/b><br \/>&#13;<br \/>\nToorvalk 8,0 %, toorrasv 6,5 %, niiskus 78,0 %, toortuhk 2,4 %, toorkiud 0,4 %, kaltsium 0,2 %, fosfor 0,25 %, naatrium 0,3 %.<br \/>&#13;<br \/>\n<br \/>&#13;<br \/>\n<b>S\u00f6\u00f6dalisandid<\/b><br \/>&#13;<br \/>\nD3-vitamiin (3a671) 250 R\u00dc, E-vitamiin (3a700) 150 mg, biotiin (3a880) 0,5 mg, vask (3b406) 4 mg, raud (3b106) 10 mg, jood (3b201) 0,75 mg, mangaan (3b504) 3 mg, tsink (3b606) 15 mg, tauriin (3a370) 1 000 mg. Tehnoloogilised lisandid 1 kg kohta: jaanileivapuujahu (E410) 5000 mg.<br \/>&#13;<br \/>\n<br \/>&#13;<br \/>\n<b>Metaboliseeruv energia<\/b><br \/>&#13;<br \/>\n1080 kcal\/kg<\/p>\n","protected":false},"excerpt":{"rendered":"<p>Konserv koertele l\u00f5he ja kalkuniga.<\/p>\n","protected":false},"featured_media":6585,"template":"","meta":[],"product_cat":[688,106],"product_tag":[],"class_list":{"0":"post-17019","1":"product","2":"type-product","3":"status-publish","4":"has-post-thumbnail","6":"product_cat-koerad","7":"product_cat-konservid-koertele","8":"pa_brand-carnilove","9":"pa_ean-289","10":"pa_kaal-0-400","11":"pa_tootjariik-tsehhi","13":"first","14":"instock","15":"taxable","16":"shipping-taxable","17":"purchasable","18":"product-type-simple"},"_links":{"self":[{"href":"https:\/\/kasskoer.ee\/en\/wp-json\/wp\/v2\/product\/17019","targetHints":{"allow":["GET"]}}],"collection":[{"href":"https:\/\/kasskoer.ee\/en\/wp-json\/wp\/v2\/product"}],"about":[{"href":"https:\/\/kasskoer.ee\/en\/wp-json\/wp\/v2\/types\/product"}],"wp:featuredmedia":[{"embeddable":true,"href":"https:\/\/kasskoer.ee\/en\/wp-json\/wp\/v2\/media\/6585"}],"wp:attachment":[{"href":"https:\/\/kasskoer.ee\/en\/wp-json\/wp\/v2\/media?parent=17019"}],"wp:term":[{"taxonomy":"product_cat","embeddable":true,"href":"https:\/\/kasskoer.ee\/en\/wp-json\/wp\/v2\/product_cat?post=17019"},{"taxonomy":"product_tag","embeddable":true,"href":"https:\/\/kasskoer.ee\/en\/wp-json\/wp\/v2\/product_tag?post=17019"}],"curies":[{"name":"wp","href":"https:\/\/api.w.org\/{rel}","templated":true}]}}