{"id":17022,"date":"2026-04-20T03:15:39","date_gmt":"2026-04-20T00:15:39","guid":{"rendered":"https:\/\/kasskoer.ee\/product\/canvit-chondro-maxi-toidulisand-koertele-500g-2\/"},"modified":"2026-04-20T03:15:42","modified_gmt":"2026-04-20T00:15:42","slug":"canvit-chondro-maxi-toidulisand-koertele-500g","status":"publish","type":"product","link":"https:\/\/kasskoer.ee\/en\/toode\/canvit-chondro-maxi-toidulisand-koertele-500g\/","title":{"rendered":"Canvit Chondro Maxi toidulisand koertele 500g"},"content":{"rendered":"<p>Canvit Chondro Maxi toidulisand on suurep\u00e4rane allikas k\u00f5hrede ja sidemete taastamiseks ja kaitsmiseks ning liigeste liikuvuse parandamiseks.&#13;<\/p>\n<li>T\u00e4isv\u00e4\u00e4rtuslik toidulisand vastupandamatu maitsega. <\/li>\n<p>&#13;<\/p>\n<li>Ideaalne toidulisand liikumisraskuste ennetamiseks. <\/li>\n<p>&#13;<\/p>\n<li>Sisaldab gl\u00fckoosamiini ja kondroitiini, mis on vajalikud k\u00f5hrede kasvu jaoks. <\/li>\n<p>&#13;<\/p>\n<li>Sisaldab C-vitamiini ja kollageeni, mis on vajalikud tugevate k\u00f5\u00f5luste ja sidemete jaoks.<\/li>\n<p>&#13;<br \/>\n&#13;<br \/>\n<br \/><b>Soovitatav p\u00e4evane annus<\/b><br \/>&#13;<br \/>\n0,5 tabletti 10kg kehakaalu kohta noortele koertele.&#13;<br \/>\n1-1,5 tabletti 10kg kehakaalu kohta f\u00fc\u00fcsiliselt aktiivsetele ja vanematele koertele.&#13;<br \/>\n<br \/>&#13;<br \/>\n<br \/><b>Juhised<\/b><br \/>&#13;<br \/>\nS\u00f6\u00f6da tablette otse k\u00e4est v\u00f5i purustatud toidu sisse 8-10 n\u00e4dalat.&#13;<br \/>\nKuuri v\u00f5ib korrata uuesti kolme kuu m\u00f6\u00f6dudes.&#13;<br \/>\n<br \/>&#13;<br \/>\n<br \/><b>Koostis<\/b><br \/>&#13;<br \/>\nKuiv laktoos, h\u00fcdrol\u00fc\u00fcsitud kollageen 10%, kuiv \u00f5llep\u00e4rm, nisut\u00e4rklis, gl\u00fckoosamiinsulfaat 7,0%, kondroitiinsulfaat 4,2%, kaltsiumdivesinikfosfaat, kanajahu, mageesiumkelaat 0,17%, magneesiumoksiid.<br \/>&#13;<br \/>\n<br \/><b>Anal\u00fc\u00fctilised koostisosad<\/b><br \/>&#13;<br \/>\nToorvalk 20,5%, toor\u00f5lid ja -rasvad 2%, toorkiud 7%, toortuhk 15%, magneesium 0,35%.<br \/>&#13;<br \/>\n<br \/>&#13;<br \/>\n<b>Toitainelised lisandid 1 kg kohta<\/b><br \/>&#13;<br \/>\nVitamiin E (\u03b1-tokoferoolatsetaat) (3a700) 3500 mg, vitamiin C (E300) 7000 mg, biotiin 100 mg, nikotiinamiid (3a315) 1500 mg, mangaan (E5, aminohappeh\u00fcdraat mangaan-helaati) 260 mg, seleen (3b8.11 Saccharomyces cerevisiae saadud orgaaniline seleen NCYC R397) 2 mg. Sisaldab antioks\u00fcdante.<br \/>&#13;<br \/>\n<br \/><b>Pakend<\/b><br \/>&#13;<br \/>\n500 g (167 tabletti)<\/p>\n","protected":false},"excerpt":{"rendered":"<p>Canvit toidulisandid koertele liigeste tugevdamiseks ja liikuvuse parandamiseks. Sobilik 25kg ja enam kaaluvatele koertele.<\/p>\n","protected":false},"featured_media":13918,"template":"","meta":[],"product_cat":[1318,688],"product_tag":[],"class_list":{"0":"post-17022","1":"product","2":"type-product","3":"status-publish","4":"has-post-thumbnail","6":"product_cat-koerte-toidulisandid","7":"product_cat-koerad","8":"pa_brand-canvit","9":"pa_ean-1634","10":"pa_kaal-0-500","11":"pa_tootjariik-tsehhi","13":"first","14":"instock","15":"taxable","16":"shipping-taxable","17":"purchasable","18":"product-type-simple"},"_links":{"self":[{"href":"https:\/\/kasskoer.ee\/en\/wp-json\/wp\/v2\/product\/17022","targetHints":{"allow":["GET"]}}],"collection":[{"href":"https:\/\/kasskoer.ee\/en\/wp-json\/wp\/v2\/product"}],"about":[{"href":"https:\/\/kasskoer.ee\/en\/wp-json\/wp\/v2\/types\/product"}],"wp:featuredmedia":[{"embeddable":true,"href":"https:\/\/kasskoer.ee\/en\/wp-json\/wp\/v2\/media\/13918"}],"wp:attachment":[{"href":"https:\/\/kasskoer.ee\/en\/wp-json\/wp\/v2\/media?parent=17022"}],"wp:term":[{"taxonomy":"product_cat","embeddable":true,"href":"https:\/\/kasskoer.ee\/en\/wp-json\/wp\/v2\/product_cat?post=17022"},{"taxonomy":"product_tag","embeddable":true,"href":"https:\/\/kasskoer.ee\/en\/wp-json\/wp\/v2\/product_tag?post=17022"}],"curies":[{"name":"wp","href":"https:\/\/api.w.org\/{rel}","templated":true}]}}