{"id":17023,"date":"2026-04-20T03:15:39","date_gmt":"2026-04-20T00:15:39","guid":{"rendered":"https:\/\/kasskoer.ee\/product\/carnilove-salmon-turkey-for-kittens-kassitoit-2-kg-2\/"},"modified":"2026-04-20T03:15:42","modified_gmt":"2026-04-20T00:15:42","slug":"carnilove-salmon-turkey-for-kittens-kassitoit-2-kg","status":"publish","type":"product","link":"https:\/\/kasskoer.ee\/en\/toode\/carnilove-salmon-turkey-for-kittens-kassitoit-2-kg\/","title":{"rendered":"Carnilove Salmon &#038; Turkey for Kittens kassitoit 2 kg"},"content":{"rendered":"<p><strong>Carni Love l\u00f5he ja kalkuniga kassitoit v\u00e4ikestele kassipoegadele<\/strong> <\/p>\n<ul>\n<li>Teravilja- ja kartuli vaba<\/li>\n<li>Skeleti, lihaste ja organismi kaitsev\u00f5ime tasakaaluka arengu tagamiseks<\/li>\n<\/ul>\n<p> <strong>Koostis<\/strong><br \/> L\u00f5heliha (25%), kalkuni liha (24%), kollane hernes (18%), kanarasv (s\u00e4ilitatud tokoferoolidega 11%), h\u00fcdrol\u00fc\u00fcsitud kanavalk (9%), kanamaks (3%), l\u00f5he\u00f5li (3%), tapiokit\u00e4rklis (2%), \u00f5unad (1%), porgandid (1%), linaseemned (1%), kikerherned (1%), h\u00fcdrol\u00fc\u00fcsitud koorikloomade koorik( gl\u00fckoosamiini allikas 0,028%), k\u00f5hre ekstrakt (kondroitiiniallikas 0,017%), \u00f5llep\u00e4rm (mannooligosahhariidi allikas 0,017%), sigur (fruktooligosahhariidiallikas 0,014%), t\u00e4\u00e4kliilia (0,01%), vetikad (0,01%), ps\u00fclleum(0,01%), t\u00fc\u00fcmian (0,01%), rosmariin (0,01%), oregaano (0,01%), j\u00f5hvikad (0,0008%), mustikad (0,0008%), vaarikas (0,0008%).<\/p>\n<p> <strong>Vitamiinid 1kg kohta<\/strong><br \/> A 25000IU, D3 1000IU, E 750IU, vitamiin C 350mg, tauriin 2500mg, kolinkloriid 2300mg, L-karnitiin 70mg, niatsiin 50mg, biotiin 2,0mg, tsink 160 mg, mangaan 60mg, raud 50mg,vask 12mg, jood 4,0mg, seleen 0,25mg, DL-metioniin 15mg, arginiin 13mg, L-l\u00fcsiin 11mg.<\/p>\n<p> <strong>Anal\u00fc\u00fctiline koostis<\/strong><br \/> Toorvalk 40,0%, rasv 20,0%, toortuhk 7,5%, toorkiud 2,0%, niiskus 10,0%, kaltsium 1,3%, fosfor 1,0%, kaalium 0,5%, magneesium 0,08%.<\/p>\n<p> <strong>Metaboliseeruv energia<\/strong><br \/> 4150 kcal\/kg<\/p>\n<p> <strong>Soovituslik p\u00e4evane kogus<\/strong> <\/p>\n<table>\n<tbody>\n<tr>\n<td width=\"126\">Kassi kaal (kg)<\/td>\n<td width=\"126\">1-4<\/td>\n<td width=\"126\">4-7<\/td>\n<td width=\"126\">7-12<\/td>\n<\/tr>\n<tr>\n<td width=\"126\">P\u00e4evane kogus (g)<\/td>\n<td width=\"126\">25-45<\/td>\n<td width=\"126\">45-60<\/td>\n<td width=\"126\">60-100<\/td>\n<\/tr>\n<\/tbody>\n<\/table>\n","protected":false},"excerpt":{"rendered":"<p>Teravilja &#8211; ja kartulivaba t\u00e4istoit kassipoegadele.<\/p>\n","protected":false},"featured_media":6588,"template":"","meta":[],"product_cat":[689,75],"product_tag":[],"class_list":{"0":"post-17023","1":"product","2":"type-product","3":"status-publish","4":"has-post-thumbnail","6":"product_cat-kassid","7":"product_cat-kassitoit","8":"pa_brand-carnilove","9":"pa_ean-291","10":"pa_kaal-2-000","11":"pa_tootjariik-tsehhi","13":"first","14":"instock","15":"taxable","16":"shipping-taxable","17":"purchasable","18":"product-type-simple"},"_links":{"self":[{"href":"https:\/\/kasskoer.ee\/en\/wp-json\/wp\/v2\/product\/17023","targetHints":{"allow":["GET"]}}],"collection":[{"href":"https:\/\/kasskoer.ee\/en\/wp-json\/wp\/v2\/product"}],"about":[{"href":"https:\/\/kasskoer.ee\/en\/wp-json\/wp\/v2\/types\/product"}],"wp:featuredmedia":[{"embeddable":true,"href":"https:\/\/kasskoer.ee\/en\/wp-json\/wp\/v2\/media\/6588"}],"wp:attachment":[{"href":"https:\/\/kasskoer.ee\/en\/wp-json\/wp\/v2\/media?parent=17023"}],"wp:term":[{"taxonomy":"product_cat","embeddable":true,"href":"https:\/\/kasskoer.ee\/en\/wp-json\/wp\/v2\/product_cat?post=17023"},{"taxonomy":"product_tag","embeddable":true,"href":"https:\/\/kasskoer.ee\/en\/wp-json\/wp\/v2\/product_tag?post=17023"}],"curies":[{"name":"wp","href":"https:\/\/api.w.org\/{rel}","templated":true}]}}