{"id":17028,"date":"2026-04-20T03:15:42","date_gmt":"2026-04-20T00:15:42","guid":{"rendered":"https:\/\/kasskoer.ee\/product\/carnilove-lamb-wild-boar-for-sterilised-kassitoit-2-kg-2\/"},"modified":"2026-04-20T03:15:42","modified_gmt":"2026-04-20T00:15:42","slug":"carnilove-lamb-wild-boar-for-sterilised-kassitoit-2-kg","status":"publish","type":"product","link":"https:\/\/kasskoer.ee\/en\/toode\/carnilove-lamb-wild-boar-for-sterilised-kassitoit-2-kg\/","title":{"rendered":"Carnilove Lamb &#038; Wild Boar for Sterilised kassitoit 2 kg"},"content":{"rendered":"<p><b>Carnilove lamba ja metsseaga t\u00e4iss\u00f6\u00f6t t\u00e4iskasvanud steriliseeritud kassidele.<\/b>&#13;<\/p>\n<li>S\u00e4ilitamaks kuseteede korrasolekut<\/li>\n<p>&#13;<\/p>\n<li>Lammas ja metssiga on k\u00f5rgelt seeditavad dieettvalgud, mis sobivad suurep\u00e4raselt ideaalse f\u00fc\u00fcsilise seisundi s\u00e4ilitamiseks steriliseeritud kassidel.<\/li>\n<p>&#13;<\/p>\n<li>Piisav kogus mineraale toetab \u00f5iget neeru- ja kuseteede tegevust.<\/li>\n<p>&#13;<br \/>\n<br \/>&#13;<br \/>\n<b>Koostis<\/b><br \/>&#13;<br \/>\nMetssea lihajahu (35%), vabapidamisel lamba lihajahu (24%), kollased herned (19%), kanarasv (s\u00e4ilitatud tokoferoolidega, 6%), \u00f5unad (4%), kanamaks (3%), tapiokit\u00e4rklis (3%), l\u00f5he\u00f5li (2%), porgandid (1%), linaseemned (1%), kikerherned (1%), h\u00fcdrol\u00fc\u00fcsitud koorikloomade kestad (gl\u00fckoosamiini allikas, 0,026%), k\u00f5hreekstrakt (kondroitiini allikas, 0,016%), \u00f5llep\u00e4rm (mannan-oligosahhariidide allikas, 0,016%), sigurijuur (frukto-oligosahhariidide allikas, 0,012%), t\u00e4\u00e4kliilia (Yucca schidigera) (0,01%), vetikad (0,01%), ps\u00fcllium (0,01%), t\u00fc\u00fcmian (0,01%), rosmariin (0,01%), pune (0,01%), j\u00f5hvikad (0,0008%), mustikad (0,0008%), vaarikad (0,0008%).<br \/>&#13;<br \/>\n<br \/>&#13;<br \/>\n<b>Anal\u00fc\u00fctiline koostis<\/b><br \/>&#13;<br \/>\nToorvalk 39,0%, toorrasv 14,0%, toorkiud 4,0%, toortuhk 7,8%, niiskus 10,0%, kaltsium 0,8%, fosfor 0,7%, naatrium 0,9%, magneesium 0,04%, oomega-3 0,25%, oomega-6 2,30%.<br \/>&#13;<br \/>\n<br \/>&#13;<br \/>\n<b>S\u00f6\u00f6dalisandid (1 kg kohta)<\/b><br \/>&#13;<br \/>\nToitainelised lisandid: A-vitamiin (E672) 23 000 R\u00dc, D3-vitamiin (E671) 940 R\u00dc, E-vitamiin (3a700) 650 R\u00dc, C-vitamiin (E300) 300 mg, tauriin 2 400 mg, koliinkloriid 2 200 mg, L-karnitiin 65 mg, niatsiin 45 mg, biotiin 1,8 mg, tsink (E6) 150 mg, mangaan (E5) 55 mg, raud (E1) 48 mg, vask (E4) 11 mg, jood (E2) 3,8 mg, seleen (E8) 0,23 mg, DL-metioniin (3.1.1.) 14 mg, arginiin (3c3.6.1) 12 mg, L-l\u00fcsiin (3.2.3.) 10 mg.<br \/>&#13;<br \/>\n<br \/>&#13;<br \/>\n<b>Metaboliseeruv energia<\/b><br \/>&#13;<br \/>\n3690 kcal\/kg<br \/>&#13;<br \/>\n<br \/>&#13;<br \/>\n<b>P\u00e4evane soovituslik kogus<\/b><br \/>&#13;<\/p>\n<table>\n<tbody>\n<tr>\n<td width=\"186\">Kassi kaal (kg)<\/td>\n<td width=\"186\">2-3<\/td>\n<td width=\"186\">3-5<\/td>\n<td width=\"186\">5-7<\/td>\n<td width=\"186\">7-9<\/td>\n<\/tr>\n<tr>\n<td width=\"186\">P\u00e4evane kogus (g)<\/td>\n<td width=\"186\">40-55<\/td>\n<td width=\"186\">55-70<\/td>\n<td width=\"186\">75-85<\/td>\n<td width=\"186\">85-105<\/td>\n<\/tr>\n<\/tbody>\n<\/table>\n","protected":false},"excerpt":{"rendered":"<p>Teravilja- ja kartulivaba t\u00e4istoit t\u00e4iskasvanud steriliseeritud kassidele lamba- ja metssealihaga.<\/p>\n","protected":false},"featured_media":6593,"template":"","meta":[],"product_cat":[689,75],"product_tag":[],"class_list":{"0":"post-17028","1":"product","2":"type-product","3":"status-publish","4":"has-post-thumbnail","6":"product_cat-kassid","7":"product_cat-kassitoit","8":"pa_brand-carnilove","9":"pa_ean-277","10":"pa_kaal-2-000","11":"pa_tootjariik-tsehhi","13":"first","14":"instock","15":"taxable","16":"shipping-taxable","17":"purchasable","18":"product-type-simple"},"_links":{"self":[{"href":"https:\/\/kasskoer.ee\/en\/wp-json\/wp\/v2\/product\/17028","targetHints":{"allow":["GET"]}}],"collection":[{"href":"https:\/\/kasskoer.ee\/en\/wp-json\/wp\/v2\/product"}],"about":[{"href":"https:\/\/kasskoer.ee\/en\/wp-json\/wp\/v2\/types\/product"}],"wp:featuredmedia":[{"embeddable":true,"href":"https:\/\/kasskoer.ee\/en\/wp-json\/wp\/v2\/media\/6593"}],"wp:attachment":[{"href":"https:\/\/kasskoer.ee\/en\/wp-json\/wp\/v2\/media?parent=17028"}],"wp:term":[{"taxonomy":"product_cat","embeddable":true,"href":"https:\/\/kasskoer.ee\/en\/wp-json\/wp\/v2\/product_cat?post=17028"},{"taxonomy":"product_tag","embeddable":true,"href":"https:\/\/kasskoer.ee\/en\/wp-json\/wp\/v2\/product_tag?post=17028"}],"curies":[{"name":"wp","href":"https:\/\/api.w.org\/{rel}","templated":true}]}}