{"id":17032,"date":"2026-04-20T03:15:42","date_gmt":"2026-04-20T00:15:42","guid":{"rendered":"https:\/\/kasskoer.ee\/product\/carnilove-duck-pheasant-for-adult-kassitoit-2-kg-2\/"},"modified":"2026-04-20T03:15:43","modified_gmt":"2026-04-20T00:15:43","slug":"carnilove-duck-pheasant-for-adult-kassitoit-2-kg","status":"publish","type":"product","link":"https:\/\/kasskoer.ee\/en\/toode\/carnilove-duck-pheasant-for-adult-kassitoit-2-kg\/","title":{"rendered":"Carnilove Duck &#038; Pheasant for Adult kassitoit 2 kg"},"content":{"rendered":"<p><b>Carnilove pardi ja faasaniga t\u00e4iss\u00f6\u00f6t t\u00e4iskasvanud kassidele.<\/b>&#13;<\/p>\n<li>Rikastatud peedist saadavate kiududega, mis soodustab karvapallida v\u00e4ljutamist organismist.<\/li>\n<p>&#13;<\/p>\n<li>Maitseb h\u00e4sti ja kerge seedida.<\/li>\n<p>&#13;<\/p>\n<li>Vajalik kogus mineraalde toetab \u00f5iget neeru- ja kuseteede tegevust.<\/li>\n<p>&#13;<br \/>\n<br \/>&#13;<br \/>\n<b>Koostis<\/b><br \/>&#13;<br \/>\nPardijahu (34%), faasanijahu (25%), kollased herned (12%), kanarasv (s\u00e4ilitatud tokoferoolidega, 6%), peedimass (5%), konditustatud part (5%), kanamaks (3%), tapiokit\u00e4rklis (2%), \u00f5unad (2%), l\u00f5he\u00f5li (2%), porgandid (1%), linaseemned (1%), kikerherned (1%), h\u00fcdrol\u00fc\u00fcsitud koorikloomade kestad (gl\u00fckoosamiini allikas, 0,026%), k\u00f5hreekstrakt (kondroitiini allikas, 0,016%), \u00f5llep\u00e4rm (mannan-oligosahhariidide allikas, 0,016%), sigurijuur (frukto-oligosahhariidide allikas, 0,012%), t\u00e4\u00e4kliilia (Yucca schidigera) (0,01%), vetikad (0,01%), ps\u00fcllium (0,01%), t\u00fc\u00fcmian (0,01%), rosmariin (0,01%), pune (0,01%), j\u00f5hvikad (0,0008%), mustikad (0,0008%), vaarikad (0,0008%).<br \/>&#13;<br \/>\n<br \/>&#13;<br \/>\n<b>S\u00f6\u00f6dalisandid (1 kg kohta)<\/b><br \/>&#13;<br \/>\nToitainelised lisandid: A-vitamiin (E672) 23 000 R\u00dc, D3-vitamiin (E671) 940 R\u00dc, E-vitamiin (3a700) 650 R\u00dc, C-vitamiin (E300) 300 mg, tauriin 2 400 mg, koliinkloriid 2 200 mg, L-karnitiin 65 mg, niatsiin 45 mg, biotiin 1,8 mg, tsink (E6) 150 mg, mangaan (E5) 55 mg, raud (E1) 48 mg, vask (E4) 11 mg, jood (E2) 3,8 mg, seleen (E8) 0,23 mg, DL-metioniin (3.1.1.) 14 mg, arginiin (3c3.6.1) 12 mg, L-l\u00fcsiin (3.2.3.) 10 mg.<br \/>&#13;<br \/>\n<br \/>&#13;<br \/>\n<b>Anal\u00fc\u00fctiline koostis<\/b><br \/>&#13;<br \/>\ntoorvalk 40,0%, toorrasv 18,0%, toorkiud 5,0%, toortuhk 7,8%, niiskus 10,0%, kaltsium 1,4%, fosfor 1,1%, naatrium 0,3%, magneesium 0,08%, oomega-3 0,33%, oomega-6 2,28%.<br \/>&#13;<br \/>\n<br \/>&#13;<br \/>\n<b>Metaboliseeruv energia<\/b><br \/>&#13;<br \/>\n3800 kcal\/kg<br \/>&#13;<br \/>\n<br \/>&#13;<br \/>\n<b>Soovituslik p\u00e4evane kogus<\/b><br \/>&#13;<\/p>\n<table>\n<tbody>\n<tr>\n<td width=\"142\">Kassi kaal (kg)<\/td>\n<td width=\"142\">2-3<\/td>\n<td width=\"142\">3-5<\/td>\n<td width=\"142\">5-7<\/td>\n<td width=\"142\">7-9<\/td>\n<\/tr>\n<tr>\n<td width=\"142\">P\u00e4evane kogus (g)<\/td>\n<td width=\"142\">40-45<\/td>\n<td width=\"142\">55-75<\/td>\n<td width=\"142\">75-85<\/td>\n<td width=\"142\">85-100<\/td>\n<\/tr>\n<\/tbody>\n<\/table>\n","protected":false},"excerpt":{"rendered":"<p>Teravilja &#8211; ja kartulivaba t\u00e4istoit t\u00e4iskasvanud kassidele, stimuleerib karvade v\u00e4ljutamist organismist.<\/p>\n","protected":false},"featured_media":6597,"template":"","meta":[],"product_cat":[689,75],"product_tag":[],"class_list":{"0":"post-17032","1":"product","2":"type-product","3":"status-publish","4":"has-post-thumbnail","6":"product_cat-kassid","7":"product_cat-kassitoit","8":"pa_brand-carnilove","9":"pa_ean-255","10":"pa_kaal-2-000","11":"pa_tootjariik-tsehhi","13":"first","14":"instock","15":"taxable","16":"shipping-taxable","17":"purchasable","18":"product-type-simple"},"_links":{"self":[{"href":"https:\/\/kasskoer.ee\/en\/wp-json\/wp\/v2\/product\/17032","targetHints":{"allow":["GET"]}}],"collection":[{"href":"https:\/\/kasskoer.ee\/en\/wp-json\/wp\/v2\/product"}],"about":[{"href":"https:\/\/kasskoer.ee\/en\/wp-json\/wp\/v2\/types\/product"}],"wp:featuredmedia":[{"embeddable":true,"href":"https:\/\/kasskoer.ee\/en\/wp-json\/wp\/v2\/media\/6597"}],"wp:attachment":[{"href":"https:\/\/kasskoer.ee\/en\/wp-json\/wp\/v2\/media?parent=17032"}],"wp:term":[{"taxonomy":"product_cat","embeddable":true,"href":"https:\/\/kasskoer.ee\/en\/wp-json\/wp\/v2\/product_cat?post=17032"},{"taxonomy":"product_tag","embeddable":true,"href":"https:\/\/kasskoer.ee\/en\/wp-json\/wp\/v2\/product_tag?post=17032"}],"curies":[{"name":"wp","href":"https:\/\/api.w.org\/{rel}","templated":true}]}}