{"id":17033,"date":"2026-04-20T03:15:42","date_gmt":"2026-04-20T00:15:42","guid":{"rendered":"https:\/\/kasskoer.ee\/product\/brit-animals-ferret-taissoot-tuhkrutele-700g-2\/"},"modified":"2026-04-20T03:15:43","modified_gmt":"2026-04-20T00:15:43","slug":"brit-animals-ferret-taissoot-tuhkrutele-700g","status":"publish","type":"product","link":"https:\/\/kasskoer.ee\/en\/toode\/brit-animals-ferret-taissoot-tuhkrutele-700g\/","title":{"rendered":"Brit Animals Ferret t\u00e4iss\u00f6\u00f6t tuhkrutele 700g"},"content":{"rendered":"<p><b>Brit Animals Ferret superpremium-t\u00e4iss\u00f6\u00f6t tuhkrutele.<\/b>&#13;<\/p>\n<li>Mitmek\u00fclgne toit, millele on lisatud olulisi vitamiine ja toitaineid.<\/li>\n<p>&#13;<\/p>\n<li>Sisaldab tauriini terve s\u00fcdame jaoks.<\/li>\n<p>&#13;<\/p>\n<li>Sisaldab naatriumpol\u00fcfosfaati, mis ennetab hambakatu ja -kivi teket.<\/li>\n<p>&#13;<\/p>\n<li>Sisaldab t\u00e4\u00e4kliilia ekstrakti, mis soodustab ainevahetust.<\/li>\n<p>&#13;<br \/>\n<br \/>&#13;<br \/>\n<b>Koostis<\/b><br \/>&#13;<br \/>\nKanaliha jahu 26%, konditustatud kana 15%, kuivatatud herned, kuivatatud kartulid, kanarasv (s\u00e4ilitatud segatud tokoferoolidega) 10%, kuivatatud munad 8%, konditustatud l\u00f5he 6%, kanamaks 3%, l\u00f5he\u00f5li 2%, kuivatatud \u00f5unad, porgand, \u00f5llep\u00e4rm, Yucca schidigera ekstrakt (150 mg\/kg), mannan-oligosahhariidid (120 mg\/kg), frukto-oligosahhariidid (80 mg\/kg).<br \/>&#13;<br \/>\n<br \/>&#13;<br \/>\n<b>Anal\u00fc\u00fctilised koostisosad<\/b><br \/>&#13;<br \/>\nToorvalk 40,0%, toorrasv 22,0%, toorkiud 2,0%, toortuhk 6,8%, niiskus 10,0%, kaltsium 1,0%, fosfor 0,8%, naatrium 0,25%.<br \/>&#13;<br \/>\n<br \/>&#13;<br \/>\n<b>S\u00f6\u00f6dalisandid (kg kohta)<\/b><br \/>&#13;<br \/>\nToitainelised lisandid: vitamiin A 24 000 R\u00dc, vitamiin D3 1 500 R\u00dc, vitamiin E (\u03b1-tokoferool) 300 mg, vitamiin C 50 mg, vitamiin K 0,1 mg, vitamiin B1 1 mg, vitamiin B2 3 mg, vitamiin B3 12 mg, vitamiin B5 6 mg, vitamiin B6 1 mg, vitamiin B9 0,2 mg, vitamiin B12 0,04 mg, biotiin 0,7 mg, koliinkloriid 600 mg, tauriin 2 200 mg, DL-metioniin 10 mg, tsink 110 mg, raud 70 mg, mangaan 80 mg, vask 10 mg, jood 2 mg, seleen 0,25 mg, naatriumheksametafosfaat 500 mg.<br \/>&#13;<br \/>\n<br \/>&#13;<br \/>\n<b>Metaboliseeruv energia<\/b><br \/>&#13;<br \/>\n4150 kcal\/kg<\/p>\n","protected":false},"excerpt":{"rendered":"<p>Brit Animals t\u00e4iss\u00f6\u00f6t tuhkrutele.<\/p>\n","protected":false},"featured_media":6598,"template":"","meta":[],"product_cat":[693,3078,52],"product_tag":[],"class_list":{"0":"post-17033","1":"product","2":"type-product","3":"status-publish","4":"has-post-thumbnail","6":"product_cat-muud-loomad","7":"product_cat-narilised","8":"product_cat-nariliste-toit","9":"pa_brand-brit-animals","10":"pa_ean-54","11":"pa_kaal-0-700","12":"pa_tootjariik-tsehhi","14":"first","15":"instock","16":"taxable","17":"shipping-taxable","18":"purchasable","19":"product-type-simple"},"_links":{"self":[{"href":"https:\/\/kasskoer.ee\/en\/wp-json\/wp\/v2\/product\/17033","targetHints":{"allow":["GET"]}}],"collection":[{"href":"https:\/\/kasskoer.ee\/en\/wp-json\/wp\/v2\/product"}],"about":[{"href":"https:\/\/kasskoer.ee\/en\/wp-json\/wp\/v2\/types\/product"}],"wp:featuredmedia":[{"embeddable":true,"href":"https:\/\/kasskoer.ee\/en\/wp-json\/wp\/v2\/media\/6598"}],"wp:attachment":[{"href":"https:\/\/kasskoer.ee\/en\/wp-json\/wp\/v2\/media?parent=17033"}],"wp:term":[{"taxonomy":"product_cat","embeddable":true,"href":"https:\/\/kasskoer.ee\/en\/wp-json\/wp\/v2\/product_cat?post=17033"},{"taxonomy":"product_tag","embeddable":true,"href":"https:\/\/kasskoer.ee\/en\/wp-json\/wp\/v2\/product_tag?post=17033"}],"curies":[{"name":"wp","href":"https:\/\/api.w.org\/{rel}","templated":true}]}}