{"id":17035,"date":"2026-04-20T03:15:42","date_gmt":"2026-04-20T00:15:42","guid":{"rendered":"https:\/\/kasskoer.ee\/product\/carnilove-salmon-turkey-for-puppies-koeratoit-15-kg-2\/"},"modified":"2026-04-20T03:15:43","modified_gmt":"2026-04-20T00:15:43","slug":"carnilove-salmon-turkey-for-puppies-koeratoit-15-kg","status":"publish","type":"product","link":"https:\/\/kasskoer.ee\/en\/toode\/carnilove-salmon-turkey-for-puppies-koeratoit-15-kg\/","title":{"rendered":"Carnilove Salmon &#038; Turkey for Puppies koeratoit 1,5 kg"},"content":{"rendered":"<p><strong>Carni Love L\u00f5he &amp; Kalkun teravilja- ja kartulivaba t\u00e4istoit kutsikatele (1-12 kuud)<\/strong> <\/p>\n<ul>\n<li>Retseptuuri koostamisel on aluseks v\u00f5etud koerte geneetiliste esivanemate, huntide toitumisharjumusi.<\/li>\n<li>L\u00f5he on suurep\u00e4rane v\u00e4ga k\u00f5rge seeduvusega valgu allikas ning sisaldab samuti k\u00fcllastamata omega 3 rasvhappeid millel on positiivne m\u00f5ju vaimsele arengule, s\u00fcdame-veresoonkonna s\u00fcsteemile ja ainevahetusele (alandavad veresuhkru taset).<\/li>\n<li>Avaldab positiivset m\u00f5ju naha tervisele ja karvkatte kvaliteedile.<\/li>\n<li>Kalkun on k\u00f5rge seeduvusega valgu allikas ning sisaldab suurel hulgal mikroelemente ja vitamiine nagu tsink vitamiin B3 ja B6 mis on h\u00e4davajalikud ajut\u00f6\u00f6 tagamiseks, hea lihastoonuse saavutamiseks ja normaalseks kasvuks.<\/li>\n<\/ul>\n<p> <strong>Koostis<\/strong><br \/> L\u00f5heliha (25%), kalkuni liha (20%), kollane hernes (19%), kanarasv (s\u00e4ilitatud tokoferoolidega 10%), konditustatud l\u00f5heliha (5%), h\u00fcdrol\u00fc\u00fcsitud kanavalk (5%), tapiokit\u00e4rklis (5%), kanamaks (3%), \u00f5unad (2%), l\u00f5he\u00f5li (2%), porgandid (1%), linaseemned (1%), kikerherned (1%), h\u00fcdrol\u00fc\u00fcsitud koorikloomade koorik (gl\u00fckoosamiini allikas 0,031%), k\u00f5hre ekstrakt (kondroitiini allikas 0,019%), \u00f5llep\u00e4rm (mannooligosahhariidi allikas 0,018%), sigur (fruktooligosahhariidiallikas 0,012%), t\u00e4\u00e4kliilia (0,011%), vetikad (0,01%), ps\u00fclleum(0,01%), t\u00fc\u00fcmian (0,01%), rosmariin(0,01%), oregaano (0,01%), j\u00f5hvikad (0,0008%), mustikad (0,0008%), vaarikas (0,0008%).<\/p>\n<p> <strong>Vitamiinid 1kg kohta<\/strong><br \/> A 24000IU,D3 1600IU,E 500mg, tsink 100 mg, raud 85mg, magneesium 40mg, jood 0,75mg, vask 18mg, seleen 0,28mg.<\/p>\n<p> <strong>Anal\u00fc\u00fctiline koostis<\/strong><br \/> Toorvalk 38,0%, rasv 20,0%, toortuhk 7,9%, toorkiud 2,5%, niiskus 10,0%, kaltsium 1,4%, fosfor 1,1%.<\/p>\n<p> <strong>Metaboliseeruv energia <\/strong><br \/> 4100 kcal\/kg &nbsp;<\/p>\n","protected":false},"excerpt":{"rendered":"<p>Teravilja &#8211; ja kartulivaba t\u00e4istoit kutsikatele.<\/p>\n","protected":false},"featured_media":6600,"template":"","meta":[],"product_cat":[688,64],"product_tag":[],"class_list":{"0":"post-17035","1":"product","2":"type-product","3":"status-publish","4":"has-post-thumbnail","6":"product_cat-koerad","7":"product_cat-koeratoit","8":"pa_brand-carnilove","9":"pa_ean-297","10":"pa_kaal-1-500","11":"pa_tootjariik-tsehhi","13":"first","14":"instock","15":"taxable","16":"shipping-taxable","17":"purchasable","18":"product-type-simple"},"_links":{"self":[{"href":"https:\/\/kasskoer.ee\/en\/wp-json\/wp\/v2\/product\/17035","targetHints":{"allow":["GET"]}}],"collection":[{"href":"https:\/\/kasskoer.ee\/en\/wp-json\/wp\/v2\/product"}],"about":[{"href":"https:\/\/kasskoer.ee\/en\/wp-json\/wp\/v2\/types\/product"}],"wp:featuredmedia":[{"embeddable":true,"href":"https:\/\/kasskoer.ee\/en\/wp-json\/wp\/v2\/media\/6600"}],"wp:attachment":[{"href":"https:\/\/kasskoer.ee\/en\/wp-json\/wp\/v2\/media?parent=17035"}],"wp:term":[{"taxonomy":"product_cat","embeddable":true,"href":"https:\/\/kasskoer.ee\/en\/wp-json\/wp\/v2\/product_cat?post=17035"},{"taxonomy":"product_tag","embeddable":true,"href":"https:\/\/kasskoer.ee\/en\/wp-json\/wp\/v2\/product_tag?post=17035"}],"curies":[{"name":"wp","href":"https:\/\/api.w.org\/{rel}","templated":true}]}}