{"id":17037,"date":"2026-04-20T03:15:42","date_gmt":"2026-04-20T00:15:42","guid":{"rendered":"https:\/\/kasskoer.ee\/product\/sams-field-natural-snack-mobility-koeramaius-200g-2\/"},"modified":"2026-04-20T03:15:43","modified_gmt":"2026-04-20T00:15:43","slug":"sams-field-natural-snack-mobility-koeramaius-200g","status":"publish","type":"product","link":"https:\/\/kasskoer.ee\/en\/toode\/sams-field-natural-snack-mobility-koeramaius-200g\/","title":{"rendered":"Sam&#8217;s Field Natural Snack Mobility koeramaius 200g"},"content":{"rendered":"<p><b>Koeramaius koera liikuvuse toetamiseks.<\/b><br \/>&#13;<br \/>\n<br \/>&#13;<br \/>\n<b>Koostis<\/b><br \/>&#13;<br \/>\nRiis, kana, gl\u00fckoosisiirup, l\u00f5he\u00f5li, kollageen, looduslikud maitseained, kuivatatud kassi k\u00fc\u00fcnis (Uncaria tomentosa, 500 mg \/ kg), gl\u00fckoosamiinsulfaat (420 mg \/ kg), kondroitiinsulfaat (260 mg \/ kg), yucca schidigera ekstrakt (160 mg \/ kg).<br \/>&#13;<br \/>\n<br \/>&#13;<br \/>\n<b>Anal\u00fc\u00fctilised koostisosad<\/b><br \/>&#13;<br \/>\nToorvalk 15%, rasvasisaldus 8%, toorkiud 1,5%, toortuhk 3,5%, niiskus 17%.<\/p>\n","protected":false},"excerpt":{"rendered":"<p>Pehme koeramaius kana ja riisiga aktiivsetele koertele.<\/p>\n","protected":false},"featured_media":6602,"template":"","meta":[],"product_cat":[1210,688],"product_tag":[],"class_list":{"0":"post-17037","1":"product","2":"type-product","3":"status-publish","4":"has-post-thumbnail","6":"product_cat-koerte-maiused","7":"product_cat-koerad","8":"pa_brand-sams-field","9":"pa_ean-391","10":"pa_kaal-0-200","11":"pa_tootjariik-tsehhi","13":"first","14":"instock","15":"sale","16":"taxable","17":"shipping-taxable","18":"purchasable","19":"product-type-simple"},"_links":{"self":[{"href":"https:\/\/kasskoer.ee\/en\/wp-json\/wp\/v2\/product\/17037","targetHints":{"allow":["GET"]}}],"collection":[{"href":"https:\/\/kasskoer.ee\/en\/wp-json\/wp\/v2\/product"}],"about":[{"href":"https:\/\/kasskoer.ee\/en\/wp-json\/wp\/v2\/types\/product"}],"wp:featuredmedia":[{"embeddable":true,"href":"https:\/\/kasskoer.ee\/en\/wp-json\/wp\/v2\/media\/6602"}],"wp:attachment":[{"href":"https:\/\/kasskoer.ee\/en\/wp-json\/wp\/v2\/media?parent=17037"}],"wp:term":[{"taxonomy":"product_cat","embeddable":true,"href":"https:\/\/kasskoer.ee\/en\/wp-json\/wp\/v2\/product_cat?post=17037"},{"taxonomy":"product_tag","embeddable":true,"href":"https:\/\/kasskoer.ee\/en\/wp-json\/wp\/v2\/product_tag?post=17037"}],"curies":[{"name":"wp","href":"https:\/\/api.w.org\/{rel}","templated":true}]}}